{"id":716,"date":"2024-11-20T11:01:44","date_gmt":"2024-11-20T11:01:44","guid":{"rendered":"https:\/\/pearlswholesaler.com\/?post_type=product&#038;p=716"},"modified":"2025-07-27T12:20:39","modified_gmt":"2025-07-27T12:20:39","slug":"5-6mm-white-round-freshwater-pearl-necklace-47-inches-aaa-grade","status":"publish","type":"product","link":"https:\/\/www.pearlswholesaler.com\/it\/product\/5-6mm-white-round-freshwater-pearl-necklace-47-inches-aaa-grade\/","title":{"rendered":"Collana di perle di acqua dolce bianche rotonde da 5-6mm, 47 pollici, Grado A"},"content":{"rendered":"<p><span id=\"input-sentence~0\">Rifornisci le tue vetrine con un bestseller perenne: la nostra collana di perle d'acqua dolce bianche di qualit\u00e0 AAA, rotonde di 5-6 mm, finita in una lunghezza operistica ininterrotta di 47 pollici. Questo pezzo \u00e8 progettato per rivenditori di volume che richiedono buona lucentezza, affidabile uniformit\u00e0 e prezzi favorevoli ai margini in ogni spedizione.<\/span><\/p>\n<p><img loading=\"lazy\" decoding=\"async\" class=\"size-full wp-image-1828 aligncenter\" src=\"https:\/\/www.pearlswholesaler.com\/wp-content\/uploads\/2025\/01\/5-6-120cm.webp\" alt=\"Collana di perle di acqua dolce bianche rotonde da 5-6mm, 47 pollici, Grado A\" width=\"750\" height=\"1000\" title=\"\" srcset=\"https:\/\/www.pearlswholesaler.com\/wp-content\/uploads\/2025\/01\/5-6-120cm.webp 750w, https:\/\/www.pearlswholesaler.com\/wp-content\/uploads\/2025\/01\/5-6-120cm-225x300.webp 225w, https:\/\/www.pearlswholesaler.com\/wp-content\/uploads\/2025\/01\/5-6-120cm-600x800.webp 600w\" sizes=\"auto, (max-width: 750px) 100vw, 750px\" \/><\/p>\n<p><span id=\"input-sentence~1\"><strong>Qualit\u00e0 delle Perle<\/strong>: <\/span><span id=\"input-sentence~1\">Ogni perla \u00e8 selezionata a mano per attributi AAA\u2014buona lucentezza, poche imperfezioni superficiali e nacre spessa. Sotto un'illuminazione equivalente alla luce diurna di 5500 K, ogni perla mostra un brillante riflesso nitido che si fotografa splendidamente per l'e-commerce e le luci in negozio.<\/span><\/p>\n<p><span id=\"input-sentence~1\"><strong>Dimensione &amp; Forma: <\/strong>A 5-6 mm, le perle raggiungono il 'punto dolce' commerciale tra delicatezza e impatto visivo.<\/span><span id=\"input-sentence~2\"> Garantisce \u226595 % di rotondit\u00e0, affinch\u00e9 la collana rotoli dolcemente senza punti piatti\u2014critico per il visual merchandising di alta gamma.<\/span><\/p>\n<p><strong>Colore<\/strong>: Un bianco neutro con sottili riflessi rosa si abbina facilmente a chiusure in oro giallo, bianco o rosa, permettendoti di vendere a maggior prezzo i componenti intercambiabili. La tonalit\u00e0 rimane costante da lotto a lotto, eliminando i problemi di abbinamento colore comuni nelle qualit\u00e0 inferiori.<span id=\"aidr-input-non-human-chunk\"><\/span><span id=\"input-sentence~3\"><\/span><\/p>\n<p><strong>Lunghezza &amp; Costruzione: <\/strong>La massima versatilit\u00e0 di stile \u00e8 garantita dalla collana continua di 47 pollici, che i clienti possono sovrapporre con pezzi pi\u00f9 corti, annodare per un look da flapper o doppiare per un aspetto da 8 mm. Non \u00e8 necessario restringere la collana perch\u00e9 la seta \u00e8 gi\u00e0 tesa e doppiamente annodata tra ogni perla, pronta per una rivendita immediata.<\/p>\n<ul>\n<li>Imballaggio: Sacchetto in polietilene\/Custodia per gioielli\/Scatola per gioielli<\/li>\n<li>Tempi di consegna: 3-10 giorni lavorativi<\/li>\n<li>Spedizione: DHL\/Fedex\/UPS\/EMS<\/li>\n<li>Termini di pagamento: Bonifico bancario Paypal\/ Western Union\/Alipay\/TT;<\/li>\n<li>Termini di pagamento: EXW, FOB Shanghai; Il compratore \u00e8 responsabile delle spese di spedizione<\/li>\n<\/ul>","protected":false},"excerpt":{"rendered":"<ul>\n<li><strong>Qualit\u00e0 delle perle:<\/strong> Grado AAA<\/li>\n<li><strong>Dimensione:<\/strong> 5-6mm<\/li>\n<li><strong>Forma:<\/strong> Rotonda<\/li>\n<li><strong>Colore:<\/strong> Bianco<\/li>\n<li><strong>Lunghezza:<\/strong> 47 pollici<\/li>\n<\/ul>","protected":false},"featured_media":717,"template":"","meta":{"_kad_blocks_custom_css":"","_kad_blocks_head_custom_js":"","_kad_blocks_body_custom_js":"","_kad_blocks_footer_custom_js":"","_kadence_starter_templates_imported_post":false,"_kad_post_transparent":"default","_kad_post_title":"","_kad_post_layout":"default","_kad_post_sidebar_id":"","_kad_post_content_style":"unboxed","_kad_post_vertical_padding":"show","_kad_post_feature":"","_kad_post_feature_position":"","_kad_post_header":false,"_kad_post_footer":false,"_kad_post_classname":"","jetpack_publicize_message":"","jetpack_publicize_feature_enabled":true,"jetpack_social_post_already_shared":false,"jetpack_social_options":{"image_generator_settings":{"template":"highway","default_image_id":0,"font":"","enabled":false},"version":2}},"product_brand":[],"product_cat":[25],"product_tag":[125,123],"class_list":{"0":"post-716","1":"product","2":"type-product","3":"status-publish","4":"has-post-thumbnail","6":"product_cat-pearl-necklaces","7":"product_tag-round-pearl-necklace","8":"product_tag-white-pearl-necklace","9":"pa_pearl-color-white-pearl","10":"pa_pearl-shape-round-pearl","11":"pa_pearl-size-5mm-pearl-jewelry","12":"pa_pearl-size-6mm","13":"pa_pearl-type-freshwater-pearl","15":"first","16":"instock","17":"shipping-taxable","18":"product-type-simple","19":"entry","20":"content-bg","21":"loop-entry"},"jetpack_publicize_connections":[],"taxonomy_info":{"product_cat":[{"value":25,"label":"Pearl Necklace"}],"product_tag":[{"value":125,"label":"round pearl necklace"},{"value":123,"label":"white pearl necklace"}],"pa_pearl-color":[{"value":66,"label":"White Pearl"}],"pa_pearl-shape":[{"value":68,"label":"Round Pearl"}],"pa_pearl-size":[{"value":67,"label":"5mm"},{"value":77,"label":"6mm"}],"pa_pearl-type":[{"value":69,"label":"Freshwater Pearl"}]},"featured_image_src_large":["https:\/\/www.pearlswholesaler.com\/wp-content\/uploads\/2024\/11\/5-6-120cm.jpg",750,1000,false],"author_info":[],"comment_info":"","_links":{"self":[{"href":"https:\/\/www.pearlswholesaler.com\/it\/wp-json\/wp\/v2\/product\/716","targetHints":{"allow":["GET"]}}],"collection":[{"href":"https:\/\/www.pearlswholesaler.com\/it\/wp-json\/wp\/v2\/product"}],"about":[{"href":"https:\/\/www.pearlswholesaler.com\/it\/wp-json\/wp\/v2\/types\/product"}],"wp:featuredmedia":[{"embeddable":true,"href":"https:\/\/www.pearlswholesaler.com\/it\/wp-json\/wp\/v2\/media\/717"}],"wp:attachment":[{"href":"https:\/\/www.pearlswholesaler.com\/it\/wp-json\/wp\/v2\/media?parent=716"}],"wp:term":[{"taxonomy":"product_brand","embeddable":true,"href":"https:\/\/www.pearlswholesaler.com\/it\/wp-json\/wp\/v2\/product_brand?post=716"},{"taxonomy":"product_cat","embeddable":true,"href":"https:\/\/www.pearlswholesaler.com\/it\/wp-json\/wp\/v2\/product_cat?post=716"},{"taxonomy":"product_tag","embeddable":true,"href":"https:\/\/www.pearlswholesaler.com\/it\/wp-json\/wp\/v2\/product_tag?post=716"}],"curies":[{"name":"wp","href":"https:\/\/api.w.org\/{rel}","templated":true}]}}