{"id":4527,"date":"2026-04-22T02:34:08","date_gmt":"2026-04-22T02:34:08","guid":{"rendered":"https:\/\/www.pearlswholesaler.com\/?post_type=product&#038;p=4527"},"modified":"2026-04-25T00:25:42","modified_gmt":"2026-04-25T00:25:42","slug":"7-7-5mm-white-near-round-freshwater-pearl-bracelet-china-pearl-wholesale","status":"publish","type":"product","link":"https:\/\/www.pearlswholesaler.com\/it\/product\/7-7-5mm-white-near-round-freshwater-pearl-bracelet-china-pearl-wholesale\/","title":{"rendered":"Bracciale di perle d'acqua dolce bianche quasi rotonde da 7-7,5mm | Commercio all'ingrosso di perle in Italia"},"content":{"rendered":"<p>Xinye Pearl \u00e8 un fornitore di perle in Italia che opera dalla sede centrale di Changzhou con la nostra base di perle d'acqua dolce a Ma\u2019anshan Hexian, Anhui. Possiamo fornire perle quasi rotonde a grossisti, produttori di gioielli e clienti esportatori a livello globale.<\/p>\n<p style=\"text-align: center;\"><img decoding=\"async\" class=\"aligncenter size-full\" src=\"https:\/\/www.pearlswholesaler.com\/wp-content\/uploads\/2026\/04\/cover_d3e027bc384037ac91fc62a0132293d20cc8b33ed1e9ab7a24dc8e340fd7521b.jpeg\" alt=\"Bracciale di perle d&#039;acqua dolce bianche quasi rotonde da 7-7,5mm | Commercio all&#039;ingrosso di perle in Italia - Produttore di perle\" title=\"\"><\/p>\n<p>Questo bracciale \u00e8 realizzato con perle d'acqua dolce bianche quasi rotonde da 7-7,5mm, grado AAA. La rotondit\u00e0 \u00e8 quasi rotonda e il prezzo \u00e8 significativamente inferiore a quello delle perle completamente rotonde. Il lustro \u00e8 forte e costante. Alcuni segni sulla superficie possono apparire a un'ispezione pi\u00f9 ravvicinata, cosa normale per le perle naturali di questo livello.<\/p>\n<p>La lunghezza del bracciale di perle \u00e8 personalizzabile su richiesta.<\/p>\n<p>Accettiamo ordini all'ingrosso e offriamo prezzi a livelli per grandi quantit\u00e0. La quantit\u00e0 minima d'ordine \u00e8 di 5 unit\u00e0 per SKU per i primi ordini. Spedizione internazionale disponibile tramite DHL, FedEx o spedizione via mare. \u00c8 possibile un packaging personalizzato per ordini superiori a 50 unit\u00e0.<\/p>\n<p>Per approvvigionarsi di componenti di perle sciolte o semi-montate, contattaci direttamente con le tue specifiche.<\/p>","protected":false},"excerpt":{"rendered":"<p>Qualit\u00e0 della perla: AAA<br \/>\nDimensione della perla: 7-7,5 mm<br \/>\nForma della perla: Near Round<br \/>\nColore della perla: Bianco<\/p>","protected":false},"featured_media":4526,"template":"","meta":{"_kad_blocks_custom_css":"","_kad_blocks_head_custom_js":"","_kad_blocks_body_custom_js":"","_kad_blocks_footer_custom_js":"","_kadence_starter_templates_imported_post":false,"_kad_post_transparent":"default","_kad_post_title":"","_kad_post_layout":"default","_kad_post_sidebar_id":"","_kad_post_content_style":"default","_kad_post_vertical_padding":"default","_kad_post_feature":"","_kad_post_feature_position":"","_kad_post_header":false,"_kad_post_footer":false,"_kad_post_classname":"","jetpack_publicize_message":"","jetpack_publicize_feature_enabled":true,"jetpack_social_post_already_shared":true,"jetpack_social_options":{"image_generator_settings":{"template":"highway","default_image_id":0,"font":"","enabled":false},"version":2}},"product_brand":[],"product_cat":[62],"product_tag":[],"class_list":{"0":"post-4527","1":"product","2":"type-product","3":"status-publish","4":"has-post-thumbnail","6":"product_cat-pearl-bracelets","8":"first","9":"instock","10":"shipping-taxable","11":"purchasable","12":"product-type-simple","13":"entry","14":"content-bg","15":"loop-entry"},"jetpack_publicize_connections":[],"taxonomy_info":{"product_cat":[{"value":62,"label":"Pearl Bracelet"}]},"featured_image_src_large":["https:\/\/www.pearlswholesaler.com\/wp-content\/uploads\/2026\/04\/cover_d3e027bc384037ac91fc62a0132293d20cc8b33ed1e9ab7a24dc8e340fd7521b.jpeg",800,800,false],"author_info":[],"comment_info":"","_links":{"self":[{"href":"https:\/\/www.pearlswholesaler.com\/it\/wp-json\/wp\/v2\/product\/4527","targetHints":{"allow":["GET"]}}],"collection":[{"href":"https:\/\/www.pearlswholesaler.com\/it\/wp-json\/wp\/v2\/product"}],"about":[{"href":"https:\/\/www.pearlswholesaler.com\/it\/wp-json\/wp\/v2\/types\/product"}],"wp:featuredmedia":[{"embeddable":true,"href":"https:\/\/www.pearlswholesaler.com\/it\/wp-json\/wp\/v2\/media\/4526"}],"wp:attachment":[{"href":"https:\/\/www.pearlswholesaler.com\/it\/wp-json\/wp\/v2\/media?parent=4527"}],"wp:term":[{"taxonomy":"product_brand","embeddable":true,"href":"https:\/\/www.pearlswholesaler.com\/it\/wp-json\/wp\/v2\/product_brand?post=4527"},{"taxonomy":"product_cat","embeddable":true,"href":"https:\/\/www.pearlswholesaler.com\/it\/wp-json\/wp\/v2\/product_cat?post=4527"},{"taxonomy":"product_tag","embeddable":true,"href":"https:\/\/www.pearlswholesaler.com\/it\/wp-json\/wp\/v2\/product_tag?post=4527"}],"curies":[{"name":"wp","href":"https:\/\/api.w.org\/{rel}","templated":true}]}}