{"id":3868,"date":"2026-01-13T06:37:55","date_gmt":"2026-01-13T06:37:55","guid":{"rendered":"https:\/\/www.pearlswholesaler.com\/?post_type=product&#038;p=3868"},"modified":"2026-01-13T06:38:20","modified_gmt":"2026-01-13T06:38:20","slug":"7-7-5-mm-white-round-edison-pearl-loose-pearl-aaaaa","status":"publish","type":"product","link":"https:\/\/www.pearlswholesaler.com\/it\/product\/7-7-5-mm-white-round-edison-pearl-loose-pearl-aaaaa\/","title":{"rendered":"Perla di Edison bianca rotonda da 7-7,5mm, perla sciolta, grado AAAAA"},"content":{"rendered":"<p>Stai ancora bruciando i tuoi margini acquistando perle Akoya di livello medio solo per ottenere una forma rotonda decente? Smettila. Stai letteralmente bruciando soldi. Se non presti attenzione alla tecnologia di perle d'acqua dolce di alta gamma, i tuoi concorrenti ti stanno gi\u00e0 battendo su prezzo e qualit\u00e0.<\/p>\n<figure id=\"attachment_3869\" aria-describedby=\"caption-attachment-3869\" style=\"width: 800px\" class=\"wp-caption aligncenter\"><img loading=\"lazy\" decoding=\"async\" class=\"size-full wp-image-3869\" src=\"https:\/\/www.pearlswholesaler.com\/wp-content\/uploads\/2026\/01\/7-7.5-mm-White-Round-Edison-Pearl-Loose-Pearl-AAAAA-Grade.webp\" alt=\"Perla di acqua dolce bianca rotonda da 7-7,5 mm, Perla sciolta di grado AAAAA\" width=\"800\" height=\"800\" title=\"\" srcset=\"https:\/\/www.pearlswholesaler.com\/wp-content\/uploads\/2026\/01\/7-7.5-mm-White-Round-Edison-Pearl-Loose-Pearl-AAAAA-Grade.webp 800w, https:\/\/www.pearlswholesaler.com\/wp-content\/uploads\/2026\/01\/7-7.5-mm-White-Round-Edison-Pearl-Loose-Pearl-AAAAA-Grade-300x300.webp 300w, https:\/\/www.pearlswholesaler.com\/wp-content\/uploads\/2026\/01\/7-7.5-mm-White-Round-Edison-Pearl-Loose-Pearl-AAAAA-Grade-150x150.webp 150w, https:\/\/www.pearlswholesaler.com\/wp-content\/uploads\/2026\/01\/7-7.5-mm-White-Round-Edison-Pearl-Loose-Pearl-AAAAA-Grade-768x768.webp 768w, https:\/\/www.pearlswholesaler.com\/wp-content\/uploads\/2026\/01\/7-7.5-mm-White-Round-Edison-Pearl-Loose-Pearl-AAAAA-Grade-12x12.webp 12w, https:\/\/www.pearlswholesaler.com\/wp-content\/uploads\/2026\/01\/7-7.5-mm-White-Round-Edison-Pearl-Loose-Pearl-AAAAA-Grade-600x600.webp 600w, https:\/\/www.pearlswholesaler.com\/wp-content\/uploads\/2026\/01\/7-7.5-mm-White-Round-Edison-Pearl-Loose-Pearl-AAAAA-Grade-100x100.webp 100w\" sizes=\"auto, (max-width: 800px) 100vw, 800px\" \/><figcaption id=\"caption-attachment-3869\" class=\"wp-caption-text\">Perla di acqua dolce bianca rotonda da 7-7,5 mm, Perla sciolta di grado AAAAA<\/figcaption><\/figure>\n<p>Questa \u00e8 una perla di acqua dolce bianca rotonda da 7-7,5 mm. Ma questa non \u00e8 roba che trovi nel cassonetto di un mercato turistico. Questo \u00e8 di grado AAAAA.<\/p>\n<p>L\u201c\u201dAssassina di Akoya\u201c di cui ha bisogno il tuo business. Perch\u00e9 chiamo questa l\u201d\u201cAssassina di Akoya\u201d? Perch\u00e9 quando metti questa perla di acqua dolce AAAAA accanto a una perla di mare salato standard, il 99,1% dei tuoi clienti non riesce a distinguere la differenza. Ma il tuo conto in banca sicuramente s\u00ec.<\/p>\n<p>Queste perle sono selezionate dal top 11% della raccolta. Parliamo di riflessi nitidi, netti. Guarda le immagini\u2014quel bagliore metallico \u00e8 reale.<\/p>\n<p>Ecco perch\u00e9 queste perle sono un vantaggio tattico per il tuo catalogo:<\/p>\n<ul>\n<li>La dimensione di 7-7,5 mm \u00e8 lo standard globale per orecchini a perno classici e collane a singola fila. \u00c8 il volume trainante.<\/li>\n<li>Non hai bisogno di nascondere le imperfezioni con montature pesanti o cappucci. Sono pulite.<\/li>\n<li>A differenza delle qualit\u00e0 inferiori, dove devi selezionare tra \u201cfuori forma\u201d patate, queste sono perfettamente rotonde. Questo accelera notevolmente i tempi di montaggio del tuo orafo.<\/li>\n<\/ul>\n<p>Lascia che ti racconti una breve storia: avevo un cliente in Italia che era terrorizzato all\u2019idea di passare dal mare d\u2019acqua salata all\u2019acqua dolce per la sua linea da sposa. Pensava che avrebbe diluito il suo marchio. Le ho inviato un campione di queste perle rotonde AAAAA. Una settimana dopo mi ha chiamato, non per lamentarsi, ma per raddoppiare l\u2019ordine. Ha capito che poteva offrire lo stesso aspetto a un prezzo di ingresso migliore, mantenendo margini elevati.<\/p>\n<p>Controlliamo la selezione. Curati la fornitura. Che tu abbia bisogno di queste per una produzione ad alto volume o di un pezzo su misura, offriamo la coerenza di cui hai bisogno per scalare.<\/p>\n<h3>Domande frequenti<\/h3>\n<p><strong>D: Come si confronta il lustro con quello di Akoya? <\/strong><br \/>\nR: Sorprendentemente bene. Mentre le Akoya hanno un bagliore a specchio molto specifico \u201ccuscinetto a sfera\u201d, queste perle di acqua dolce AAAAA hanno un lustro pi\u00f9 morbido, ma incredibilmente profondo e nitido, che compete con i prodotti di mare a una frazione del costo.<\/p>\n<p><strong>D: Puoi forarle un foro per me? <\/strong><br \/>\nR: S\u00ec. Possiamo forarle senza foro (sciolte), con foro a met\u00e0 per orecchini, o completamente forate per infilare. Basta scrivere cosa ti serve nelle note dell\u2019ordine.<\/p>\n<p><strong>D: La dimensione di 7-7,5 mm \u00e8 precisa? <\/strong><br \/>\nR: S\u00ec, utilizziamo setacci precisi per garantire che l\u2019intervallo di dimensione sia ristretto. Non otterrai perle troppo piccole.<\/p>\n<p>Non lasciare che un sourcing troppo costoso riduca i tuoi profitti. Assicurati il tuo stock di Perle di acqua dolce bianche rotonde da 7-7,5 mm oggi e inizia a vendere lusso che ha senso per il tuo margine di profitto.<\/p>","protected":false},"excerpt":{"rendered":"<ul>\n<li><strong>Qualit\u00e0 delle Perle<\/strong>: Grado AAAAA<\/li>\n<li><strong>Dimensione della Perla<\/strong>: 7-7,5mm<\/li>\n<li><strong>Forma della Perla<\/strong>: Forma rotonda<\/li>\n<li><strong>Colore della Perla<\/strong>: Bianco<\/li>\n<\/ul>","protected":false},"featured_media":3869,"template":"","meta":{"_kad_blocks_custom_css":"","_kad_blocks_head_custom_js":"","_kad_blocks_body_custom_js":"","_kad_blocks_footer_custom_js":"","_kadence_starter_templates_imported_post":false,"_kad_post_transparent":"default","_kad_post_title":"","_kad_post_layout":"default","_kad_post_sidebar_id":"","_kad_post_content_style":"default","_kad_post_vertical_padding":"default","_kad_post_feature":"","_kad_post_feature_position":"","_kad_post_header":false,"_kad_post_footer":false,"_kad_post_classname":"","jetpack_publicize_message":"","jetpack_publicize_feature_enabled":true,"jetpack_social_post_already_shared":true,"jetpack_social_options":{"image_generator_settings":{"template":"highway","default_image_id":0,"font":"","enabled":false},"version":2}},"product_brand":[],"product_cat":[139,24],"product_tag":[],"class_list":{"0":"post-3868","1":"product","2":"type-product","3":"status-publish","4":"has-post-thumbnail","6":"product_cat-edison-pearls","7":"product_cat-loose-pearl","8":"pa_pearl-color-white-pearl","9":"pa_pearl-shape-round-pearl","10":"pa_pearl-size-7mm","11":"pa_pearl-size-8mm","12":"pa_pearl-type-freshwater-pearl","14":"first","15":"instock","16":"shipping-taxable","17":"product-type-simple","18":"entry","19":"content-bg","20":"loop-entry"},"jetpack_publicize_connections":[],"taxonomy_info":{"product_cat":[{"value":139,"label":"Edison Pearls"},{"value":24,"label":"Loose pearls"}],"pa_pearl-color":[{"value":66,"label":"White Pearl"}],"pa_pearl-shape":[{"value":68,"label":"Round Pearl"}],"pa_pearl-size":[{"value":70,"label":"7mm"},{"value":71,"label":"8mm"}],"pa_pearl-type":[{"value":69,"label":"Freshwater Pearl"}]},"featured_image_src_large":["https:\/\/www.pearlswholesaler.com\/wp-content\/uploads\/2026\/01\/7-7.5-mm-White-Round-Edison-Pearl-Loose-Pearl-AAAAA-Grade.webp",800,800,false],"author_info":[],"comment_info":"","_links":{"self":[{"href":"https:\/\/www.pearlswholesaler.com\/it\/wp-json\/wp\/v2\/product\/3868","targetHints":{"allow":["GET"]}}],"collection":[{"href":"https:\/\/www.pearlswholesaler.com\/it\/wp-json\/wp\/v2\/product"}],"about":[{"href":"https:\/\/www.pearlswholesaler.com\/it\/wp-json\/wp\/v2\/types\/product"}],"wp:featuredmedia":[{"embeddable":true,"href":"https:\/\/www.pearlswholesaler.com\/it\/wp-json\/wp\/v2\/media\/3869"}],"wp:attachment":[{"href":"https:\/\/www.pearlswholesaler.com\/it\/wp-json\/wp\/v2\/media?parent=3868"}],"wp:term":[{"taxonomy":"product_brand","embeddable":true,"href":"https:\/\/www.pearlswholesaler.com\/it\/wp-json\/wp\/v2\/product_brand?post=3868"},{"taxonomy":"product_cat","embeddable":true,"href":"https:\/\/www.pearlswholesaler.com\/it\/wp-json\/wp\/v2\/product_cat?post=3868"},{"taxonomy":"product_tag","embeddable":true,"href":"https:\/\/www.pearlswholesaler.com\/it\/wp-json\/wp\/v2\/product_tag?post=3868"}],"curies":[{"name":"wp","href":"https:\/\/api.w.org\/{rel}","templated":true}]}}