{"id":2820,"date":"2025-09-11T02:44:38","date_gmt":"2025-09-11T02:44:38","guid":{"rendered":"https:\/\/www.pearlswholesaler.com\/?post_type=product&#038;p=2820"},"modified":"2025-09-11T02:51:10","modified_gmt":"2025-09-11T02:51:10","slug":"5-6mm-button-white-freshwater-pearl-strand-aaa","status":"publish","type":"product","link":"https:\/\/www.pearlswholesaler.com\/it\/product\/5-6mm-button-white-freshwater-pearl-strand-aaa\/","title":{"rendered":": Collana di perle d'acqua dolce a forma di bottone bianco da 5-6mm, Grado AAA, 16 pollici, foro laterale, all'ingrosso"},"content":{"rendered":"<p>Perle a forma di bottone con oltre sessanta pezzi, valutate AAA per pelle pulita e tono luminoso ed uniforme, sono incluse in ogni filo all'ingrosso di 16 pollici. Questo lotto \u00e8 perfetto per delicati collane a girocollo che si vendono a met\u00e0 prezzo, polsini multi-strato e braccialetti elasticati leggeri, perch\u00e9 la cupola appiattita si adatta perfettamente al polso o alla scollatura. La perforazione laterale mantiene la flessibilit\u00e0 del filo e la prontezza per una rapida conversione; tutto ci\u00f2 che serve per creare braccialetti e collane di perle finite \u00e8 tagliare, annodare o crimpare il filo senza ulteriori lavori di modellatura.<\/p>\n<p><img loading=\"lazy\" decoding=\"async\" class=\"size-full wp-image-2824 aligncenter\" src=\"https:\/\/www.pearlswholesaler.com\/wp-content\/uploads\/2025\/09\/\u4fa7\u5b545-6-5-scaled.webp\" alt=\"Filo di perle d&#039;acqua dolce a forma di bottone da 5-6 mm con foro laterale, grado AAA, 16 pollici, all&#039;ingrosso\" width=\"2560\" height=\"2560\" title=\"\" srcset=\"https:\/\/www.pearlswholesaler.com\/wp-content\/uploads\/2025\/09\/\u4fa7\u5b545-6-5-scaled.webp 2560w, https:\/\/www.pearlswholesaler.com\/wp-content\/uploads\/2025\/09\/\u4fa7\u5b545-6-5-300x300.webp 300w, https:\/\/www.pearlswholesaler.com\/wp-content\/uploads\/2025\/09\/\u4fa7\u5b545-6-5-1024x1024.webp 1024w, https:\/\/www.pearlswholesaler.com\/wp-content\/uploads\/2025\/09\/\u4fa7\u5b545-6-5-150x150.webp 150w, https:\/\/www.pearlswholesaler.com\/wp-content\/uploads\/2025\/09\/\u4fa7\u5b545-6-5-768x768.webp 768w, https:\/\/www.pearlswholesaler.com\/wp-content\/uploads\/2025\/09\/\u4fa7\u5b545-6-5-1536x1536.webp 1536w, https:\/\/www.pearlswholesaler.com\/wp-content\/uploads\/2025\/09\/\u4fa7\u5b545-6-5-2048x2048.webp 2048w, https:\/\/www.pearlswholesaler.com\/wp-content\/uploads\/2025\/09\/\u4fa7\u5b545-6-5-12x12.webp 12w, https:\/\/www.pearlswholesaler.com\/wp-content\/uploads\/2025\/09\/\u4fa7\u5b545-6-5-600x600.webp 600w, https:\/\/www.pearlswholesaler.com\/wp-content\/uploads\/2025\/09\/\u4fa7\u5b545-6-5-100x100.webp 100w\" sizes=\"auto, (max-width: 2560px) 100vw, 2560px\" \/><\/p>\n<p>Offerti in tonalit\u00e0 bianche uniformi o sfumature naturali morbide, queste perle di bottone da 5\u20136 mm offrono simmetria ordinata e colore coerente sotto il controllo di qualit\u00e0 AAA di livello medio. La disposizione con foro laterale permette al filo di cadere in modo fluido, cos\u00ec una lunghezza diventa una singola collana a princess o si divide in due braccialetti elasticizzati che si impilano per vendite istantanee di volume. La forma e la tonalit\u00e0 sono abbinate tra i lotti, offrendo ai produttori un componente affidabile per linee di moda, matrimoni e set regalo che richiedono un aspetto di vera perla a un prezzo conveniente.<\/p>","protected":false},"excerpt":{"rendered":"<ul>\n<li><strong>Qualit\u00e0 delle Perle<\/strong>: Grado AAA<\/li>\n<li><strong>Dimensione della Perla<\/strong>: 5-6mm<\/li>\n<li><strong>Forma della Perla<\/strong>: Forma a Bottone<\/li>\n<li><strong>Colore della Perla<\/strong>: Bianco<\/li>\n<li><strong>Lunghezza<\/strong>: 16 pollici<\/li>\n<\/ul>","protected":false},"featured_media":2822,"template":"","meta":{"_kad_blocks_custom_css":"","_kad_blocks_head_custom_js":"","_kad_blocks_body_custom_js":"","_kad_blocks_footer_custom_js":"","_kadence_starter_templates_imported_post":false,"_kad_post_transparent":"default","_kad_post_title":"","_kad_post_layout":"default","_kad_post_sidebar_id":"","_kad_post_content_style":"default","_kad_post_vertical_padding":"default","_kad_post_feature":"","_kad_post_feature_position":"","_kad_post_header":false,"_kad_post_footer":false,"_kad_post_classname":"","jetpack_publicize_message":"","jetpack_publicize_feature_enabled":true,"jetpack_social_post_already_shared":false,"jetpack_social_options":{"image_generator_settings":{"template":"highway","default_image_id":0,"font":"","enabled":false},"version":2}},"product_brand":[],"product_cat":[15],"product_tag":[],"class_list":{"0":"post-2820","1":"product","2":"type-product","3":"status-publish","4":"has-post-thumbnail","6":"product_cat-pearl-strands","7":"pa_pearl-color-white-pearl","8":"pa_pearl-shape-button-pearl","9":"pa_pearl-size-5mm-pearl-jewelry","10":"pa_pearl-size-6mm","11":"pa_pearl-type-freshwater-pearl","13":"first","14":"instock","15":"shipping-taxable","16":"product-type-simple","17":"entry","18":"content-bg","19":"loop-entry"},"jetpack_publicize_connections":[],"taxonomy_info":{"product_cat":[{"value":15,"label":"Pearl Strand"}],"pa_pearl-color":[{"value":66,"label":"White Pearl"}],"pa_pearl-shape":[{"value":93,"label":"Button pearl"}],"pa_pearl-size":[{"value":67,"label":"5mm"},{"value":77,"label":"6mm"}],"pa_pearl-type":[{"value":69,"label":"Freshwater Pearl"}]},"featured_image_src_large":["https:\/\/www.pearlswholesaler.com\/wp-content\/uploads\/2025\/09\/\u4fa7\u5b545-6-6-1024x1024.webp",1024,1024,true],"author_info":[],"comment_info":"","_links":{"self":[{"href":"https:\/\/www.pearlswholesaler.com\/it\/wp-json\/wp\/v2\/product\/2820","targetHints":{"allow":["GET"]}}],"collection":[{"href":"https:\/\/www.pearlswholesaler.com\/it\/wp-json\/wp\/v2\/product"}],"about":[{"href":"https:\/\/www.pearlswholesaler.com\/it\/wp-json\/wp\/v2\/types\/product"}],"wp:featuredmedia":[{"embeddable":true,"href":"https:\/\/www.pearlswholesaler.com\/it\/wp-json\/wp\/v2\/media\/2822"}],"wp:attachment":[{"href":"https:\/\/www.pearlswholesaler.com\/it\/wp-json\/wp\/v2\/media?parent=2820"}],"wp:term":[{"taxonomy":"product_brand","embeddable":true,"href":"https:\/\/www.pearlswholesaler.com\/it\/wp-json\/wp\/v2\/product_brand?post=2820"},{"taxonomy":"product_cat","embeddable":true,"href":"https:\/\/www.pearlswholesaler.com\/it\/wp-json\/wp\/v2\/product_cat?post=2820"},{"taxonomy":"product_tag","embeddable":true,"href":"https:\/\/www.pearlswholesaler.com\/it\/wp-json\/wp\/v2\/product_tag?post=2820"}],"curies":[{"name":"wp","href":"https:\/\/api.w.org\/{rel}","templated":true}]}}