{"id":2735,"date":"2025-09-07T11:48:22","date_gmt":"2025-09-07T11:48:22","guid":{"rendered":"https:\/\/www.pearlswholesaler.com\/?post_type=product&#038;p=2735"},"modified":"2025-09-07T12:15:24","modified_gmt":"2025-09-07T12:15:24","slug":"7-8mm-lavender-near-round-freshwater-pearl-aaa-grade-16-inches","status":"publish","type":"product","link":"https:\/\/www.pearlswholesaler.com\/it\/product\/7-8mm-lavender-near-round-freshwater-pearl-aaa-grade-16-inches\/","title":{"rendered":"Perla di acqua dolce quasi rotonda di lavanda da 7-8 mm, grado AAA, 16 pollici"},"content":{"rendered":"<p>Questa collana di 16 pollici stringe 48\u201351 perle, da 7\u20138 mm, in una tonalit\u00e0 morbida di lavanda uniforme. La qualit\u00e0 AAA mantiene i difetti minimi e la lucentezza stabile, offrendo una qualit\u00e0 di fascia media che equilibra aspetto e costo. Forma quasi rotonda che si distingue come classica nei gioielli finiti e fori puliti da 0,8 mm per le trovette standard.<\/p>\n<p><img loading=\"lazy\" decoding=\"async\" class=\"size-full wp-image-2737 aligncenter\" src=\"https:\/\/www.pearlswholesaler.com\/wp-content\/uploads\/2025\/09\/7-8-8-scaled.webp\" alt=\"Perla di acqua dolce quasi rotonda di lavanda da 7-8 mm, grado AAA, 16 pollici\" width=\"2560\" height=\"2560\" title=\"\" srcset=\"https:\/\/www.pearlswholesaler.com\/wp-content\/uploads\/2025\/09\/7-8-8-scaled.webp 2560w, https:\/\/www.pearlswholesaler.com\/wp-content\/uploads\/2025\/09\/7-8-8-300x300.webp 300w, https:\/\/www.pearlswholesaler.com\/wp-content\/uploads\/2025\/09\/7-8-8-1024x1024.webp 1024w, https:\/\/www.pearlswholesaler.com\/wp-content\/uploads\/2025\/09\/7-8-8-150x150.webp 150w, https:\/\/www.pearlswholesaler.com\/wp-content\/uploads\/2025\/09\/7-8-8-768x768.webp 768w, https:\/\/www.pearlswholesaler.com\/wp-content\/uploads\/2025\/09\/7-8-8-1536x1536.webp 1536w, https:\/\/www.pearlswholesaler.com\/wp-content\/uploads\/2025\/09\/7-8-8-2048x2048.webp 2048w, https:\/\/www.pearlswholesaler.com\/wp-content\/uploads\/2025\/09\/7-8-8-600x600.webp 600w, https:\/\/www.pearlswholesaler.com\/wp-content\/uploads\/2025\/09\/7-8-8-100x100.webp 100w\" sizes=\"auto, (max-width: 2560px) 100vw, 2560px\" \/><\/p>\n<p>Colore e dimensione uniformi rendono la collana ideale per collane a filo singolo, braccialetti intrecciati o coppie di orecchini abbinate\u2014perfette per laboratori che producono braccialetti e collane di perle pronti da indossare senza bisogno di ulteriori selezioni. Fornita con nodo temporaneo su seta bianca, passa direttamente dalla scatola all\u2019esposizione.<\/p>","protected":false},"excerpt":{"rendered":"<ul>\n<li><strong>Qualit\u00e0 delle Perle<\/strong>: Grado AAA<\/li>\n<li><strong>Dimensione della Perla<\/strong>: 7-8mm<\/li>\n<li><strong>Forma della Perla<\/strong>: Quasi rotondo<\/li>\n<li><strong>Colore della Perla<\/strong>: Lavanda<\/li>\n<li><strong>Lunghezza<\/strong>: 16 pollici<\/li>\n<li><strong>Chiusura<\/strong>: Escludi<\/li>\n<\/ul>","protected":false},"featured_media":2736,"template":"","meta":{"_kad_blocks_custom_css":"","_kad_blocks_head_custom_js":"","_kad_blocks_body_custom_js":"","_kad_blocks_footer_custom_js":"","_kadence_starter_templates_imported_post":false,"_kad_post_transparent":"default","_kad_post_title":"","_kad_post_layout":"default","_kad_post_sidebar_id":"","_kad_post_content_style":"default","_kad_post_vertical_padding":"default","_kad_post_feature":"","_kad_post_feature_position":"","_kad_post_header":false,"_kad_post_footer":false,"_kad_post_classname":"","jetpack_publicize_message":"","jetpack_publicize_feature_enabled":true,"jetpack_social_post_already_shared":false,"jetpack_social_options":{"image_generator_settings":{"template":"highway","default_image_id":0,"font":"","enabled":false},"version":2}},"product_brand":[],"product_cat":[15],"product_tag":[],"class_list":{"0":"post-2735","1":"product","2":"type-product","3":"status-publish","4":"has-post-thumbnail","6":"product_cat-pearl-strands","7":"pa_pearl-color-lavender","8":"pa_pearl-shape-near-round","9":"pa_pearl-size-7mm","10":"pa_pearl-size-8mm","11":"pa_pearl-type-freshwater-pearl","13":"first","14":"instock","15":"shipping-taxable","16":"product-type-simple","17":"entry","18":"content-bg","19":"loop-entry"},"jetpack_publicize_connections":[],"taxonomy_info":{"product_cat":[{"value":15,"label":"Pearl Strand"}],"pa_pearl-color":[{"value":129,"label":"Lavender"}],"pa_pearl-shape":[{"value":84,"label":"Near Round"}],"pa_pearl-size":[{"value":70,"label":"7mm"},{"value":71,"label":"8mm"}],"pa_pearl-type":[{"value":69,"label":"Freshwater Pearl"}]},"featured_image_src_large":["https:\/\/www.pearlswholesaler.com\/wp-content\/uploads\/2025\/09\/7-8-7-1024x1024.webp",1024,1024,true],"author_info":[],"comment_info":"","_links":{"self":[{"href":"https:\/\/www.pearlswholesaler.com\/it\/wp-json\/wp\/v2\/product\/2735","targetHints":{"allow":["GET"]}}],"collection":[{"href":"https:\/\/www.pearlswholesaler.com\/it\/wp-json\/wp\/v2\/product"}],"about":[{"href":"https:\/\/www.pearlswholesaler.com\/it\/wp-json\/wp\/v2\/types\/product"}],"wp:featuredmedia":[{"embeddable":true,"href":"https:\/\/www.pearlswholesaler.com\/it\/wp-json\/wp\/v2\/media\/2736"}],"wp:attachment":[{"href":"https:\/\/www.pearlswholesaler.com\/it\/wp-json\/wp\/v2\/media?parent=2735"}],"wp:term":[{"taxonomy":"product_brand","embeddable":true,"href":"https:\/\/www.pearlswholesaler.com\/it\/wp-json\/wp\/v2\/product_brand?post=2735"},{"taxonomy":"product_cat","embeddable":true,"href":"https:\/\/www.pearlswholesaler.com\/it\/wp-json\/wp\/v2\/product_cat?post=2735"},{"taxonomy":"product_tag","embeddable":true,"href":"https:\/\/www.pearlswholesaler.com\/it\/wp-json\/wp\/v2\/product_tag?post=2735"}],"curies":[{"name":"wp","href":"https:\/\/api.w.org\/{rel}","templated":true}]}}