{"id":2645,"date":"2025-09-04T06:20:16","date_gmt":"2025-09-04T06:20:16","guid":{"rendered":"https:\/\/www.pearlswholesaler.com\/?post_type=product&#038;p=2645"},"modified":"2025-09-04T06:59:31","modified_gmt":"2025-09-04T06:59:31","slug":"6-7mm-white-baroque-freshwater-pearl-strands-aaa","status":"publish","type":"product","link":"https:\/\/www.pearlswholesaler.com\/it\/product\/6-7mm-white-baroque-freshwater-pearl-strands-aaa\/","title":{"rendered":": Collane di perle barocche d'acqua dolce da 6-7mm, Grado AAA, 16 pollici"},"content":{"rendered":"<p><span id=\"input-sentence~0\">Questi splendidi fili di perle barocche d'acqua dolce di qualit\u00e0 AAA, da 6-7mm, offrono un'eccezionale qualit\u00e0 per il prezzo.<\/span> <span id=\"input-sentence~1\">Ogni filo \u00e8 una cascata di perle di forma unica, rendendo omaggio alla bellezza della natura.<\/span> <span id=\"input-sentence~2\">Ogni filo \u00e8 come una cascata di perle di forma unica, celebrando l'arte della natura. Queste non sono le tue perle rotonde tipiche; hanno piccole imperfezioni intriganti e forme naturali che le rendono ancora pi\u00f9 affascinanti.<\/span> <span id=\"input-sentence~3\">La superficie leggermente irregolare cattura e riflette splendidamente la luce, aggiungendo un bagliore sorprendente e unico ai tuoi gioielli.<\/span><\/p>\n<p><img loading=\"lazy\" decoding=\"async\" class=\"size-full wp-image-2646 aligncenter\" src=\"https:\/\/www.pearlswholesaler.com\/wp-content\/uploads\/2025\/09\/6-7-1-scaled.webp\" alt=\"Fili di perle d&#039;acqua dolce barocche bianche da 6-7 mm, grado AAA\" width=\"2560\" height=\"2560\" title=\"\" srcset=\"https:\/\/www.pearlswholesaler.com\/wp-content\/uploads\/2025\/09\/6-7-1-scaled.webp 2560w, https:\/\/www.pearlswholesaler.com\/wp-content\/uploads\/2025\/09\/6-7-1-300x300.webp 300w, https:\/\/www.pearlswholesaler.com\/wp-content\/uploads\/2025\/09\/6-7-1-1024x1024.webp 1024w, https:\/\/www.pearlswholesaler.com\/wp-content\/uploads\/2025\/09\/6-7-1-150x150.webp 150w, https:\/\/www.pearlswholesaler.com\/wp-content\/uploads\/2025\/09\/6-7-1-768x768.webp 768w, https:\/\/www.pearlswholesaler.com\/wp-content\/uploads\/2025\/09\/6-7-1-1536x1536.webp 1536w, https:\/\/www.pearlswholesaler.com\/wp-content\/uploads\/2025\/09\/6-7-1-2048x2048.webp 2048w, https:\/\/www.pearlswholesaler.com\/wp-content\/uploads\/2025\/09\/6-7-1-600x600.webp 600w, https:\/\/www.pearlswholesaler.com\/wp-content\/uploads\/2025\/09\/6-7-1-100x100.webp 100w\" sizes=\"auto, (max-width: 2560px) 100vw, 2560px\" \/><\/p>\n<p><span id=\"input-sentence~4\">Puoi iniziare la tua prossima creazione con questi fili di perle.<\/span> <span id=\"input-sentence~5\">Immagina di creare splendidi collane di perle con un tocco contemporaneo, o magari un braccialetto che davvero faccia una dichiarazione.<\/span> <span id=\"input-sentence~6\">I design di gioielli moderni si abbinano perfettamente alla forma barocca.<\/span><\/p>\n<p><span id=\"input-sentence~7\">Poich\u00e9 sono perle di qualit\u00e0 AAA, il loro lustro e la superficie generalmente liscia garantiscono qualit\u00e0.<\/span> <span id=\"input-sentence~8\">Anche se le perle barocche non hanno una simmetria perfetta, la loro qualit\u00e0 complessiva e lucentezza sono buone, conferendo ai tuoi progetti finali un tocco di creativit\u00e0.<\/span> <span id=\"input-sentence~9\">Prepara a aggiungere questi fili di perle unici alla tua collezione di gioielli per un tocco di eleganza naturale.<\/span><\/p>\n<ul>\n<li>Imballaggio: Sacchetto in polietilene\/Custodia per gioielli\/Scatola per gioielli<\/li>\n<li>Tempi di consegna: 3-10 giorni lavorativi<\/li>\n<li>Spedizione: DHL\/Fedex\/UPS\/EMS<\/li>\n<li>Termini di pagamento: Bonifico bancario Paypal\/ Western Union\/Alipay\/TT;<\/li>\n<li>Termini di pagamento: EXW, FOB Shanghai; Il compratore \u00e8 responsabile delle spese di spedizione<\/li>\n<\/ul>","protected":false},"excerpt":{"rendered":"<ul>\n<li><strong>Qualit\u00e0 delle Perle<\/strong>: Grado AAA<\/li>\n<li><strong>Dimensione della Perla<\/strong>: 6-7mm<\/li>\n<li><strong>Forma della Perla<\/strong>: Barocco<\/li>\n<li><strong>Colore della Perla<\/strong>: Bianco<\/li>\n<li><strong>Lunghezza<\/strong>: 16 pollici<\/li>\n<\/ul>","protected":false},"featured_media":2646,"template":"","meta":{"_kad_blocks_custom_css":"","_kad_blocks_head_custom_js":"","_kad_blocks_body_custom_js":"","_kad_blocks_footer_custom_js":"","_kadence_starter_templates_imported_post":false,"_kad_post_transparent":"default","_kad_post_title":"","_kad_post_layout":"default","_kad_post_sidebar_id":"","_kad_post_content_style":"default","_kad_post_vertical_padding":"default","_kad_post_feature":"","_kad_post_feature_position":"","_kad_post_header":false,"_kad_post_footer":false,"_kad_post_classname":"","jetpack_publicize_message":"","jetpack_publicize_feature_enabled":true,"jetpack_social_post_already_shared":false,"jetpack_social_options":{"image_generator_settings":{"template":"highway","default_image_id":0,"font":"","enabled":false},"version":2}},"product_brand":[],"product_cat":[15],"product_tag":[],"class_list":{"0":"post-2645","1":"product","2":"type-product","3":"status-publish","4":"has-post-thumbnail","6":"product_cat-pearl-strands","7":"pa_pearl-color-white-pearl","8":"pa_pearl-shape-baroque-pearl","9":"pa_pearl-size-6mm","10":"pa_pearl-size-7mm","11":"pa_pearl-type-freshwater-pearl","13":"first","14":"instock","15":"shipping-taxable","16":"product-type-simple","17":"entry","18":"content-bg","19":"loop-entry"},"jetpack_publicize_connections":[],"taxonomy_info":{"product_cat":[{"value":15,"label":"Pearl Strand"}],"pa_pearl-color":[{"value":66,"label":"White Pearl"}],"pa_pearl-shape":[{"value":75,"label":"Baroque Pearl"}],"pa_pearl-size":[{"value":77,"label":"6mm"},{"value":70,"label":"7mm"}],"pa_pearl-type":[{"value":69,"label":"Freshwater Pearl"}]},"featured_image_src_large":["https:\/\/www.pearlswholesaler.com\/wp-content\/uploads\/2025\/09\/6-7-1-1024x1024.webp",1024,1024,true],"author_info":[],"comment_info":"","_links":{"self":[{"href":"https:\/\/www.pearlswholesaler.com\/it\/wp-json\/wp\/v2\/product\/2645","targetHints":{"allow":["GET"]}}],"collection":[{"href":"https:\/\/www.pearlswholesaler.com\/it\/wp-json\/wp\/v2\/product"}],"about":[{"href":"https:\/\/www.pearlswholesaler.com\/it\/wp-json\/wp\/v2\/types\/product"}],"wp:featuredmedia":[{"embeddable":true,"href":"https:\/\/www.pearlswholesaler.com\/it\/wp-json\/wp\/v2\/media\/2646"}],"wp:attachment":[{"href":"https:\/\/www.pearlswholesaler.com\/it\/wp-json\/wp\/v2\/media?parent=2645"}],"wp:term":[{"taxonomy":"product_brand","embeddable":true,"href":"https:\/\/www.pearlswholesaler.com\/it\/wp-json\/wp\/v2\/product_brand?post=2645"},{"taxonomy":"product_cat","embeddable":true,"href":"https:\/\/www.pearlswholesaler.com\/it\/wp-json\/wp\/v2\/product_cat?post=2645"},{"taxonomy":"product_tag","embeddable":true,"href":"https:\/\/www.pearlswholesaler.com\/it\/wp-json\/wp\/v2\/product_tag?post=2645"}],"curies":[{"name":"wp","href":"https:\/\/api.w.org\/{rel}","templated":true}]}}