{"id":1516,"date":"2024-12-11T09:51:40","date_gmt":"2024-12-11T09:51:40","guid":{"rendered":"https:\/\/pearlswholesaler.com\/?post_type=product&#038;p=1516"},"modified":"2025-07-22T02:00:55","modified_gmt":"2025-07-22T02:00:55","slug":"bulk-5a-4-5mm-white-round-pearl-bracelet","status":"publish","type":"product","link":"https:\/\/www.pearlswholesaler.com\/it\/product\/bulk-5a-4-5mm-white-round-pearl-bracelet\/","title":{"rendered":"Braccialetto di perle d'acqua dolce bianche rotonde da 4-5mm, grado 5A, chiusura in rame"},"content":{"rendered":"<p>Questo bracciale di perle d'acqua dolce bianche di qualit\u00e0 5A combina stile e durata in un'armonia perfetta. Tutte le nostre perle di qualit\u00e0 5A sono selezionate a mano per lucentezza, forma rotonda e superficie liscia. Queste eleganti perle di acqua dolce bianche sono senza tempo ed eleganti abbastanza da essere indossate con qualsiasi cosa nella mia collezione di gioielli.<\/p>\n<p><img loading=\"lazy\" decoding=\"async\" class=\"size-full wp-image-1517 aligncenter\" src=\"https:\/\/pearlswholesaler.com\/wp-content\/uploads\/2024\/12\/4-5mm-Pearl-Bracelets-AAAAA-freshwater-pearl-white.webp\" alt=\"Braccialetto di perle d&#039;acqua dolce bianche rotonde AAAA 4-5mm con rame\" width=\"1000\" height=\"932\" title=\"\" srcset=\"https:\/\/www.pearlswholesaler.com\/wp-content\/uploads\/2024\/12\/4-5mm-Pearl-Bracelets-AAAAA-freshwater-pearl-white.webp 1000w, https:\/\/www.pearlswholesaler.com\/wp-content\/uploads\/2024\/12\/4-5mm-Pearl-Bracelets-AAAAA-freshwater-pearl-white-300x280.webp 300w, https:\/\/www.pearlswholesaler.com\/wp-content\/uploads\/2024\/12\/4-5mm-Pearl-Bracelets-AAAAA-freshwater-pearl-white-768x716.webp 768w, https:\/\/www.pearlswholesaler.com\/wp-content\/uploads\/2024\/12\/4-5mm-Pearl-Bracelets-AAAAA-freshwater-pearl-white-600x559.webp 600w\" sizes=\"auto, (max-width: 1000px) 100vw, 1000px\" \/><\/p>\n<p>Con un design senza tempo e chic, il bracciale \u00e8 abbastanza versatile da accompagnarti da una giornata casual a un evento pi\u00f9 importante. Le perle sono uniformi, il che rende l'aspetto cos\u00ec appropriato e raffinato... e il fermaglio in rame \u00e8 un tocco alla moda.<\/p>\n<p>Espandi la tua linea di gioielli con questo bellissimo bracciale. Ordini all'ingrosso e prezzi? Facciamo un accordo che aggiunge raffinatezza e qualit\u00e0 alla tua attivit\u00e0.<\/p>\n<ul>\n<li>Imballaggio: Sacchetto in polietilene\/Custodia per gioielli\/Scatola per gioielli<\/li>\n<li>Tempi di consegna: 3-10 giorni lavorativi<\/li>\n<li>Spedizione: DHL\/Fedex\/UPS\/EMS<\/li>\n<li>Termini di pagamento: Bonifico bancario Paypal\/ Western Union\/Alipay\/TT;<\/li>\n<li>Termini di pagamento: EXW, FOB Shanghai; Il compratore \u00e8 responsabile delle spese di spedizione<\/li>\n<\/ul>","protected":false},"excerpt":{"rendered":"<ul>\n<li><strong>Qualit\u00e0 delle Perle<\/strong>: Grado AAAAA<\/li>\n<li><strong>Dimensione della Perla<\/strong>: 4-5mm<\/li>\n<li><strong>Forma della Perla<\/strong>: Rotondo<\/li>\n<li><strong>Colore della Perla<\/strong>: Bianco<\/li>\n<li><strong>Lunghezza<\/strong>: 15cm\/16cm\/17cm\/18cm\/19cm<\/li>\n<li><strong>Chiusura<\/strong>\uff1aChiusura in rame<\/li>\n<li><strong>Materiale<\/strong>: Perline d'oro 24K, perla d'acqua dolce, chiusura in rame<\/li>\n<\/ul>","protected":false},"featured_media":1517,"template":"","meta":{"_kad_blocks_custom_css":"","_kad_blocks_head_custom_js":"","_kad_blocks_body_custom_js":"","_kad_blocks_footer_custom_js":"","_kadence_starter_templates_imported_post":false,"_kad_post_transparent":"default","_kad_post_title":"","_kad_post_layout":"default","_kad_post_sidebar_id":"","_kad_post_content_style":"default","_kad_post_vertical_padding":"default","_kad_post_feature":"","_kad_post_feature_position":"","_kad_post_header":false,"_kad_post_footer":false,"_kad_post_classname":"","jetpack_publicize_message":"","jetpack_publicize_feature_enabled":true,"jetpack_social_post_already_shared":false,"jetpack_social_options":{"image_generator_settings":{"template":"highway","default_image_id":0,"font":"","enabled":false},"version":2}},"product_brand":[],"product_cat":[62],"product_tag":[],"class_list":{"0":"post-1516","1":"product","2":"type-product","3":"status-publish","4":"has-post-thumbnail","6":"product_cat-pearl-bracelets","7":"pa_pearl-color-white-pearl","8":"pa_pearl-shape-round-pearl","9":"pa_pearl-size-4mm","10":"pa_pearl-size-5mm-pearl-jewelry","11":"pa_pearl-type-freshwater-pearl","13":"first","14":"instock","15":"shipping-taxable","16":"product-type-simple","17":"entry","18":"content-bg","19":"loop-entry"},"jetpack_publicize_connections":[],"taxonomy_info":{"product_cat":[{"value":62,"label":"Pearl Bracelet"}],"pa_pearl-color":[{"value":66,"label":"White Pearl"}],"pa_pearl-shape":[{"value":68,"label":"Round Pearl"}],"pa_pearl-size":[{"value":73,"label":"4mm"},{"value":67,"label":"5mm"}],"pa_pearl-type":[{"value":69,"label":"Freshwater Pearl"}]},"featured_image_src_large":["https:\/\/www.pearlswholesaler.com\/wp-content\/uploads\/2024\/12\/4-5mm-Pearl-Bracelets-AAAAA-freshwater-pearl-white.webp",1000,932,false],"author_info":[],"comment_info":"","_links":{"self":[{"href":"https:\/\/www.pearlswholesaler.com\/it\/wp-json\/wp\/v2\/product\/1516","targetHints":{"allow":["GET"]}}],"collection":[{"href":"https:\/\/www.pearlswholesaler.com\/it\/wp-json\/wp\/v2\/product"}],"about":[{"href":"https:\/\/www.pearlswholesaler.com\/it\/wp-json\/wp\/v2\/types\/product"}],"wp:featuredmedia":[{"embeddable":true,"href":"https:\/\/www.pearlswholesaler.com\/it\/wp-json\/wp\/v2\/media\/1517"}],"wp:attachment":[{"href":"https:\/\/www.pearlswholesaler.com\/it\/wp-json\/wp\/v2\/media?parent=1516"}],"wp:term":[{"taxonomy":"product_brand","embeddable":true,"href":"https:\/\/www.pearlswholesaler.com\/it\/wp-json\/wp\/v2\/product_brand?post=1516"},{"taxonomy":"product_cat","embeddable":true,"href":"https:\/\/www.pearlswholesaler.com\/it\/wp-json\/wp\/v2\/product_cat?post=1516"},{"taxonomy":"product_tag","embeddable":true,"href":"https:\/\/www.pearlswholesaler.com\/it\/wp-json\/wp\/v2\/product_tag?post=1516"}],"curies":[{"name":"wp","href":"https:\/\/api.w.org\/{rel}","templated":true}]}}