{"id":1510,"date":"2024-12-12T00:26:04","date_gmt":"2024-12-12T00:26:04","guid":{"rendered":"https:\/\/pearlswholesaler.com\/?post_type=product&#038;p=1510"},"modified":"2024-12-15T12:25:11","modified_gmt":"2024-12-15T12:25:11","slug":"5-6mm-white-rice-shaped-pearl-bracelet-aa","status":"publish","type":"product","link":"https:\/\/www.pearlswholesaler.com\/it\/product\/5-6mm-white-rice-shaped-pearl-bracelet-aa\/","title":{"rendered":"Braccialetto di perle d'acqua dolce bianche a forma di riso da 5-6mm, grado AA"},"content":{"rendered":"<p>Braccialetti di perle d'acqua dolce a forma di riso di qualit\u00e0 AA, adatti per clienti all'ingrosso che cercano qualit\u00e0 e prezzi bassi. Perle di 5-6 mm sono quelle bianche, ideali per quasi tutti gli stili e gusti. Le Perle a forma di riso sono naturali e aggiungono un tocco perfetto ai tuoi pezzi di gioielleria.<\/p>\n<p><img loading=\"lazy\" decoding=\"async\" class=\"size-full wp-image-1511 aligncenter\" src=\"https:\/\/pearlswholesaler.com\/wp-content\/uploads\/2024\/12\/5-6mm-Pearl-Bracelets-AA-freshwater-pearl-white.webp\" alt=\"Braccialetto di perle d&#039;acqua dolce a forma di riso bianca AA di qualit\u00e0 5-6mm\" width=\"1000\" height=\"1000\" title=\"\" srcset=\"https:\/\/www.pearlswholesaler.com\/wp-content\/uploads\/2024\/12\/5-6mm-Pearl-Bracelets-AA-freshwater-pearl-white.webp 1000w, https:\/\/www.pearlswholesaler.com\/wp-content\/uploads\/2024\/12\/5-6mm-Pearl-Bracelets-AA-freshwater-pearl-white-300x300.webp 300w, https:\/\/www.pearlswholesaler.com\/wp-content\/uploads\/2024\/12\/5-6mm-Pearl-Bracelets-AA-freshwater-pearl-white-150x150.webp 150w, https:\/\/www.pearlswholesaler.com\/wp-content\/uploads\/2024\/12\/5-6mm-Pearl-Bracelets-AA-freshwater-pearl-white-768x768.webp 768w, https:\/\/www.pearlswholesaler.com\/wp-content\/uploads\/2024\/12\/5-6mm-Pearl-Bracelets-AA-freshwater-pearl-white-600x600.webp 600w, https:\/\/www.pearlswholesaler.com\/wp-content\/uploads\/2024\/12\/5-6mm-Pearl-Bracelets-AA-freshwater-pearl-white-100x100.webp 100w\" sizes=\"auto, (max-width: 1000px) 100vw, 1000px\" \/><\/p>\n<p>I nostri braccialetti variano in lunghezza da 15cm a 19cm per adattarsi a diverse taglie di polso, garantendo una vestibilit\u00e0 confortevole per clienti diversi. La qualit\u00e0 AA rappresenta un buon equilibrio tra qualit\u00e0 e prezzo, rendendo queste perle ideali per chi cerca sia aspetto che budget.<\/p>\n<p>Questo \u00e8 un prodotto che attirer\u00e0 una vasta gamma di clienti, e possiamo offrire prezzi all'ingrosso competitivi, quindi contattaci ora.<\/p>\n<ul>\n<li>Imballaggio: Sacchetto in polietilene\/Custodia per gioielli\/Scatola per gioielli<\/li>\n<li>Tempi di consegna: 3-10 giorni lavorativi<\/li>\n<li>Spedizione: DHL\/Fedex\/UPS\/EMS<\/li>\n<li>Termini di pagamento: Bonifico bancario Paypal\/ Western Union\/Alipay\/TT;<\/li>\n<li>Termini di pagamento: EXW, FOB Shanghai; Il compratore \u00e8 responsabile delle spese di spedizione<\/li>\n<\/ul>","protected":false},"excerpt":{"rendered":"<ul>\n<li><strong>Qualit\u00e0 delle Perle<\/strong>: grado AA<\/li>\n<li><strong>Dimensione della Perla<\/strong>: 5-6mm<\/li>\n<li><strong>Forma della Perla<\/strong>: Forma di riso<\/li>\n<li><strong>Colore della Perla<\/strong>: Bianco<\/li>\n<li><strong>Lunghezza<\/strong>: 15cm\/16cm\/17cm\/18cm\/19cm<\/li>\n<li><strong>Materiale<\/strong>: Giada, perla d'acqua dolce<\/li>\n<\/ul>","protected":false},"featured_media":1511,"template":"","meta":{"_kad_blocks_custom_css":"","_kad_blocks_head_custom_js":"","_kad_blocks_body_custom_js":"","_kad_blocks_footer_custom_js":"","_kadence_starter_templates_imported_post":false,"_kad_post_transparent":"default","_kad_post_title":"","_kad_post_layout":"default","_kad_post_sidebar_id":"","_kad_post_content_style":"default","_kad_post_vertical_padding":"default","_kad_post_feature":"","_kad_post_feature_position":"","_kad_post_header":false,"_kad_post_footer":false,"_kad_post_classname":"","jetpack_publicize_message":"","jetpack_publicize_feature_enabled":true,"jetpack_social_post_already_shared":false,"jetpack_social_options":{"image_generator_settings":{"template":"highway","default_image_id":0,"font":"","enabled":false},"version":2}},"product_brand":[],"product_cat":[62],"product_tag":[],"class_list":{"0":"post-1510","1":"product","2":"type-product","3":"status-publish","4":"has-post-thumbnail","6":"product_cat-pearl-bracelets","7":"pa_pearl-color-white-pearl","8":"pa_pearl-shape-rice-pearl","9":"pa_pearl-size-5mm-pearl-jewelry","10":"pa_pearl-size-6mm","11":"pa_pearl-type-freshwater-pearl","13":"first","14":"instock","15":"shipping-taxable","16":"product-type-simple","17":"entry","18":"content-bg","19":"loop-entry"},"jetpack_publicize_connections":[],"taxonomy_info":{"product_cat":[{"value":62,"label":"Pearl Bracelet"}],"pa_pearl-color":[{"value":66,"label":"White Pearl"}],"pa_pearl-shape":[{"value":76,"label":"Rice pearl"}],"pa_pearl-size":[{"value":67,"label":"5mm"},{"value":77,"label":"6mm"}],"pa_pearl-type":[{"value":69,"label":"Freshwater Pearl"}]},"featured_image_src_large":["https:\/\/www.pearlswholesaler.com\/wp-content\/uploads\/2024\/12\/5-6mm-Pearl-Bracelets-AA-freshwater-pearl-white.webp",1000,1000,false],"author_info":[],"comment_info":"","_links":{"self":[{"href":"https:\/\/www.pearlswholesaler.com\/it\/wp-json\/wp\/v2\/product\/1510","targetHints":{"allow":["GET"]}}],"collection":[{"href":"https:\/\/www.pearlswholesaler.com\/it\/wp-json\/wp\/v2\/product"}],"about":[{"href":"https:\/\/www.pearlswholesaler.com\/it\/wp-json\/wp\/v2\/types\/product"}],"wp:featuredmedia":[{"embeddable":true,"href":"https:\/\/www.pearlswholesaler.com\/it\/wp-json\/wp\/v2\/media\/1511"}],"wp:attachment":[{"href":"https:\/\/www.pearlswholesaler.com\/it\/wp-json\/wp\/v2\/media?parent=1510"}],"wp:term":[{"taxonomy":"product_brand","embeddable":true,"href":"https:\/\/www.pearlswholesaler.com\/it\/wp-json\/wp\/v2\/product_brand?post=1510"},{"taxonomy":"product_cat","embeddable":true,"href":"https:\/\/www.pearlswholesaler.com\/it\/wp-json\/wp\/v2\/product_cat?post=1510"},{"taxonomy":"product_tag","embeddable":true,"href":"https:\/\/www.pearlswholesaler.com\/it\/wp-json\/wp\/v2\/product_tag?post=1510"}],"curies":[{"name":"wp","href":"https:\/\/api.w.org\/{rel}","templated":true}]}}