{"id":1506,"date":"2024-12-11T13:49:41","date_gmt":"2024-12-11T13:49:41","guid":{"rendered":"https:\/\/pearlswholesaler.com\/?post_type=product&#038;p=1506"},"modified":"2024-12-15T07:40:37","modified_gmt":"2024-12-15T07:40:37","slug":"bulk-4-5mm-white-potato-pearl-and-turquoise-bead-bracelet","status":"publish","type":"product","link":"https:\/\/www.pearlswholesaler.com\/it\/product\/bulk-4-5mm-white-potato-pearl-and-turquoise-bead-bracelet\/","title":{"rendered":"Bracciale di perle di forma patata di acqua dolce bianca da 4-5mm, grado AAA"},"content":{"rendered":"<p><span id=\"input-sentence~0\">Incontra il nostro bracciale in perla d'acqua dolce di forma patata bianca da 4-5 mm di qualit\u00e0 AAA, il pezzo di gioielleria all'ingrosso pi\u00f9 versatile di cui hai bisogno.<\/span><\/p>\n<p><span id=\"input-sentence~0\">Le perle selezionate sono di alta qualit\u00e0 per garantire che i prodotti siano standard, soddisfando le aspettative di qualit\u00e0 del cliente pi\u00f9 esigente.<\/span><\/p>\n<p><img loading=\"lazy\" decoding=\"async\" class=\"size-full wp-image-1507 aligncenter\" src=\"https:\/\/pearlswholesaler.com\/wp-content\/uploads\/2024\/12\/4-5mm-Pearl-Bracelets-AAA-freshwater-pearl-white.webp\" alt=\"Bracciale con perle d&#039;acqua dolce bianche da 4-5mm e perline di turchese, qualit\u00e0 AAA\" width=\"1000\" height=\"1022\" title=\"\" srcset=\"https:\/\/www.pearlswholesaler.com\/wp-content\/uploads\/2024\/12\/4-5mm-Pearl-Bracelets-AAA-freshwater-pearl-white.webp 1000w, https:\/\/www.pearlswholesaler.com\/wp-content\/uploads\/2024\/12\/4-5mm-Pearl-Bracelets-AAA-freshwater-pearl-white-294x300.webp 294w, https:\/\/www.pearlswholesaler.com\/wp-content\/uploads\/2024\/12\/4-5mm-Pearl-Bracelets-AAA-freshwater-pearl-white-768x785.webp 768w, https:\/\/www.pearlswholesaler.com\/wp-content\/uploads\/2024\/12\/4-5mm-Pearl-Bracelets-AAA-freshwater-pearl-white-600x613.webp 600w\" sizes=\"auto, (max-width: 1000px) 100vw, 1000px\" \/><\/p>\n<p>Con i nostri bracciali disponibili in una gamma di lunghezze che vanno da 15 cm a 19 cm di polso, quindi possono essere adattati a diverse circonferenze del polso.<span id=\"input-sentence~1\"> Il fermaglio in rame sicuro, il bracciale \u00e8 resistente e facile da indossare, e l'aggiunta di perle di turchese contrastanti a un mix di perle d'acqua dolce per un design bchatch conferisce alla gioielleria un tocco di stile, un vero miglioramento nell'aspetto del bracciale.<\/span><\/p>\n<p>Espandi la tua linea di gioielli con questo bellissimo bracciale. Ordini all'ingrosso e prezzi? Facciamo un accordo che aggiunge raffinatezza e qualit\u00e0 alla tua attivit\u00e0.<\/p>\n<ul>\n<li>Imballaggio: Sacchetto in polietilene\/Custodia per gioielli\/Scatola per gioielli<\/li>\n<li>Tempi di consegna: 3-10 giorni lavorativi<\/li>\n<li>Spedizione: DHL\/Fedex\/UPS\/EMS<\/li>\n<li>Termini di pagamento: Bonifico bancario Paypal\/ Western Union\/Alipay\/TT;<\/li>\n<li>Termini di pagamento: EXW, FOB Shanghai; Il compratore \u00e8 responsabile delle spese di spedizione<\/li>\n<\/ul>","protected":false},"excerpt":{"rendered":"<ul>\n<li><strong>Qualit\u00e0 delle Perle<\/strong>: Grado AAA<\/li>\n<li><strong>Dimensione della Perla<\/strong>: 4-5mm<\/li>\n<li><strong>Forma della Perla<\/strong>: Forma di patata<\/li>\n<li><strong>Colore della Perla<\/strong>: Bianco<\/li>\n<li><strong>Lunghezza<\/strong>: 15cm\/16cm\/17cm\/18cm\/19cm<\/li>\n<li><strong>Chiusura<\/strong>\uff1achiusura in rame<\/li>\n<li><strong>Materiale<\/strong>: perle d'acqua dolce, perline di turchese, perline di rame<\/li>\n<\/ul>","protected":false},"featured_media":1507,"template":"","meta":{"_kad_blocks_custom_css":"","_kad_blocks_head_custom_js":"","_kad_blocks_body_custom_js":"","_kad_blocks_footer_custom_js":"","_kadence_starter_templates_imported_post":false,"_kad_post_transparent":"default","_kad_post_title":"","_kad_post_layout":"default","_kad_post_sidebar_id":"","_kad_post_content_style":"default","_kad_post_vertical_padding":"default","_kad_post_feature":"","_kad_post_feature_position":"","_kad_post_header":false,"_kad_post_footer":false,"_kad_post_classname":"","jetpack_publicize_message":"","jetpack_publicize_feature_enabled":true,"jetpack_social_post_already_shared":false,"jetpack_social_options":{"image_generator_settings":{"template":"highway","default_image_id":0,"font":"","enabled":false},"version":2}},"product_brand":[],"product_cat":[62],"product_tag":[],"class_list":{"0":"post-1506","1":"product","2":"type-product","3":"status-publish","4":"has-post-thumbnail","6":"product_cat-pearl-bracelets","7":"pa_pearl-color-white-pearl","8":"pa_pearl-shape-potato-pearl","9":"pa_pearl-size-4mm","10":"pa_pearl-size-5mm-pearl-jewelry","11":"pa_pearl-type-freshwater-pearl","13":"first","14":"instock","15":"shipping-taxable","16":"product-type-simple","17":"entry","18":"content-bg","19":"loop-entry"},"jetpack_publicize_connections":[],"taxonomy_info":{"product_cat":[{"value":62,"label":"Pearl Bracelet"}],"pa_pearl-color":[{"value":66,"label":"White Pearl"}],"pa_pearl-shape":[{"value":86,"label":"Potato Pearl"}],"pa_pearl-size":[{"value":73,"label":"4mm"},{"value":67,"label":"5mm"}],"pa_pearl-type":[{"value":69,"label":"Freshwater Pearl"}]},"featured_image_src_large":["https:\/\/www.pearlswholesaler.com\/wp-content\/uploads\/2024\/12\/4-5mm-Pearl-Bracelets-AAA-freshwater-pearl-white.webp",1000,1022,false],"author_info":[],"comment_info":"","_links":{"self":[{"href":"https:\/\/www.pearlswholesaler.com\/it\/wp-json\/wp\/v2\/product\/1506","targetHints":{"allow":["GET"]}}],"collection":[{"href":"https:\/\/www.pearlswholesaler.com\/it\/wp-json\/wp\/v2\/product"}],"about":[{"href":"https:\/\/www.pearlswholesaler.com\/it\/wp-json\/wp\/v2\/types\/product"}],"wp:featuredmedia":[{"embeddable":true,"href":"https:\/\/www.pearlswholesaler.com\/it\/wp-json\/wp\/v2\/media\/1507"}],"wp:attachment":[{"href":"https:\/\/www.pearlswholesaler.com\/it\/wp-json\/wp\/v2\/media?parent=1506"}],"wp:term":[{"taxonomy":"product_brand","embeddable":true,"href":"https:\/\/www.pearlswholesaler.com\/it\/wp-json\/wp\/v2\/product_brand?post=1506"},{"taxonomy":"product_cat","embeddable":true,"href":"https:\/\/www.pearlswholesaler.com\/it\/wp-json\/wp\/v2\/product_cat?post=1506"},{"taxonomy":"product_tag","embeddable":true,"href":"https:\/\/www.pearlswholesaler.com\/it\/wp-json\/wp\/v2\/product_tag?post=1506"}],"curies":[{"name":"wp","href":"https:\/\/api.w.org\/{rel}","templated":true}]}}