{"id":1488,"date":"2024-12-12T11:41:32","date_gmt":"2024-12-12T11:41:32","guid":{"rendered":"https:\/\/pearlswholesaler.com\/?post_type=product&#038;p=1488"},"modified":"2024-12-15T07:34:14","modified_gmt":"2024-12-15T07:34:14","slug":"bulk-8-9mm-white-pearl-earring-18k-gold","status":"publish","type":"product","link":"https:\/\/www.pearlswholesaler.com\/it\/product\/bulk-8-9mm-white-pearl-earring-18k-gold\/","title":{"rendered":"Orecchino con perla d'acqua dolce bianca 8-9mm, grado AAAA, Oro 18K"},"content":{"rendered":"<p>Presentiamo i nostri orecchini in perla d'acqua dolce di qualit\u00e0 AAAA, di 8-9mm, queste perle bianche quasi rotonde sono un perfetto equilibrio tra eleganza e qualit\u00e0. Ogni perla \u00e8 attentamente selezionata per la sua forma quasi rotonda e il colore bianco immacolato. Questi orecchini sono realizzati con una combinazione di perle d'acqua dolce e acquamarina, che completano il lustro naturale delle perle.<\/p>\n<p><img loading=\"lazy\" decoding=\"async\" class=\"size-full wp-image-1489 aligncenter\" src=\"https:\/\/pearlswholesaler.com\/wp-content\/uploads\/2024\/12\/8-9mm-earrring-AAAA-fresh-water-pearlwhite.webp\" alt=\"Perla bianca d&#039;acqua dolce di qualit\u00e0 AAA, 8-9mm, orecchino, argento 925\" width=\"1000\" height=\"945\" title=\"\" srcset=\"https:\/\/www.pearlswholesaler.com\/wp-content\/uploads\/2024\/12\/8-9mm-earrring-AAAA-fresh-water-pearlwhite.webp 1000w, https:\/\/www.pearlswholesaler.com\/wp-content\/uploads\/2024\/12\/8-9mm-earrring-AAAA-fresh-water-pearlwhite-300x284.webp 300w, https:\/\/www.pearlswholesaler.com\/wp-content\/uploads\/2024\/12\/8-9mm-earrring-AAAA-fresh-water-pearlwhite-768x726.webp 768w, https:\/\/www.pearlswholesaler.com\/wp-content\/uploads\/2024\/12\/8-9mm-earrring-AAAA-fresh-water-pearlwhite-600x567.webp 600w\" sizes=\"auto, (max-width: 1000px) 100vw, 1000px\" \/><\/p>\n<p>Gli orecchini sono incastonati in oro 18K, una scelta che non solo valorizza l'estetica complessiva ma fornisce anche una base durevole e preziosa per questi orecchini di alta qualit\u00e0. La montatura in oro 18K garantisce che gli orecchini siano ipoallergenici e adatti a chi ha la pelle sensibile, rendendoli una scelta popolare tra i consumatori.<\/p>\n<p>Questi orecchini sono un'ottima scelta per i rivenditori che desiderano offrire gioielli di alta qualit\u00e0 e lusso a un prezzo competitivo, questi orecchini di perle sono pronti a diventare un preferito tra la vostra clientela esigente.<\/p>\n<ul>\n<li>Imballaggio: Sacchetto in polietilene\/Custodia per gioielli\/Scatola per gioielli<\/li>\n<li>Tempi di consegna: 3-10 giorni lavorativi<\/li>\n<li>Spedizione: DHL\/Fedex\/UPS\/EMS<\/li>\n<li>Termini di pagamento: Bonifico bancario Paypal\/ Western Union\/Alipay\/TT;<\/li>\n<li>Termini di pagamento: EXW, FOB Shanghai; Il compratore \u00e8 responsabile delle spese di spedizione<\/li>\n<\/ul>","protected":false},"excerpt":{"rendered":"<ul>\n<li><strong>Qualit\u00e0 delle Perle<\/strong>: Grado AAAA<\/li>\n<li><strong>Dimensione della Perla<\/strong>: 8-9mm<\/li>\n<li><strong>Forma della Perla<\/strong>: Quasi rotondo<\/li>\n<li><strong>Colore della Perla<\/strong>: Bianco<\/li>\n<li><strong>Materiale<\/strong>\uff1aPerla d'acqua dolce, Acquamarina, Oro 18K<\/li>\n<\/ul>","protected":false},"featured_media":1489,"template":"","meta":{"_kad_blocks_custom_css":"","_kad_blocks_head_custom_js":"","_kad_blocks_body_custom_js":"","_kad_blocks_footer_custom_js":"","_kadence_starter_templates_imported_post":false,"_kad_post_transparent":"default","_kad_post_title":"","_kad_post_layout":"default","_kad_post_sidebar_id":"","_kad_post_content_style":"default","_kad_post_vertical_padding":"default","_kad_post_feature":"","_kad_post_feature_position":"","_kad_post_header":false,"_kad_post_footer":false,"_kad_post_classname":"","jetpack_publicize_message":"","jetpack_publicize_feature_enabled":true,"jetpack_social_post_already_shared":false,"jetpack_social_options":{"image_generator_settings":{"template":"highway","default_image_id":0,"font":"","enabled":false},"version":2}},"product_brand":[],"product_cat":[63],"product_tag":[],"class_list":{"0":"post-1488","1":"product","2":"type-product","3":"status-publish","4":"has-post-thumbnail","6":"product_cat-pearl-earrings","7":"pa_pearl-color-white-pearl","8":"pa_pearl-shape-near-round","9":"pa_pearl-size-8mm","10":"pa_pearl-size-9mm","11":"pa_pearl-type-freshwater-pearl","13":"first","14":"instock","15":"shipping-taxable","16":"product-type-simple","17":"entry","18":"content-bg","19":"loop-entry"},"jetpack_publicize_connections":[],"taxonomy_info":{"product_cat":[{"value":63,"label":"Pearl Earring"}],"pa_pearl-color":[{"value":66,"label":"White Pearl"}],"pa_pearl-shape":[{"value":84,"label":"Near Round"}],"pa_pearl-size":[{"value":71,"label":"8mm"},{"value":78,"label":"9mm"}],"pa_pearl-type":[{"value":69,"label":"Freshwater Pearl"}]},"featured_image_src_large":["https:\/\/www.pearlswholesaler.com\/wp-content\/uploads\/2024\/12\/8-9mm-earrring-AAAA-fresh-water-pearlwhite.webp",1000,945,false],"author_info":[],"comment_info":"","_links":{"self":[{"href":"https:\/\/www.pearlswholesaler.com\/it\/wp-json\/wp\/v2\/product\/1488","targetHints":{"allow":["GET"]}}],"collection":[{"href":"https:\/\/www.pearlswholesaler.com\/it\/wp-json\/wp\/v2\/product"}],"about":[{"href":"https:\/\/www.pearlswholesaler.com\/it\/wp-json\/wp\/v2\/types\/product"}],"wp:featuredmedia":[{"embeddable":true,"href":"https:\/\/www.pearlswholesaler.com\/it\/wp-json\/wp\/v2\/media\/1489"}],"wp:attachment":[{"href":"https:\/\/www.pearlswholesaler.com\/it\/wp-json\/wp\/v2\/media?parent=1488"}],"wp:term":[{"taxonomy":"product_brand","embeddable":true,"href":"https:\/\/www.pearlswholesaler.com\/it\/wp-json\/wp\/v2\/product_brand?post=1488"},{"taxonomy":"product_cat","embeddable":true,"href":"https:\/\/www.pearlswholesaler.com\/it\/wp-json\/wp\/v2\/product_cat?post=1488"},{"taxonomy":"product_tag","embeddable":true,"href":"https:\/\/www.pearlswholesaler.com\/it\/wp-json\/wp\/v2\/product_tag?post=1488"}],"curies":[{"name":"wp","href":"https:\/\/api.w.org\/{rel}","templated":true}]}}