{"id":1475,"date":"2024-12-12T02:46:47","date_gmt":"2024-12-12T02:46:47","guid":{"rendered":"https:\/\/pearlswholesaler.com\/?post_type=product&#038;p=1475"},"modified":"2024-12-15T12:25:51","modified_gmt":"2024-12-15T12:25:51","slug":"aaaaa-quality-1318mm-white-baroque-pearl-earring","status":"publish","type":"product","link":"https:\/\/www.pearlswholesaler.com\/it\/product\/aaaaa-quality-1318mm-white-baroque-pearl-earring\/","title":{"rendered":"Orecchino con perla barocca d'acqua dolce bianca 13*18mm, grado AAA"},"content":{"rendered":"<p><span id=\"input-sentence~0\">I nostri orecchini con perle d'acqua dolce barocche AAAAA da 13-18mm sono realizzati con perle barocche di alta qualit\u00e0 da 13*18mm. La loro forma unica e barocca non \u00e8 solo bella ma anche in linea con la tendenza. Il colore bianco e rosa di queste perle \u00e8 versatile e accattivante, in grado di valorizzare tutti i toni della pelle e gli abiti.<\/span><span id=\"input-sentence~1\"><\/span><\/p>\n<p><img loading=\"lazy\" decoding=\"async\" class=\"size-full wp-image-1476 aligncenter\" src=\"https:\/\/pearlswholesaler.com\/wp-content\/uploads\/2024\/12\/1318mm-earring-AAAAA-fresh-water-pearlwhite.webp\" alt=\"Perla bianca barocca di qualit\u00e0 AAAAA, 13*18mm, orecchino, argento 925\" width=\"1160\" height=\"1294\" title=\"\" srcset=\"https:\/\/www.pearlswholesaler.com\/wp-content\/uploads\/2024\/12\/1318mm-earring-AAAAA-fresh-water-pearlwhite.webp 1160w, https:\/\/www.pearlswholesaler.com\/wp-content\/uploads\/2024\/12\/1318mm-earring-AAAAA-fresh-water-pearlwhite-269x300.webp 269w, https:\/\/www.pearlswholesaler.com\/wp-content\/uploads\/2024\/12\/1318mm-earring-AAAAA-fresh-water-pearlwhite-918x1024.webp 918w, https:\/\/www.pearlswholesaler.com\/wp-content\/uploads\/2024\/12\/1318mm-earring-AAAAA-fresh-water-pearlwhite-768x857.webp 768w, https:\/\/www.pearlswholesaler.com\/wp-content\/uploads\/2024\/12\/1318mm-earring-AAAAA-fresh-water-pearlwhite-600x669.webp 600w\" sizes=\"auto, (max-width: 1160px) 100vw, 1160px\" \/><\/p>\n<p>Questi orecchini sono realizzati con una combinazione di perle d'acqua dolce, zirconia e argento 925 per garantire durata e bellezza. Sono adatti per ogni occasione, pratici ed eleganti.<\/p>\n<p>\u00c8 perfetto per aziende che desiderano offrire prodotti di alta qualit\u00e0 e di lusso ai propri clienti. Contattaci oggi per discutere ordini all'ingrosso e prezzi.<\/p>\n<ul>\n<li>Imballaggio: Sacchetto in polietilene\/Custodia per gioielli\/Scatola per gioielli<\/li>\n<li>Tempi di consegna: 3-10 giorni lavorativi<\/li>\n<li>Spedizione: DHL\/Fedex\/UPS\/EMS<\/li>\n<li>Termini di pagamento: Bonifico bancario Paypal\/ Western Union\/Alipay\/TT;<\/li>\n<li>Termini di pagamento: EXW, FOB Shanghai; Il compratore \u00e8 responsabile delle spese di spedizione<\/li>\n<\/ul>","protected":false},"excerpt":{"rendered":"<ul>\n<li><strong>Qualit\u00e0 delle Perle<\/strong>: Grado AAAAA<\/li>\n<li><strong>Dimensione della Perla<\/strong>: 13*18mm<\/li>\n<li><strong>Forma della Perla<\/strong>: Barocco<\/li>\n<li><strong>Colore della Perla<\/strong>: Bianco \u2013 Rosa<\/li>\n<li><strong>Materiale<\/strong>\uff1aPerla d'acqua dolce, Zircone, Argento 925<\/li>\n<\/ul>","protected":false},"featured_media":1476,"template":"","meta":{"_kad_blocks_custom_css":"","_kad_blocks_head_custom_js":"","_kad_blocks_body_custom_js":"","_kad_blocks_footer_custom_js":"","_kadence_starter_templates_imported_post":false,"_kad_post_transparent":"default","_kad_post_title":"","_kad_post_layout":"default","_kad_post_sidebar_id":"","_kad_post_content_style":"default","_kad_post_vertical_padding":"default","_kad_post_feature":"","_kad_post_feature_position":"","_kad_post_header":false,"_kad_post_footer":false,"_kad_post_classname":"","jetpack_publicize_message":"","jetpack_publicize_feature_enabled":true,"jetpack_social_post_already_shared":false,"jetpack_social_options":{"image_generator_settings":{"template":"highway","default_image_id":0,"font":"","enabled":false},"version":2}},"product_brand":[],"product_cat":[63],"product_tag":[],"class_list":{"0":"post-1475","1":"product","2":"type-product","3":"status-publish","4":"has-post-thumbnail","6":"product_cat-pearl-earrings","7":"pa_pearl-color-pink-pearl","8":"pa_pearl-color-white-pearl","9":"pa_pearl-shape-baroque-pearl","10":"pa_pearl-size-13mm","11":"pa_pearl-size-18mm","12":"pa_pearl-type-freshwater-pearl","14":"first","15":"instock","16":"shipping-taxable","17":"product-type-simple","18":"entry","19":"content-bg","20":"loop-entry"},"jetpack_publicize_connections":[],"taxonomy_info":{"product_cat":[{"value":63,"label":"Pearl Earring"}],"pa_pearl-color":[{"value":92,"label":"Pink Pearl"},{"value":66,"label":"White Pearl"}],"pa_pearl-shape":[{"value":75,"label":"Baroque Pearl"}],"pa_pearl-size":[{"value":80,"label":"13mm"},{"value":81,"label":"18mm"}],"pa_pearl-type":[{"value":69,"label":"Freshwater Pearl"}]},"featured_image_src_large":["https:\/\/www.pearlswholesaler.com\/wp-content\/uploads\/2024\/12\/1318mm-earring-AAAAA-fresh-water-pearlwhite-918x1024.webp",918,1024,true],"author_info":[],"comment_info":"","_links":{"self":[{"href":"https:\/\/www.pearlswholesaler.com\/it\/wp-json\/wp\/v2\/product\/1475","targetHints":{"allow":["GET"]}}],"collection":[{"href":"https:\/\/www.pearlswholesaler.com\/it\/wp-json\/wp\/v2\/product"}],"about":[{"href":"https:\/\/www.pearlswholesaler.com\/it\/wp-json\/wp\/v2\/types\/product"}],"wp:featuredmedia":[{"embeddable":true,"href":"https:\/\/www.pearlswholesaler.com\/it\/wp-json\/wp\/v2\/media\/1476"}],"wp:attachment":[{"href":"https:\/\/www.pearlswholesaler.com\/it\/wp-json\/wp\/v2\/media?parent=1475"}],"wp:term":[{"taxonomy":"product_brand","embeddable":true,"href":"https:\/\/www.pearlswholesaler.com\/it\/wp-json\/wp\/v2\/product_brand?post=1475"},{"taxonomy":"product_cat","embeddable":true,"href":"https:\/\/www.pearlswholesaler.com\/it\/wp-json\/wp\/v2\/product_cat?post=1475"},{"taxonomy":"product_tag","embeddable":true,"href":"https:\/\/www.pearlswholesaler.com\/it\/wp-json\/wp\/v2\/product_tag?post=1475"}],"curies":[{"name":"wp","href":"https:\/\/api.w.org\/{rel}","templated":true}]}}