{"id":1462,"date":"2024-12-12T00:16:33","date_gmt":"2024-12-12T00:16:33","guid":{"rendered":"https:\/\/pearlswholesaler.com\/?post_type=product&#038;p=1462"},"modified":"2026-01-31T08:14:56","modified_gmt":"2026-01-31T08:14:56","slug":"bulk-aaaa-10-11mm-purple-orange-pearl-ring","status":"publish","type":"product","link":"https:\/\/www.pearlswholesaler.com\/it\/product\/bulk-aaaa-10-11mm-purple-orange-pearl-ring\/","title":{"rendered":"Anello con perla d'acqua dolce viola\/arancione da 10-11MM, Grado AAAA, Montatura in Oro 18K \/ Argento 925"},"content":{"rendered":"<p>Dai un'occhiata al nostro bellissimo Anello di Perle, che presenta perle d'acqua dolce di 10\u201311 mm. Queste perle non sono semplici; sono di qualit\u00e0 AAAA e hanno bellissimi colori viola e arancione. Selezioniamo ogni perla perfettamente rotonda con cura perch\u00e9 vogliamo assicurarci che sia di altissima qualit\u00e0. Questo la rende un'aggiunta davvero lussuosa a qualsiasi collezione di gioielli.<\/p>\n<p><img loading=\"lazy\" decoding=\"async\" class=\"size-full wp-image-1463 aligncenter\" src=\"https:\/\/pearlswholesaler.com\/wp-content\/uploads\/2024\/12\/10-11MM-AAAA-China-fresh-water-pearlpurpleorange.webp\" alt=\"Anello di perle d&#039;acqua dolce viola\/arancione di qualit\u00e0 AAAA, 10-11MM, argento 925\" width=\"1000\" height=\"1000\" title=\"\" srcset=\"https:\/\/www.pearlswholesaler.com\/wp-content\/uploads\/2024\/12\/10-11MM-AAAA-China-fresh-water-pearlpurpleorange.webp 1000w, https:\/\/www.pearlswholesaler.com\/wp-content\/uploads\/2024\/12\/10-11MM-AAAA-China-fresh-water-pearlpurpleorange-300x300.webp 300w, https:\/\/www.pearlswholesaler.com\/wp-content\/uploads\/2024\/12\/10-11MM-AAAA-China-fresh-water-pearlpurpleorange-150x150.webp 150w, https:\/\/www.pearlswholesaler.com\/wp-content\/uploads\/2024\/12\/10-11MM-AAAA-China-fresh-water-pearlpurpleorange-768x768.webp 768w, https:\/\/www.pearlswholesaler.com\/wp-content\/uploads\/2024\/12\/10-11MM-AAAA-China-fresh-water-pearlpurpleorange-600x600.webp 600w, https:\/\/www.pearlswholesaler.com\/wp-content\/uploads\/2024\/12\/10-11MM-AAAA-China-fresh-water-pearlpurpleorange-100x100.webp 100w\" sizes=\"auto, (max-width: 1000px) 100vw, 1000px\" \/><\/p>\n<p>Puoi scegliere tra oro 18K e argento 925 per la montatura dell'anello, che \u00e8 molto ben realizzata. In entrambi i casi, ottieni un aspetto classico ed elegante che si abbina a tutto.<\/p>\n<p>Questo anello di perle \u00e8 pi\u00f9 di un semplice gioiello; \u00e8 un vero pezzo di stile, ricco di eleganza e grazia. Se sei un grossista, questo \u00e8 perfetto per offrire ai tuoi clienti qualcosa di veramente unico e di alta qualit\u00e0. \u00c8 ideale per occasioni speciali, ma anche adorabile per l'uso quotidiano. Porta il tuo inventario a un livello superiore con questo splendido anello che incarna bellezza e maestria eccellente.<\/p>\n<p>Per i clienti all'ingrosso che desiderano offrire i migliori prodotti ai loro clienti, i nostri braccialetti sono una scelta ideale, con prezzi competitivi per garantire il successo della tua attivit\u00e0.<\/p>\n<p>Contattaci ora per ottenere prezzi all'ingrosso.<\/p>\n<ul>\n<li>Imballaggio: Sacchetto in polietilene\/Custodia per gioielli\/Scatola per gioielli<\/li>\n<li>Tempi di consegna: 3-10 giorni lavorativi<\/li>\n<li>Spedizione: DHL\/Fedex\/UPS\/EMS<\/li>\n<li>Termini di pagamento: Bonifico bancario Paypal\/ Western Union\/Alipay\/TT;<\/li>\n<li>Termini di pagamento: EXW, FOB Shanghai; Il compratore \u00e8 responsabile delle spese di spedizione<\/li>\n<\/ul>","protected":false},"excerpt":{"rendered":"<ul>\n<li><strong>Qualit\u00e0 delle Perle<\/strong>: Grado AAAA<\/li>\n<li><strong>Dimensione della Perla<\/strong>: 10-11mm<\/li>\n<li><strong>Forma della Perla<\/strong>: Rotondo<\/li>\n<li><strong>Colore della Perla<\/strong>: viola\/arancione<\/li>\n<li><strong>Montatura<\/strong>: Montatura in Oro 18K \/ Argento 925<\/li>\n<\/ul>","protected":false},"featured_media":1463,"template":"","meta":{"_kad_blocks_custom_css":"","_kad_blocks_head_custom_js":"","_kad_blocks_body_custom_js":"","_kad_blocks_footer_custom_js":"","_kadence_starter_templates_imported_post":false,"_kad_post_transparent":"default","_kad_post_title":"","_kad_post_layout":"default","_kad_post_sidebar_id":"","_kad_post_content_style":"default","_kad_post_vertical_padding":"default","_kad_post_feature":"","_kad_post_feature_position":"","_kad_post_header":false,"_kad_post_footer":false,"_kad_post_classname":"","jetpack_publicize_message":"","jetpack_publicize_feature_enabled":true,"jetpack_social_post_already_shared":false,"jetpack_social_options":{"image_generator_settings":{"template":"highway","default_image_id":0,"font":"","enabled":false},"version":2}},"product_brand":[],"product_cat":[61],"product_tag":[141],"class_list":{"0":"post-1462","1":"product","2":"type-product","3":"status-publish","4":"has-post-thumbnail","6":"product_cat-pearl-rings","7":"product_tag-silver-pearl-rings","8":"pa_pearl-color-natural-orange","9":"pa_pearl-color-natural-purple","10":"pa_pearl-shape-round-pearl","11":"pa_pearl-size-10mm","12":"pa_pearl-size-11mm","13":"pa_pearl-type-freshwater-pearl","15":"first","16":"instock","17":"shipping-taxable","18":"product-type-simple","19":"entry","20":"content-bg","21":"loop-entry"},"jetpack_publicize_connections":[],"taxonomy_info":{"product_cat":[{"value":61,"label":"Pearl Ring"}],"product_tag":[{"value":141,"label":"silver pearl rings"}],"pa_pearl-color":[{"value":95,"label":"Natural orange"},{"value":88,"label":"Natural purple"}],"pa_pearl-shape":[{"value":68,"label":"Round Pearl"}],"pa_pearl-size":[{"value":79,"label":"10mm"},{"value":82,"label":"11mm"}],"pa_pearl-type":[{"value":69,"label":"Freshwater Pearl"}]},"featured_image_src_large":["https:\/\/www.pearlswholesaler.com\/wp-content\/uploads\/2024\/12\/10-11MM-AAAA-China-fresh-water-pearlpurpleorange.webp",1000,1000,false],"author_info":[],"comment_info":"","_links":{"self":[{"href":"https:\/\/www.pearlswholesaler.com\/it\/wp-json\/wp\/v2\/product\/1462","targetHints":{"allow":["GET"]}}],"collection":[{"href":"https:\/\/www.pearlswholesaler.com\/it\/wp-json\/wp\/v2\/product"}],"about":[{"href":"https:\/\/www.pearlswholesaler.com\/it\/wp-json\/wp\/v2\/types\/product"}],"wp:featuredmedia":[{"embeddable":true,"href":"https:\/\/www.pearlswholesaler.com\/it\/wp-json\/wp\/v2\/media\/1463"}],"wp:attachment":[{"href":"https:\/\/www.pearlswholesaler.com\/it\/wp-json\/wp\/v2\/media?parent=1462"}],"wp:term":[{"taxonomy":"product_brand","embeddable":true,"href":"https:\/\/www.pearlswholesaler.com\/it\/wp-json\/wp\/v2\/product_brand?post=1462"},{"taxonomy":"product_cat","embeddable":true,"href":"https:\/\/www.pearlswholesaler.com\/it\/wp-json\/wp\/v2\/product_cat?post=1462"},{"taxonomy":"product_tag","embeddable":true,"href":"https:\/\/www.pearlswholesaler.com\/it\/wp-json\/wp\/v2\/product_tag?post=1462"}],"curies":[{"name":"wp","href":"https:\/\/api.w.org\/{rel}","templated":true}]}}