{"id":1433,"date":"2024-12-08T01:31:18","date_gmt":"2024-12-08T01:31:18","guid":{"rendered":"https:\/\/pearlswholesaler.com\/?post_type=product&#038;p=1433"},"modified":"2024-12-15T12:34:06","modified_gmt":"2024-12-15T12:34:06","slug":"aaaa-10mm-white-round-pearl-pendant-925-silver","status":"publish","type":"product","link":"https:\/\/www.pearlswholesaler.com\/it\/product\/aaaa-10mm-white-round-pearl-pendant-925-silver\/","title":{"rendered":"Pendente con perla d'acqua dolce bianca rotonda da 10mm, Grado AAAA, Argento 925"},"content":{"rendered":"<p>Abbiamo questo squisito pendente rotondo in perla d'acqua dolce bianca da 10mm, ideale per l'individuo esigente. Un pendente splendidamente realizzato con una perla di qualit\u00e0 AAAA che presenta il miglior lustro e la superficie pi\u00f9 uniforme, questa perla rotonda ti ricorder\u00e0 la perfezione naturale.<\/p>\n<p><img loading=\"lazy\" decoding=\"async\" class=\"size-full wp-image-1434 aligncenter\" src=\"https:\/\/www.pearlswholesaler.com\/wp-content\/uploads\/2024\/12\/WechatIMG238_\u526f\u672c.webp\" alt=\"Pendente di perle d&#039;acqua dolce bianche rotonde da 10mm, di qualit\u00e0 AAAA, argento 925\" width=\"1000\" height=\"1333\" title=\"\" srcset=\"https:\/\/www.pearlswholesaler.com\/wp-content\/uploads\/2024\/12\/WechatIMG238_\u526f\u672c.webp 1000w, https:\/\/www.pearlswholesaler.com\/wp-content\/uploads\/2024\/12\/WechatIMG238_\u526f\u672c-225x300.webp 225w, https:\/\/www.pearlswholesaler.com\/wp-content\/uploads\/2024\/12\/WechatIMG238_\u526f\u672c-768x1024.webp 768w, https:\/\/www.pearlswholesaler.com\/wp-content\/uploads\/2024\/12\/WechatIMG238_\u526f\u672c-600x800.webp 600w\" sizes=\"auto, (max-width: 1000px) 100vw, 1000px\" \/><\/p>\n<p>Quando abbinato a una catena in argento sterling 925, aggiunge semplicemente il tocco perfetto di lusso garantendo un lucentezza elegante e duratura. Abbiamo questo squisito pendente rotondo in perla d'acqua dolce bianca da 10mm, ideale per gli esigenti.<\/p>\n<p>Goditi prezzi all'ingrosso e confezioni flessibili per i tuoi ordini all'ingrosso.<\/p>\n<ul>\n<li>Imballaggio: Sacchetto in polietilene\/Custodia per gioielli\/Scatola per gioielli<\/li>\n<li>Tempi di consegna: 3-10 giorni lavorativi<\/li>\n<li>Spedizione: DHL\/Fedex\/UPS\/EMS<\/li>\n<li>Termini di pagamento: Bonifico bancario Paypal\/ Western Union\/Alipay\/TT;<\/li>\n<li>Termini di pagamento: EXW, FOB Shanghai; Il compratore \u00e8 responsabile delle spese di spedizione<\/li>\n<\/ul>","protected":false},"excerpt":{"rendered":"<ul>\n<li><strong>Qualit\u00e0 delle Perle<\/strong>: Grado AAAA<\/li>\n<li><strong>Dimensione della Perla<\/strong>: 10mm<\/li>\n<li><strong>Forma della Perla<\/strong>: Rotondo<\/li>\n<li><strong>Colore della Perla<\/strong>: Bianco<\/li>\n<li><strong>Materiale<\/strong>: Argento 925, Perla d'acqua dolce<\/li>\n<\/ul>","protected":false},"featured_media":1434,"template":"","meta":{"_kad_blocks_custom_css":"","_kad_blocks_head_custom_js":"","_kad_blocks_body_custom_js":"","_kad_blocks_footer_custom_js":"","_kadence_starter_templates_imported_post":false,"_kad_post_transparent":"default","_kad_post_title":"","_kad_post_layout":"default","_kad_post_sidebar_id":"","_kad_post_content_style":"default","_kad_post_vertical_padding":"default","_kad_post_feature":"","_kad_post_feature_position":"","_kad_post_header":false,"_kad_post_footer":false,"_kad_post_classname":"","jetpack_publicize_message":"","jetpack_publicize_feature_enabled":true,"jetpack_social_post_already_shared":false,"jetpack_social_options":{"image_generator_settings":{"template":"highway","default_image_id":0,"font":"","enabled":false},"version":2}},"product_brand":[],"product_cat":[64],"product_tag":[],"class_list":{"0":"post-1433","1":"product","2":"type-product","3":"status-publish","4":"has-post-thumbnail","6":"product_cat-pearl-pendants","7":"pa_pearl-color-white-pearl","8":"pa_pearl-shape-round-pearl","9":"pa_pearl-size-10mm","10":"pa_pearl-type-freshwater-pearl","12":"first","13":"instock","14":"shipping-taxable","15":"product-type-simple","16":"entry","17":"content-bg","18":"loop-entry"},"jetpack_publicize_connections":[],"taxonomy_info":{"product_cat":[{"value":64,"label":"Pearl Pendant"}],"pa_pearl-color":[{"value":66,"label":"White Pearl"}],"pa_pearl-shape":[{"value":68,"label":"Round Pearl"}],"pa_pearl-size":[{"value":79,"label":"10mm"}],"pa_pearl-type":[{"value":69,"label":"Freshwater Pearl"}]},"featured_image_src_large":["https:\/\/www.pearlswholesaler.com\/wp-content\/uploads\/2024\/12\/WechatIMG238_\u526f\u672c-768x1024.webp",768,1024,true],"author_info":[],"comment_info":"","_links":{"self":[{"href":"https:\/\/www.pearlswholesaler.com\/it\/wp-json\/wp\/v2\/product\/1433","targetHints":{"allow":["GET"]}}],"collection":[{"href":"https:\/\/www.pearlswholesaler.com\/it\/wp-json\/wp\/v2\/product"}],"about":[{"href":"https:\/\/www.pearlswholesaler.com\/it\/wp-json\/wp\/v2\/types\/product"}],"wp:featuredmedia":[{"embeddable":true,"href":"https:\/\/www.pearlswholesaler.com\/it\/wp-json\/wp\/v2\/media\/1434"}],"wp:attachment":[{"href":"https:\/\/www.pearlswholesaler.com\/it\/wp-json\/wp\/v2\/media?parent=1433"}],"wp:term":[{"taxonomy":"product_brand","embeddable":true,"href":"https:\/\/www.pearlswholesaler.com\/it\/wp-json\/wp\/v2\/product_brand?post=1433"},{"taxonomy":"product_cat","embeddable":true,"href":"https:\/\/www.pearlswholesaler.com\/it\/wp-json\/wp\/v2\/product_cat?post=1433"},{"taxonomy":"product_tag","embeddable":true,"href":"https:\/\/www.pearlswholesaler.com\/it\/wp-json\/wp\/v2\/product_tag?post=1433"}],"curies":[{"name":"wp","href":"https:\/\/api.w.org\/{rel}","templated":true}]}}