{"id":1391,"date":"2024-12-05T11:41:29","date_gmt":"2024-12-05T11:41:29","guid":{"rendered":"https:\/\/pearlswholesaler.com\/?post_type=product&#038;p=1391"},"modified":"2024-12-15T12:36:06","modified_gmt":"2024-12-15T12:36:06","slug":"3-5-4mm-white-baroque-pearl-strand-a","status":"publish","type":"product","link":"https:\/\/www.pearlswholesaler.com\/it\/product\/3-5-4mm-white-baroque-pearl-strand-a\/","title":{"rendered":"Filo di perle barocche bianche da 3,5-4mm, Grado A, 16 pollici"},"content":{"rendered":"<p>Ispirati dalla natura, la nostra collana di perle barocche d'acqua dolce bianche da 3,5-4mm lunga 16 pollici \u00e8 un omaggio alla bellezza semplice in armonia irregolare. Quando scegli questa collana di perle di qualit\u00e0 A, scegli perle selezionate a mano per la loro buona forma e lucentezza, le perle barocche sono infatti conosciute per la bellezza delle loro forme diverse che crescono organicamente.<\/p>\n<p><img loading=\"lazy\" decoding=\"async\" class=\"size-full wp-image-1393 aligncenter\" src=\"https:\/\/pearlswholesaler.com\/wp-content\/uploads\/2024\/12\/551729510587_.pic_hd.jpg\" alt=\"Filo di perle barocche bianche da 3,5-4mm, Grado A, 16 pollici\" width=\"1000\" height=\"1000\" title=\"\" srcset=\"https:\/\/www.pearlswholesaler.com\/wp-content\/uploads\/2024\/12\/551729510587_.pic_hd.jpg 1000w, https:\/\/www.pearlswholesaler.com\/wp-content\/uploads\/2024\/12\/551729510587_.pic_hd-300x300.jpg 300w, https:\/\/www.pearlswholesaler.com\/wp-content\/uploads\/2024\/12\/551729510587_.pic_hd-150x150.jpg 150w, https:\/\/www.pearlswholesaler.com\/wp-content\/uploads\/2024\/12\/551729510587_.pic_hd-768x768.jpg 768w, https:\/\/www.pearlswholesaler.com\/wp-content\/uploads\/2024\/12\/551729510587_.pic_hd-600x600.jpg 600w, https:\/\/www.pearlswholesaler.com\/wp-content\/uploads\/2024\/12\/551729510587_.pic_hd-100x100.jpg 100w\" sizes=\"auto, (max-width: 1000px) 100vw, 1000px\" \/><\/p>\n<p>Perle pi\u00f9 piccole e delicate compongono questa collana che rappresenta un'alternativa pi\u00f9 sottile, le perle d'acqua dolce si abbinano meglio a uno stile che \u00e8 sfumato (o sfumature sfumate) da quello che posso capire dall'esperienza.<\/p>\n<p>La qualit\u00e0 A \u00e8 buona poich\u00e9 garantisce che la perla avr\u00e0 una bella lucentezza e pochi difetti superficiali, mostrando la loro bellezza naturale.<\/p>\n<ul>\n<li>Imballaggio: Sacchetto in polietilene\/Custodia per gioielli\/Scatola per gioielli<\/li>\n<li>Tempi di consegna: 3-10 giorni lavorativi<\/li>\n<li>Spedizione: DHL\/Fedex\/UPS\/EMS<\/li>\n<li>Termini di pagamento: Bonifico bancario Paypal\/ Western Union\/Alipay\/TT;<\/li>\n<li>Termini di pagamento: EXW, FOB Shanghai; Il compratore \u00e8 responsabile delle spese di spedizione<\/li>\n<\/ul>","protected":false},"excerpt":{"rendered":"<ul>\n<li><strong>Qualit\u00e0 delle Perle<\/strong>: Qualit\u00e0 A<\/li>\n<li><strong>Dimensione della Perla<\/strong>: 3,5-4 mm<\/li>\n<li><strong>Forma della Perla<\/strong>: Barocco<\/li>\n<li><strong>Colore della Perla<\/strong>: Bianco<\/li>\n<li><strong>Lunghezza<\/strong>: 16 pollici<\/li>\n<li><strong>Chiusura<\/strong>: Escludi<\/li>\n<\/ul>","protected":false},"featured_media":1392,"template":"","meta":{"_kad_blocks_custom_css":"","_kad_blocks_head_custom_js":"","_kad_blocks_body_custom_js":"","_kad_blocks_footer_custom_js":"","_kadence_starter_templates_imported_post":false,"_kad_post_transparent":"default","_kad_post_title":"","_kad_post_layout":"default","_kad_post_sidebar_id":"","_kad_post_content_style":"default","_kad_post_vertical_padding":"default","_kad_post_feature":"","_kad_post_feature_position":"","_kad_post_header":false,"_kad_post_footer":false,"_kad_post_classname":"","jetpack_publicize_message":"","jetpack_publicize_feature_enabled":true,"jetpack_social_post_already_shared":false,"jetpack_social_options":{"image_generator_settings":{"template":"highway","default_image_id":0,"font":"","enabled":false},"version":2}},"product_brand":[],"product_cat":[15],"product_tag":[],"class_list":{"0":"post-1391","1":"product","2":"type-product","3":"status-publish","4":"has-post-thumbnail","6":"product_cat-pearl-strands","7":"pa_pearl-color-white-pearl","8":"pa_pearl-shape-baroque-pearl","9":"pa_pearl-size-3mm","10":"pa_pearl-size-4mm","11":"pa_pearl-type-freshwater-pearl","13":"first","14":"instock","15":"shipping-taxable","16":"product-type-simple","17":"entry","18":"content-bg","19":"loop-entry"},"jetpack_publicize_connections":[],"taxonomy_info":{"product_cat":[{"value":15,"label":"Pearl Strand"}],"pa_pearl-color":[{"value":66,"label":"White Pearl"}],"pa_pearl-shape":[{"value":75,"label":"Baroque Pearl"}],"pa_pearl-size":[{"value":72,"label":"3mm"},{"value":73,"label":"4mm"}],"pa_pearl-type":[{"value":69,"label":"Freshwater Pearl"}]},"featured_image_src_large":["https:\/\/www.pearlswholesaler.com\/wp-content\/uploads\/2024\/12\/541729510586_.pic_hd.jpg",1000,1000,false],"author_info":[],"comment_info":"","_links":{"self":[{"href":"https:\/\/www.pearlswholesaler.com\/it\/wp-json\/wp\/v2\/product\/1391","targetHints":{"allow":["GET"]}}],"collection":[{"href":"https:\/\/www.pearlswholesaler.com\/it\/wp-json\/wp\/v2\/product"}],"about":[{"href":"https:\/\/www.pearlswholesaler.com\/it\/wp-json\/wp\/v2\/types\/product"}],"wp:featuredmedia":[{"embeddable":true,"href":"https:\/\/www.pearlswholesaler.com\/it\/wp-json\/wp\/v2\/media\/1392"}],"wp:attachment":[{"href":"https:\/\/www.pearlswholesaler.com\/it\/wp-json\/wp\/v2\/media?parent=1391"}],"wp:term":[{"taxonomy":"product_brand","embeddable":true,"href":"https:\/\/www.pearlswholesaler.com\/it\/wp-json\/wp\/v2\/product_brand?post=1391"},{"taxonomy":"product_cat","embeddable":true,"href":"https:\/\/www.pearlswholesaler.com\/it\/wp-json\/wp\/v2\/product_cat?post=1391"},{"taxonomy":"product_tag","embeddable":true,"href":"https:\/\/www.pearlswholesaler.com\/it\/wp-json\/wp\/v2\/product_tag?post=1391"}],"curies":[{"name":"wp","href":"https:\/\/api.w.org\/{rel}","templated":true}]}}