{"id":1355,"date":"2024-12-04T00:39:49","date_gmt":"2024-12-04T00:39:49","guid":{"rendered":"https:\/\/pearlswholesaler.com\/?post_type=product&#038;p=1355"},"modified":"2025-08-06T01:12:24","modified_gmt":"2025-08-06T01:12:24","slug":"9-10mm-baroque-white-freshwater-pearl-strands-b","status":"publish","type":"product","link":"https:\/\/www.pearlswholesaler.com\/it\/product\/9-10mm-baroque-white-freshwater-pearl-strands-b\/","title":{"rendered":"Fili di perle d'acqua dolce barocche bianche da 9-10mm, Grado 5A, 16 pollici"},"content":{"rendered":"<p><span id=\"input-sentence~3\">Dai un'occhiata alle nostre splendide collane di perle d'acqua dolce barocche bianche da 9-10mm \u2013 sono un'aggiunta davvero bella a qualsiasi scatola di gioielli!<\/span> <span id=\"input-sentence~4\">Realizzate con perle di qualit\u00e0 B, ogni forma barocca \u00e8 meravigliosamente unica, con un fascino naturale che risalta davvero.<\/span> <span id=\"input-sentence~5\">Il lustro \u00e8 fantastico, e noterai alcune sottili differenze che rendono ogni collana speciale.<\/span> <span id=\"input-sentence~6\">Lunghezza di 16 pollici, sono perfette da indossare da sole per un tocco sofisticato, o sovrapposte ad altre collane.<\/span> <span id=\"input-sentence~7\">Queste perle senza tempo sono un ottimo modo per elevare il tuo stile e aggiungere un tocco classico e bello a qualsiasi outfit.<\/span><\/p>\n<p><img loading=\"lazy\" decoding=\"async\" class=\"alignnone size-full wp-image-1358\" src=\"https:\/\/pearlswholesaler.com\/wp-content\/uploads\/2024\/12\/431729504156_.pic_hd-1.jpg\" alt=\"Collane di perle d&#039;acqua dolce barocche bianche da 9-10mm, qualit\u00e0 B, 16 pollici\" width=\"1000\" height=\"1000\" title=\"\" srcset=\"https:\/\/www.pearlswholesaler.com\/wp-content\/uploads\/2024\/12\/431729504156_.pic_hd-1.jpg 1000w, https:\/\/www.pearlswholesaler.com\/wp-content\/uploads\/2024\/12\/431729504156_.pic_hd-1-300x300.jpg 300w, https:\/\/www.pearlswholesaler.com\/wp-content\/uploads\/2024\/12\/431729504156_.pic_hd-1-150x150.jpg 150w, https:\/\/www.pearlswholesaler.com\/wp-content\/uploads\/2024\/12\/431729504156_.pic_hd-1-768x768.jpg 768w, https:\/\/www.pearlswholesaler.com\/wp-content\/uploads\/2024\/12\/431729504156_.pic_hd-1-600x600.jpg 600w, https:\/\/www.pearlswholesaler.com\/wp-content\/uploads\/2024\/12\/431729504156_.pic_hd-1-100x100.jpg 100w\" sizes=\"auto, (max-width: 1000px) 100vw, 1000px\" \/><\/p>\n<p>Questa qualit\u00e0 B \u00e8 tutta incentrata su un buon equilibrio tra qualit\u00e0 e carattere, con un lustro contenuto e dettagli superficiali che ogni perla possiede. Puoi indossarla da sola in vari modi o sovrapporla per un effetto pi\u00f9 drammatico, rendendo questa collana di perle neutre perfetta per un outfit pi\u00f9 elegante. \u00c8 una collana sorprendente che dimostra certamente l'eleganza delle perle naturali.<\/p>\n<ul>\n<li>Imballaggio: Sacchetto in polietilene\/Custodia per gioielli\/Scatola per gioielli<\/li>\n<li>Tempi di consegna: 3-10 giorni lavorativi<\/li>\n<li>Spedizione: DHL\/Fedex\/UPS\/EMS<\/li>\n<li>Termini di pagamento: Bonifico bancario Paypal\/ Western Union\/Alipay\/TT;<\/li>\n<li>Termini di pagamento: EXW, FOB Shanghai; Il compratore \u00e8 responsabile delle spese di spedizione<\/li>\n<\/ul>","protected":false},"excerpt":{"rendered":"<ul>\n<li><strong>Qualit\u00e0 delle Perle<\/strong>Classe B<\/li>\n<li><strong>Dimensione della Perla<\/strong>: 9-10mm<\/li>\n<li><strong>Forma della Perla<\/strong>: Barocco<\/li>\n<li><strong>Colore della Perla<\/strong>: Bianco<\/li>\n<li><strong>Lunghezza<\/strong>: 16 pollici<\/li>\n<li><strong>Chiusura<\/strong>: Escludi<\/li>\n<\/ul>","protected":false},"featured_media":1356,"template":"","meta":{"_kad_blocks_custom_css":"","_kad_blocks_head_custom_js":"","_kad_blocks_body_custom_js":"","_kad_blocks_footer_custom_js":"","_kadence_starter_templates_imported_post":false,"_kad_post_transparent":"default","_kad_post_title":"","_kad_post_layout":"default","_kad_post_sidebar_id":"","_kad_post_content_style":"default","_kad_post_vertical_padding":"default","_kad_post_feature":"","_kad_post_feature_position":"","_kad_post_header":false,"_kad_post_footer":false,"_kad_post_classname":"","jetpack_publicize_message":"","jetpack_publicize_feature_enabled":true,"jetpack_social_post_already_shared":false,"jetpack_social_options":{"image_generator_settings":{"template":"highway","default_image_id":0,"font":"","enabled":false},"version":2}},"product_brand":[],"product_cat":[15],"product_tag":[],"class_list":{"0":"post-1355","1":"product","2":"type-product","3":"status-publish","4":"has-post-thumbnail","6":"product_cat-pearl-strands","7":"pa_pearl-color-white-pearl","8":"pa_pearl-shape-baroque-pearl","9":"pa_pearl-size-10mm","10":"pa_pearl-size-9mm","11":"pa_pearl-type-freshwater-pearl","13":"first","14":"instock","15":"shipping-taxable","16":"product-type-simple","17":"entry","18":"content-bg","19":"loop-entry"},"jetpack_publicize_connections":[],"taxonomy_info":{"product_cat":[{"value":15,"label":"Pearl Strand"}],"pa_pearl-color":[{"value":66,"label":"White Pearl"}],"pa_pearl-shape":[{"value":75,"label":"Baroque Pearl"}],"pa_pearl-size":[{"value":79,"label":"10mm"},{"value":78,"label":"9mm"}],"pa_pearl-type":[{"value":69,"label":"Freshwater Pearl"}]},"featured_image_src_large":["https:\/\/www.pearlswholesaler.com\/wp-content\/uploads\/2024\/12\/431729504156_.pic_hd.jpg",1000,1000,false],"author_info":[],"comment_info":"","_links":{"self":[{"href":"https:\/\/www.pearlswholesaler.com\/it\/wp-json\/wp\/v2\/product\/1355","targetHints":{"allow":["GET"]}}],"collection":[{"href":"https:\/\/www.pearlswholesaler.com\/it\/wp-json\/wp\/v2\/product"}],"about":[{"href":"https:\/\/www.pearlswholesaler.com\/it\/wp-json\/wp\/v2\/types\/product"}],"wp:featuredmedia":[{"embeddable":true,"href":"https:\/\/www.pearlswholesaler.com\/it\/wp-json\/wp\/v2\/media\/1356"}],"wp:attachment":[{"href":"https:\/\/www.pearlswholesaler.com\/it\/wp-json\/wp\/v2\/media?parent=1355"}],"wp:term":[{"taxonomy":"product_brand","embeddable":true,"href":"https:\/\/www.pearlswholesaler.com\/it\/wp-json\/wp\/v2\/product_brand?post=1355"},{"taxonomy":"product_cat","embeddable":true,"href":"https:\/\/www.pearlswholesaler.com\/it\/wp-json\/wp\/v2\/product_cat?post=1355"},{"taxonomy":"product_tag","embeddable":true,"href":"https:\/\/www.pearlswholesaler.com\/it\/wp-json\/wp\/v2\/product_tag?post=1355"}],"curies":[{"name":"wp","href":"https:\/\/api.w.org\/{rel}","templated":true}]}}