{"id":1349,"date":"2024-12-03T23:42:38","date_gmt":"2024-12-03T23:42:38","guid":{"rendered":"https:\/\/pearlswholesaler.com\/?post_type=product&#038;p=1349"},"modified":"2025-08-07T07:36:10","modified_gmt":"2025-08-07T07:36:10","slug":"3-5-4mm-baroque-white-pearl-strands-a-grade","status":"publish","type":"product","link":"https:\/\/www.pearlswholesaler.com\/it\/product\/3-5-4mm-baroque-white-pearl-strands-a-grade\/","title":{"rendered":"Filamenti di perle d'acqua dolce barocche bianche da 3,5-4 mm, di qualit\u00e0 A, 16 pollici"},"content":{"rendered":"<p>Le nostre collane all'ingrosso di Perle di Acqua Dolce Barocche di Qualit\u00e0 A bianche fresche ti offriranno qualcosa che nessun altro ha. Queste perle non sono come quelle che solitamente si vedono. Ogni collana ha perle barocche di 3,5-4mm, splendidamente irregolari e con una brillante lucentezza bianca. Lascia fluire la tua creativit\u00e0! Queste collane sono lunghe 16 pollici, la lunghezza perfetta per creare collane, braccialetti e altri gioielli unici che attireranno l'attenzione delle persone.<\/p>\n<p><img loading=\"lazy\" decoding=\"async\" class=\"size-full wp-image-1351 aligncenter\" src=\"https:\/\/pearlswholesaler.com\/wp-content\/uploads\/2024\/12\/321729501523_.pic_hd.jpg\" alt=\"Collane di perle di acqua dolce barocche bianche da 3,5-4mm, Qualit\u00e0 A, 16 pollici\" width=\"1000\" height=\"1000\" title=\"\" srcset=\"https:\/\/www.pearlswholesaler.com\/wp-content\/uploads\/2024\/12\/321729501523_.pic_hd.jpg 1000w, https:\/\/www.pearlswholesaler.com\/wp-content\/uploads\/2024\/12\/321729501523_.pic_hd-300x300.jpg 300w, https:\/\/www.pearlswholesaler.com\/wp-content\/uploads\/2024\/12\/321729501523_.pic_hd-150x150.jpg 150w, https:\/\/www.pearlswholesaler.com\/wp-content\/uploads\/2024\/12\/321729501523_.pic_hd-768x768.jpg 768w, https:\/\/www.pearlswholesaler.com\/wp-content\/uploads\/2024\/12\/321729501523_.pic_hd-600x600.jpg 600w, https:\/\/www.pearlswholesaler.com\/wp-content\/uploads\/2024\/12\/321729501523_.pic_hd-100x100.jpg 100w\" sizes=\"auto, (max-width: 1000px) 100vw, 1000px\" \/><\/p>\n<p>Offri ai tuoi clienti qualcosa che non possono trovare altrove! Le differenze naturali nella forma e nelle dimensioni di queste collane di perle barocche le rendono uniche. Ogni pezzo \u00e8 davvero unico nel suo genere. Questa esclusivit\u00e0 fa pensare che il prodotto valga di pi\u00f9 e lo rende pi\u00f9 redditizio. Inoltre, puoi usarle in collane, braccialetti e orecchini perch\u00e9 sono molto versatili. Questo ti d\u00e0 le pi\u00f9 ampie possibilit\u00e0 di design. Acquista queste perle di alta qualit\u00e0 e guarda le tue vendite salire alle stelle perch\u00e9 sono cos\u00ec affascinanti.<\/p>\n<ul>\n<li>Imballaggio: Sacchetto in polietilene\/Custodia per gioielli\/Scatola per gioielli<\/li>\n<li>Tempi di consegna: 3-10 giorni lavorativi<\/li>\n<li>Spedizione: DHL\/Fedex\/UPS\/EMS<\/li>\n<li>Termini di pagamento: Bonifico bancario Paypal\/ Western Union\/Alipay\/TT;<\/li>\n<li>Termini di pagamento: EXW, FOB Shanghai; Il compratore \u00e8 responsabile delle spese di spedizione<\/li>\n<\/ul>","protected":false},"excerpt":{"rendered":"<ul>\n<li><strong>Qualit\u00e0 delle Perle<\/strong>: Qualit\u00e0 A<\/li>\n<li><strong>Dimensione della Perla<\/strong>: 3,5-4 mm<\/li>\n<li><strong>Forma della Perla<\/strong>: Barocco<\/li>\n<li><strong>Colore della Perla<\/strong>: Bianco<\/li>\n<li><strong>Lunghezza<\/strong>: 16 pollici<\/li>\n<li><strong>Chiusura<\/strong>: Escludi<\/li>\n<\/ul>","protected":false},"featured_media":1350,"template":"","meta":{"_kad_blocks_custom_css":"","_kad_blocks_head_custom_js":"","_kad_blocks_body_custom_js":"","_kad_blocks_footer_custom_js":"","_kadence_starter_templates_imported_post":false,"_kad_post_transparent":"default","_kad_post_title":"","_kad_post_layout":"default","_kad_post_sidebar_id":"","_kad_post_content_style":"default","_kad_post_vertical_padding":"default","_kad_post_feature":"","_kad_post_feature_position":"","_kad_post_header":false,"_kad_post_footer":false,"_kad_post_classname":"","jetpack_publicize_message":"","jetpack_publicize_feature_enabled":true,"jetpack_social_post_already_shared":false,"jetpack_social_options":{"image_generator_settings":{"template":"highway","default_image_id":0,"font":"","enabled":false},"version":2}},"product_brand":[],"product_cat":[15],"product_tag":[],"class_list":{"0":"post-1349","1":"product","2":"type-product","3":"status-publish","4":"has-post-thumbnail","6":"product_cat-pearl-strands","7":"pa_pearl-color-white-pearl","8":"pa_pearl-shape-baroque-pearl","9":"pa_pearl-size-3mm","10":"pa_pearl-size-4mm","11":"pa_pearl-type-freshwater-pearl","13":"first","14":"instock","15":"shipping-taxable","16":"product-type-simple","17":"entry","18":"content-bg","19":"loop-entry"},"jetpack_publicize_connections":[],"taxonomy_info":{"product_cat":[{"value":15,"label":"Pearl Strand"}],"pa_pearl-color":[{"value":66,"label":"White Pearl"}],"pa_pearl-shape":[{"value":75,"label":"Baroque Pearl"}],"pa_pearl-size":[{"value":72,"label":"3mm"},{"value":73,"label":"4mm"}],"pa_pearl-type":[{"value":69,"label":"Freshwater Pearl"}]},"featured_image_src_large":["https:\/\/www.pearlswholesaler.com\/wp-content\/uploads\/2024\/12\/311729501521_.pic_hd.jpg",1000,1000,false],"author_info":[],"comment_info":"","_links":{"self":[{"href":"https:\/\/www.pearlswholesaler.com\/it\/wp-json\/wp\/v2\/product\/1349","targetHints":{"allow":["GET"]}}],"collection":[{"href":"https:\/\/www.pearlswholesaler.com\/it\/wp-json\/wp\/v2\/product"}],"about":[{"href":"https:\/\/www.pearlswholesaler.com\/it\/wp-json\/wp\/v2\/types\/product"}],"wp:featuredmedia":[{"embeddable":true,"href":"https:\/\/www.pearlswholesaler.com\/it\/wp-json\/wp\/v2\/media\/1350"}],"wp:attachment":[{"href":"https:\/\/www.pearlswholesaler.com\/it\/wp-json\/wp\/v2\/media?parent=1349"}],"wp:term":[{"taxonomy":"product_brand","embeddable":true,"href":"https:\/\/www.pearlswholesaler.com\/it\/wp-json\/wp\/v2\/product_brand?post=1349"},{"taxonomy":"product_cat","embeddable":true,"href":"https:\/\/www.pearlswholesaler.com\/it\/wp-json\/wp\/v2\/product_cat?post=1349"},{"taxonomy":"product_tag","embeddable":true,"href":"https:\/\/www.pearlswholesaler.com\/it\/wp-json\/wp\/v2\/product_tag?post=1349"}],"curies":[{"name":"wp","href":"https:\/\/api.w.org\/{rel}","templated":true}]}}