{"id":1301,"date":"2024-12-01T10:46:42","date_gmt":"2024-12-01T10:46:42","guid":{"rendered":"https:\/\/pearlswholesaler.com\/?post_type=product&#038;p=1301"},"modified":"2024-12-15T12:28:27","modified_gmt":"2024-12-15T12:28:27","slug":"3-75-4mm-round-white-freshwater-pearl-necklace-47-inches-aaaa-grade","status":"publish","type":"product","link":"https:\/\/www.pearlswholesaler.com\/it\/product\/3-75-4mm-round-white-freshwater-pearl-necklace-47-inches-aaaa-grade\/","title":{"rendered":"Collana di perle di acqua dolce bianche rotonde da 3,75-4mm, 47 pollici, Grado AAAA"},"content":{"rendered":"<p>Eleganza incontra raffinatezza con la nostra collana di perle d'acqua dolce bianche rotonde da 3,75-4mm, una vera incarnazione di bellezza senza tempo. Questo pezzo di lusso presenta una valutazione di qualit\u00e0 AAAA, che indica i pi\u00f9 alti standard di lucentezza, forma e superficie, rendendo ogni perla una gemma luminosa che riflette la luce con un brio senza pari.<\/p>\n<p><img loading=\"lazy\" decoding=\"async\" class=\"size-full wp-image-1302 aligncenter\" src=\"https:\/\/www.pearlswholesaler.com\/wp-content\/uploads\/2024\/12\/3.5-4120cm.webp\" alt=\"Collana di perle d&#039;acqua dolce bianche da 3,75-4mm di qualit\u00e0 AAAA, chiusura in argento 925, 47 pollici\" width=\"1079\" height=\"854\" title=\"\" srcset=\"https:\/\/www.pearlswholesaler.com\/wp-content\/uploads\/2024\/12\/3.5-4120cm.webp 1079w, https:\/\/www.pearlswholesaler.com\/wp-content\/uploads\/2024\/12\/3.5-4120cm-300x237.webp 300w, https:\/\/www.pearlswholesaler.com\/wp-content\/uploads\/2024\/12\/3.5-4120cm-1024x810.webp 1024w, https:\/\/www.pearlswholesaler.com\/wp-content\/uploads\/2024\/12\/3.5-4120cm-768x608.webp 768w, https:\/\/www.pearlswholesaler.com\/wp-content\/uploads\/2024\/12\/3.5-4120cm-600x475.webp 600w\" sizes=\"auto, (max-width: 1079px) 100vw, 1079px\" \/><\/p>\n<p>Realizzata con un fermaglio in argento 925, questa collana non \u00e8 solo una dichiarazione di eleganza ma anche una testimonianza di durata e qualit\u00e0. La lunghezza di 47 pollici offre versatilit\u00e0, permettendo di indossarla lunga per un look classico o doppia per uno stile pi\u00f9 contemporaneo. Che sia per un'occasione speciale o per l'uso quotidiano, questa collana aggiunger\u00e0 un tocco di grazia e raffinatezza a qualsiasi outfit.<\/p>\n<p>Ogni perla \u00e8 accuratamente selezionata e infilata a mano per garantire uniformit\u00e0 e perfezione, rendendo questa collana un accessorio prezioso per ogni amante delle perle. La valutazione di qualit\u00e0 AAAA garantisce che riceverai una collana con la lucentezza pi\u00f9 vibrante, forme quasi perfette e imperfezioni superficiali minime, assicurando che ogni perla brilli con la radiosit\u00e0 di una gemma pregiata.<\/p>\n<p>Concediti o regalati un pezzo di gioielleria squisito che sar\u00e0 apprezzato per molti anni. La nostra collana di perle bianche rotonde da 3,75-4mm con fermaglio in argento 925 \u00e8 il regalo perfetto per ogni occasione.<\/p>\n<ul>\n<li>Imballaggio: Sacchetto in polietilene\/Custodia per gioielli\/Scatola per gioielli<\/li>\n<li>Tempi di consegna: 3-10 giorni lavorativi<\/li>\n<li>Spedizione: DHL\/Fedex\/UPS\/EMS<\/li>\n<li>Termini di pagamento: Bonifico bancario Paypal\/ Western Union\/Alipay\/TT;<\/li>\n<li>Termini di pagamento: EXW, FOB Shanghai; Il compratore \u00e8 responsabile delle spese di spedizione<\/li>\n<\/ul>","protected":false},"excerpt":{"rendered":"<ul>\n<li><strong>Qualit\u00e0 delle Perle<\/strong>: perle di acqua dolce di grado AAAA<\/li>\n<li><strong>Dimensione della Perla<\/strong>: 3,75-4mm<\/li>\n<li><strong>Forma della Perla<\/strong>: Rotondo<\/li>\n<li><strong>Colore della Perla<\/strong>: Bianco<\/li>\n<li><strong>Lunghezza<\/strong>: 47 pollici<\/li>\n<li><strong>Chiusura<\/strong>\uff1achiusura in argento 925<\/li>\n<\/ul>","protected":false},"featured_media":1302,"template":"","meta":{"_kad_blocks_custom_css":"","_kad_blocks_head_custom_js":"","_kad_blocks_body_custom_js":"","_kad_blocks_footer_custom_js":"","_kadence_starter_templates_imported_post":false,"_kad_post_transparent":"default","_kad_post_title":"","_kad_post_layout":"default","_kad_post_sidebar_id":"","_kad_post_content_style":"default","_kad_post_vertical_padding":"default","_kad_post_feature":"","_kad_post_feature_position":"","_kad_post_header":false,"_kad_post_footer":false,"_kad_post_classname":"","jetpack_publicize_message":"","jetpack_publicize_feature_enabled":true,"jetpack_social_post_already_shared":false,"jetpack_social_options":{"image_generator_settings":{"template":"highway","default_image_id":0,"font":"","enabled":false},"version":2}},"product_brand":[],"product_cat":[25],"product_tag":[],"class_list":{"0":"post-1301","1":"product","2":"type-product","3":"status-publish","4":"has-post-thumbnail","6":"product_cat-pearl-necklaces","7":"pa_pearl-color-white-pearl","8":"pa_pearl-shape-round-pearl","9":"pa_pearl-size-3mm","10":"pa_pearl-size-4mm","11":"pa_pearl-type-freshwater-pearl","13":"first","14":"instock","15":"shipping-taxable","16":"product-type-simple","17":"entry","18":"content-bg","19":"loop-entry"},"jetpack_publicize_connections":[],"taxonomy_info":{"product_cat":[{"value":25,"label":"Pearl Necklace"}],"pa_pearl-color":[{"value":66,"label":"White Pearl"}],"pa_pearl-shape":[{"value":68,"label":"Round Pearl"}],"pa_pearl-size":[{"value":72,"label":"3mm"},{"value":73,"label":"4mm"}],"pa_pearl-type":[{"value":69,"label":"Freshwater Pearl"}]},"featured_image_src_large":["https:\/\/www.pearlswholesaler.com\/wp-content\/uploads\/2024\/12\/3.5-4120cm-1024x810.webp",1024,810,true],"author_info":[],"comment_info":"","_links":{"self":[{"href":"https:\/\/www.pearlswholesaler.com\/it\/wp-json\/wp\/v2\/product\/1301","targetHints":{"allow":["GET"]}}],"collection":[{"href":"https:\/\/www.pearlswholesaler.com\/it\/wp-json\/wp\/v2\/product"}],"about":[{"href":"https:\/\/www.pearlswholesaler.com\/it\/wp-json\/wp\/v2\/types\/product"}],"wp:featuredmedia":[{"embeddable":true,"href":"https:\/\/www.pearlswholesaler.com\/it\/wp-json\/wp\/v2\/media\/1302"}],"wp:attachment":[{"href":"https:\/\/www.pearlswholesaler.com\/it\/wp-json\/wp\/v2\/media?parent=1301"}],"wp:term":[{"taxonomy":"product_brand","embeddable":true,"href":"https:\/\/www.pearlswholesaler.com\/it\/wp-json\/wp\/v2\/product_brand?post=1301"},{"taxonomy":"product_cat","embeddable":true,"href":"https:\/\/www.pearlswholesaler.com\/it\/wp-json\/wp\/v2\/product_cat?post=1301"},{"taxonomy":"product_tag","embeddable":true,"href":"https:\/\/www.pearlswholesaler.com\/it\/wp-json\/wp\/v2\/product_tag?post=1301"}],"curies":[{"name":"wp","href":"https:\/\/api.w.org\/{rel}","templated":true}]}}