{"id":716,"date":"2024-11-20T11:01:44","date_gmt":"2024-11-20T11:01:44","guid":{"rendered":"https:\/\/pearlswholesaler.com\/?post_type=product&#038;p=716"},"modified":"2025-07-27T12:20:39","modified_gmt":"2025-07-27T12:20:39","slug":"5-6mm-white-round-freshwater-pearl-necklace-47-inches-aaa-grade","status":"publish","type":"product","link":"https:\/\/www.pearlswholesaler.com\/es\/product\/5-6mm-white-round-freshwater-pearl-necklace-47-inches-aaa-grade\/","title":{"rendered":"Collar de perlas de agua dulce blancas redondas de 5-6mm, 47 pulgadas, grado AAA"},"content":{"rendered":"<p><span id=\"input-sentence~0\">Reabastece tus vitrinas con un \u00e9xito de ventas perennial: nuestro collar de perlas de agua dulce blancas de grado AAA de 5-6 mm de forma redonda, terminado en una longitud de \u00f3pera ininterrumpida de 47 pulgadas. Esta pieza est\u00e1 dise\u00f1ada para minoristas de volumen que exigen buen brillo, uniformidad confiable y precios que favorecen el margen en cada env\u00edo.<\/span><\/p>\n<p><img loading=\"lazy\" decoding=\"async\" class=\"size-full wp-image-1828 aligncenter\" src=\"https:\/\/www.pearlswholesaler.com\/wp-content\/uploads\/2025\/01\/5-6-120cm.webp\" alt=\"Collar de perlas de agua dulce blancas redondas de 5-6mm, 47 pulgadas, grado AAA\" width=\"750\" height=\"1000\" title=\"\" srcset=\"https:\/\/www.pearlswholesaler.com\/wp-content\/uploads\/2025\/01\/5-6-120cm.webp 750w, https:\/\/www.pearlswholesaler.com\/wp-content\/uploads\/2025\/01\/5-6-120cm-225x300.webp 225w, https:\/\/www.pearlswholesaler.com\/wp-content\/uploads\/2025\/01\/5-6-120cm-600x800.webp 600w\" sizes=\"auto, (max-width: 750px) 100vw, 750px\" \/><\/p>\n<p><span id=\"input-sentence~1\"><strong>Calidad de la perla<\/strong>: <\/span><span id=\"input-sentence~1\">Cada perla es seleccionada a mano por atributos AAA\u2014buen brillo, pocas imperfecciones superficiales y n\u00e1car grueso. Bajo una iluminaci\u00f3n equivalente a 5500 K de luz diurna, cada perla exhibe un brillo n\u00edtido y reflectante que se fotograf\u00eda maravillosamente para comercio electr\u00f3nico y focos en tienda.<\/span><\/p>\n<p><span id=\"input-sentence~1\"><strong>Tama\u00f1o y Forma: <\/strong>Con 5-6 mm, las perlas alcanzan el punto \u00f3ptimo comercial entre delicadas y llamativas.<\/span><span id=\"input-sentence~2\"> Garantiza una roundness \u226595 %, para que el collar ruede suavemente sin puntos planos\u2014crucial para la exhibici\u00f3n visual de alta gama.<\/span><\/p>\n<p><strong>Color<\/strong>: Un blanco neutro con sutiles matices rosados combina sin esfuerzo con cierres de oro amarillo, blanco o rosa, permiti\u00e9ndote vender accesorios intercambiables. El tono se mantiene constante de lote en lote, eliminando los problemas de coincidencia de color comunes en grados inferiores.<span id=\"aidr-input-non-human-chunk\"><\/span><span id=\"input-sentence~3\"><\/span><\/p>\n<p><strong>Longitud y Construcci\u00f3n: <\/strong>La m\u00e1xima versatilidad en estilo la proporciona la cadena continua de 47 pulgadas, que los clientes pueden superponer con piezas m\u00e1s cortas, anudar para un look de flapper, o doblar para un estilo de 8 mm. No es necesario volver a ensartar porque la seda ya est\u00e1 estirada y doblemente anudada entre cada perla, lista para la reventa instant\u00e1nea.<\/p>\n<ul>\n<li>Embalaje: Bolsa de polietileno\/Estuche de joyer\u00eda\/Caja de joyer\u00eda<\/li>\n<li>Tiempo de entrega: 3-10 d\u00edas h\u00e1biles<\/li>\n<li>Env\u00edo: DHL\/Fedex\/UPS\/EMS<\/li>\n<li>Condiciones de pago: Transferencia bancaria, Paypal, Western Union, Alipay, TT;<\/li>\n<li>Condiciones de pago: EXW, FOB Shanghai; El comprador es responsable de los gastos de env\u00edo<\/li>\n<\/ul>","protected":false},"excerpt":{"rendered":"<ul>\n<li><strong>Calidad de la perla:<\/strong> Grado AAAA<\/li>\n<li><strong>Tama\u00f1o:<\/strong> 5-6 mm<\/li>\n<li><strong>Forma:<\/strong> Redonda<\/li>\n<li><strong>Color:<\/strong> Blanco<\/li>\n<li><strong>Longitud:<\/strong> 47 pulgadas<\/li>\n<\/ul>","protected":false},"featured_media":717,"template":"","meta":{"_kad_blocks_custom_css":"","_kad_blocks_head_custom_js":"","_kad_blocks_body_custom_js":"","_kad_blocks_footer_custom_js":"","_kadence_starter_templates_imported_post":false,"_kad_post_transparent":"default","_kad_post_title":"","_kad_post_layout":"default","_kad_post_sidebar_id":"","_kad_post_content_style":"unboxed","_kad_post_vertical_padding":"show","_kad_post_feature":"","_kad_post_feature_position":"","_kad_post_header":false,"_kad_post_footer":false,"_kad_post_classname":"","jetpack_publicize_message":"","jetpack_publicize_feature_enabled":true,"jetpack_social_post_already_shared":false,"jetpack_social_options":{"image_generator_settings":{"template":"highway","default_image_id":0,"font":"","enabled":false},"version":2}},"product_brand":[],"product_cat":[25],"product_tag":[125,123],"class_list":{"0":"post-716","1":"product","2":"type-product","3":"status-publish","4":"has-post-thumbnail","6":"product_cat-pearl-necklaces","7":"product_tag-round-pearl-necklace","8":"product_tag-white-pearl-necklace","9":"pa_pearl-color-white-pearl","10":"pa_pearl-shape-round-pearl","11":"pa_pearl-size-5mm-pearl-jewelry","12":"pa_pearl-size-6mm","13":"pa_pearl-type-freshwater-pearl","15":"first","16":"instock","17":"shipping-taxable","18":"product-type-simple","19":"entry","20":"content-bg","21":"loop-entry"},"jetpack_publicize_connections":[],"taxonomy_info":{"product_cat":[{"value":25,"label":"Pearl Necklace"}],"product_tag":[{"value":125,"label":"round pearl necklace"},{"value":123,"label":"white pearl necklace"}],"pa_pearl-color":[{"value":66,"label":"White Pearl"}],"pa_pearl-shape":[{"value":68,"label":"Round Pearl"}],"pa_pearl-size":[{"value":67,"label":"5mm"},{"value":77,"label":"6mm"}],"pa_pearl-type":[{"value":69,"label":"Freshwater Pearl"}]},"featured_image_src_large":["https:\/\/www.pearlswholesaler.com\/wp-content\/uploads\/2024\/11\/5-6-120cm.jpg",750,1000,false],"author_info":[],"comment_info":"","_links":{"self":[{"href":"https:\/\/www.pearlswholesaler.com\/es\/wp-json\/wp\/v2\/product\/716","targetHints":{"allow":["GET"]}}],"collection":[{"href":"https:\/\/www.pearlswholesaler.com\/es\/wp-json\/wp\/v2\/product"}],"about":[{"href":"https:\/\/www.pearlswholesaler.com\/es\/wp-json\/wp\/v2\/types\/product"}],"wp:featuredmedia":[{"embeddable":true,"href":"https:\/\/www.pearlswholesaler.com\/es\/wp-json\/wp\/v2\/media\/717"}],"wp:attachment":[{"href":"https:\/\/www.pearlswholesaler.com\/es\/wp-json\/wp\/v2\/media?parent=716"}],"wp:term":[{"taxonomy":"product_brand","embeddable":true,"href":"https:\/\/www.pearlswholesaler.com\/es\/wp-json\/wp\/v2\/product_brand?post=716"},{"taxonomy":"product_cat","embeddable":true,"href":"https:\/\/www.pearlswholesaler.com\/es\/wp-json\/wp\/v2\/product_cat?post=716"},{"taxonomy":"product_tag","embeddable":true,"href":"https:\/\/www.pearlswholesaler.com\/es\/wp-json\/wp\/v2\/product_tag?post=716"}],"curies":[{"name":"wp","href":"https:\/\/api.w.org\/{rel}","templated":true}]}}