{"id":4653,"date":"2026-05-10T02:32:58","date_gmt":"2026-05-10T02:32:58","guid":{"rendered":"https:\/\/www.pearlswholesaler.com\/?post_type=product&#038;p=4653"},"modified":"2026-05-10T03:09:37","modified_gmt":"2026-05-10T03:09:37","slug":"5-6mm-white-rice-freshwater-pearl-bracelet-china-pearl-supplier","status":"publish","type":"product","link":"https:\/\/www.pearlswholesaler.com\/es\/product\/5-6mm-white-rice-freshwater-pearl-bracelet-china-pearl-supplier\/","title":{"rendered":"Pulsera de perlas de agua dulce blancas de 5-6mm | Proveedor de perlas de China"},"content":{"rendered":"<p>Fabricante de perlas de agua dulce en China con acceso directo a la granja en Ma\u2019anshan Hexian, Anhui. La oficina central en Changzhou se encarga de la exportaci\u00f3n y el control de calidad.<\/p>\n<p style=\"text-align: center;\"><img decoding=\"async\" class=\"aligncenter size-full\" src=\"https:\/\/www.pearlswholesaler.com\/wp-content\/uploads\/2026\/05\/cover_34c4448e6d832e74f9a3c745b70ea3f8e2f811662c349879c965b70fe151bef1.jpeg\" alt=\"Pulsera de perlas de agua dulce blancas de 5-6mm | Proveedor de perlas de China - Fabricante de perlas de China\" title=\"\"><\/p>\n<p>Esta pulsera de perlas en forma de arroz de 5-6mm tiene una calificaci\u00f3n de grado AA. La forma de arroz proporciona una silueta m\u00e1s larga y escult\u00f3rica en comparaci\u00f3n con las perlas redondas. Combinada con cuentas de jade para mayor inter\u00e9s visual y una paleta de colores naturales.<\/p>\n<p>La superficie muestra peque\u00f1as imperfecciones naturales consistentes con el grado AA \u2014 peque\u00f1as marcas de crecimiento o ligeras variaciones de textura, visibles con inspecci\u00f3n cercana pero no desde la distancia. El brillo est\u00e1 presente, pero no es espejo, sino un brillo suave adecuado para el uso diario.<\/p>\n<h3><strong>Preguntas Frecuentes<\/strong><\/h3>\n<p><strong>P: \u00bfOfrecen OEM o marca personalizada?<\/strong><br \/>\nR: S\u00ed. Aceptamos tarjetas con logotipo personalizado, etiquetas grabadas y embalaje a medida para pedidos de 50 o m\u00e1s unidades por SKU.<\/p>\n<p>Las pulseras de perlas de arroz son adecuadas para l\u00edneas de joyer\u00eda casual, dise\u00f1os de inspiraci\u00f3n \u00e9tnica y minoristas artesanales. La forma elongada funciona bien con portacuentas de metal y cierres ajustables.<\/p>","protected":false},"excerpt":{"rendered":"<p>Calidad de la perla: AA<br \/>\nTama\u00f1o de la perla: 5-6mm<br \/>\nForma de la perla: Arroz\/Barroca<br \/>\nColor de la perla: Blanco<\/p>","protected":false},"featured_media":4652,"template":"","meta":{"_kad_blocks_custom_css":"","_kad_blocks_head_custom_js":"","_kad_blocks_body_custom_js":"","_kad_blocks_footer_custom_js":"","_kadence_starter_templates_imported_post":false,"_kad_post_transparent":"default","_kad_post_title":"","_kad_post_layout":"default","_kad_post_sidebar_id":"","_kad_post_content_style":"default","_kad_post_vertical_padding":"default","_kad_post_feature":"","_kad_post_feature_position":"","_kad_post_header":false,"_kad_post_footer":false,"_kad_post_classname":"","jetpack_publicize_message":"","jetpack_publicize_feature_enabled":true,"jetpack_social_post_already_shared":true,"jetpack_social_options":{"image_generator_settings":{"template":"highway","default_image_id":0,"font":"","enabled":false},"version":2}},"product_brand":[],"product_cat":[62],"product_tag":[],"class_list":{"0":"post-4653","1":"product","2":"type-product","3":"status-publish","4":"has-post-thumbnail","6":"product_cat-pearl-bracelets","8":"first","9":"instock","10":"shipping-taxable","11":"purchasable","12":"product-type-simple","13":"entry","14":"content-bg","15":"loop-entry"},"jetpack_publicize_connections":[],"taxonomy_info":{"product_cat":[{"value":62,"label":"Pearl Bracelet"}]},"featured_image_src_large":["https:\/\/www.pearlswholesaler.com\/wp-content\/uploads\/2026\/05\/cover_34c4448e6d832e74f9a3c745b70ea3f8e2f811662c349879c965b70fe151bef1.jpeg",800,800,false],"author_info":[],"comment_info":"","_links":{"self":[{"href":"https:\/\/www.pearlswholesaler.com\/es\/wp-json\/wp\/v2\/product\/4653","targetHints":{"allow":["GET"]}}],"collection":[{"href":"https:\/\/www.pearlswholesaler.com\/es\/wp-json\/wp\/v2\/product"}],"about":[{"href":"https:\/\/www.pearlswholesaler.com\/es\/wp-json\/wp\/v2\/types\/product"}],"wp:featuredmedia":[{"embeddable":true,"href":"https:\/\/www.pearlswholesaler.com\/es\/wp-json\/wp\/v2\/media\/4652"}],"wp:attachment":[{"href":"https:\/\/www.pearlswholesaler.com\/es\/wp-json\/wp\/v2\/media?parent=4653"}],"wp:term":[{"taxonomy":"product_brand","embeddable":true,"href":"https:\/\/www.pearlswholesaler.com\/es\/wp-json\/wp\/v2\/product_brand?post=4653"},{"taxonomy":"product_cat","embeddable":true,"href":"https:\/\/www.pearlswholesaler.com\/es\/wp-json\/wp\/v2\/product_cat?post=4653"},{"taxonomy":"product_tag","embeddable":true,"href":"https:\/\/www.pearlswholesaler.com\/es\/wp-json\/wp\/v2\/product_tag?post=4653"}],"curies":[{"name":"wp","href":"https:\/\/api.w.org\/{rel}","templated":true}]}}