{"id":4527,"date":"2026-04-22T02:34:08","date_gmt":"2026-04-22T02:34:08","guid":{"rendered":"https:\/\/www.pearlswholesaler.com\/?post_type=product&#038;p=4527"},"modified":"2026-04-25T00:25:42","modified_gmt":"2026-04-25T00:25:42","slug":"7-7-5mm-white-near-round-freshwater-pearl-bracelet-china-pearl-wholesale","status":"publish","type":"product","link":"https:\/\/www.pearlswholesaler.com\/es\/product\/7-7-5mm-white-near-round-freshwater-pearl-bracelet-china-pearl-wholesale\/","title":{"rendered":"Pulsera de perlas de agua dulce blancas, casi redondas, de 7-7.5 mm | Mayorista de perlas en China"},"content":{"rendered":"<p>Xinye Pearl es un proveedor de perlas en China que opera desde su sede en Changzhou con nuestra base de perlas de agua dulce en Ma\u2019anshan Hexian, Anhui. Podemos suministrar perlas casi redondas a mayoristas, fabricantes de joyas y clientes de exportaci\u00f3n a nivel mundial.<\/p>\n<p style=\"text-align: center;\"><img decoding=\"async\" class=\"aligncenter size-full\" src=\"https:\/\/www.pearlswholesaler.com\/wp-content\/uploads\/2026\/04\/cover_d3e027bc384037ac91fc62a0132293d20cc8b33ed1e9ab7a24dc8e340fd7521b.jpeg\" alt=\"Pulsera de perlas de agua dulce blancas, casi redondas, de 7-7.5 mm | Mayorista de perlas en China - Fabricante de perlas en China\" title=\"\"><\/p>\n<p>Esta pulsera est\u00e1 hecha con perlas de agua dulce blancas casi redondas de 7-7.5mm, grado AAA. La redondez es casi redonda y el precio es significativamente m\u00e1s bajo que el de las perlas redondas de alta calidad. El brillo es fuerte y constante. Algunas manchas en la superficie pueden aparecer en una inspecci\u00f3n m\u00e1s cercana, lo cual es normal en perlas naturales de este grado.<\/p>\n<p>La longitud de la pulsera de perlas es personalizable bajo solicitud.<\/p>\n<p>Aceptamos pedidos al por mayor y ofrecemos precios escalonados. La cantidad m\u00ednima de pedido (MOQ) es de 5 unidades por SKU para los primeros pedidos. Env\u00edo internacional disponible v\u00eda DHL, FedEx o transporte mar\u00edtimo. Es posible empaquetado personalizado para pedidos superiores a 50 unidades.<\/p>\n<p>Para la adquisici\u00f3n de componentes sueltos de perlas o semi montados, cont\u00e1ctenos directamente con sus especificaciones.<\/p>","protected":false},"excerpt":{"rendered":"<p>Calidad de la perla: AAA<br \/>\nTama\u00f1o de la perla: 7-7.5mm<br \/>\nForma de la perla: Casi redonda<br \/>\nColor de la perla: Blanco<\/p>","protected":false},"featured_media":4526,"template":"","meta":{"_kad_blocks_custom_css":"","_kad_blocks_head_custom_js":"","_kad_blocks_body_custom_js":"","_kad_blocks_footer_custom_js":"","_kadence_starter_templates_imported_post":false,"_kad_post_transparent":"default","_kad_post_title":"","_kad_post_layout":"default","_kad_post_sidebar_id":"","_kad_post_content_style":"default","_kad_post_vertical_padding":"default","_kad_post_feature":"","_kad_post_feature_position":"","_kad_post_header":false,"_kad_post_footer":false,"_kad_post_classname":"","jetpack_publicize_message":"","jetpack_publicize_feature_enabled":true,"jetpack_social_post_already_shared":true,"jetpack_social_options":{"image_generator_settings":{"template":"highway","default_image_id":0,"font":"","enabled":false},"version":2}},"product_brand":[],"product_cat":[62],"product_tag":[],"class_list":{"0":"post-4527","1":"product","2":"type-product","3":"status-publish","4":"has-post-thumbnail","6":"product_cat-pearl-bracelets","8":"first","9":"instock","10":"shipping-taxable","11":"purchasable","12":"product-type-simple","13":"entry","14":"content-bg","15":"loop-entry"},"jetpack_publicize_connections":[],"taxonomy_info":{"product_cat":[{"value":62,"label":"Pearl Bracelet"}]},"featured_image_src_large":["https:\/\/www.pearlswholesaler.com\/wp-content\/uploads\/2026\/04\/cover_d3e027bc384037ac91fc62a0132293d20cc8b33ed1e9ab7a24dc8e340fd7521b.jpeg",800,800,false],"author_info":[],"comment_info":"","_links":{"self":[{"href":"https:\/\/www.pearlswholesaler.com\/es\/wp-json\/wp\/v2\/product\/4527","targetHints":{"allow":["GET"]}}],"collection":[{"href":"https:\/\/www.pearlswholesaler.com\/es\/wp-json\/wp\/v2\/product"}],"about":[{"href":"https:\/\/www.pearlswholesaler.com\/es\/wp-json\/wp\/v2\/types\/product"}],"wp:featuredmedia":[{"embeddable":true,"href":"https:\/\/www.pearlswholesaler.com\/es\/wp-json\/wp\/v2\/media\/4526"}],"wp:attachment":[{"href":"https:\/\/www.pearlswholesaler.com\/es\/wp-json\/wp\/v2\/media?parent=4527"}],"wp:term":[{"taxonomy":"product_brand","embeddable":true,"href":"https:\/\/www.pearlswholesaler.com\/es\/wp-json\/wp\/v2\/product_brand?post=4527"},{"taxonomy":"product_cat","embeddable":true,"href":"https:\/\/www.pearlswholesaler.com\/es\/wp-json\/wp\/v2\/product_cat?post=4527"},{"taxonomy":"product_tag","embeddable":true,"href":"https:\/\/www.pearlswholesaler.com\/es\/wp-json\/wp\/v2\/product_tag?post=4527"}],"curies":[{"name":"wp","href":"https:\/\/api.w.org\/{rel}","templated":true}]}}