{"id":4508,"date":"2026-04-19T01:05:01","date_gmt":"2026-04-19T01:05:01","guid":{"rendered":"https:\/\/www.pearlswholesaler.com\/?post_type=product&#038;p=4508"},"modified":"2026-05-02T08:28:28","modified_gmt":"2026-05-02T08:28:28","slug":"7-8mm-white-threaded-freshwater-pearl-strand-china-pearl-manufacturer-wholesale","status":"publish","type":"product","link":"https:\/\/www.pearlswholesaler.com\/es\/product\/7-8mm-white-threaded-freshwater-pearl-strand-china-pearl-manufacturer-wholesale\/","title":{"rendered":"Rama de perlas de agua dulce blancas de 7-8mm con hilo | Fabricante de perlas de China Mayorista"},"content":{"rendered":"<p data-path-to-node=\"1\">Estas son perlas de agua dulce est\u00e1ndar de 7-8mm. Como son de grado AA, son una opci\u00f3n s\u00f3lida para quienes desean perlas reales sin el alto precio de gemas de primera calidad. Ver\u00e1s algunas marcas naturales en la superficie y las formas no son perfectamente redondas, pero tienen un bonito brillo para joyer\u00eda cotidiana. Vienen preensartadas en una cuerda blanca, listas para usar o para un proyecto. No son de calidad de museo, pero lucen muy bien desde una distancia normal.<\/p>\n<p>El grado AA tiene un car\u00e1cter superficial ligeramente mayor que el AAA: marcas de crecimiento leves y peque\u00f1as variaciones en manchas visibles a distancia de brazo en una inspecci\u00f3n cercana.<\/p>\n<p style=\"text-align: center;\"><img decoding=\"async\" class=\"aligncenter size-full\" src=\"https:\/\/www.pearlswholesaler.com\/wp-content\/uploads\/2026\/04\/cover_ef2def594ee6f8dc72b335914e1c1c74d1266652ee45d1ff374db521ebc55dc0.jpeg\" alt=\"Rama de perlas redondas de agua dulce blancas de 7-8mm | Fabricante de perlas de China Mayorista - Fabricante de perlas de China\" title=\"\"><\/p>\n<p>P: \u00bfCu\u00e1l es su cantidad m\u00ednima de pedido para esta rama?<br \/>\nR: 10 ramas para stock. Para trabajos personalizados \u2014 diferentes longitudes, colores mezclados o acabados espec\u00edficos en los cierres \u2014 el MOQ suele ser de 10-20 ramas dependiendo de la especificaci\u00f3n.<\/p>\n<p>P: \u00bfVenden por pulgada o por rama?<br \/>\nR: Por rama. La longitud est\u00e1ndar de la rama es de 40cm (16 pulgadas). Podemos cortar a longitudes personalizadas para colgantes o pendientes sin cambiar el MOQ.<\/p>\n<p>P: \u00bfC\u00f3mo manejan las disputas de calidad?<br \/>\nR: Inspeccionamos cada rama antes del env\u00edo. Ofrecemos una garant\u00eda de devoluci\u00f3n completa o reemplazo si los productos de producci\u00f3n en masa no coinciden con las muestras confirmadas. Por favor, informe cualquier problema dentro de los 7 d\u00edas posteriores a la entrega con fotos.<\/p>","protected":false},"excerpt":{"rendered":"<p>Calidad de la perla: AA<br \/>\nTama\u00f1o de la perla: 7-8mm<br \/>\nForma de la perla: Redonda<br \/>\nColor de la perla: Blanco<\/p>","protected":false},"featured_media":4507,"template":"","meta":{"_kad_blocks_custom_css":"","_kad_blocks_head_custom_js":"","_kad_blocks_body_custom_js":"","_kad_blocks_footer_custom_js":"","_kadence_starter_templates_imported_post":false,"_kad_post_transparent":"default","_kad_post_title":"","_kad_post_layout":"default","_kad_post_sidebar_id":"","_kad_post_content_style":"default","_kad_post_vertical_padding":"default","_kad_post_feature":"","_kad_post_feature_position":"","_kad_post_header":false,"_kad_post_footer":false,"_kad_post_classname":"","jetpack_publicize_message":"","jetpack_publicize_feature_enabled":true,"jetpack_social_post_already_shared":true,"jetpack_social_options":{"image_generator_settings":{"template":"highway","default_image_id":0,"font":"","enabled":false},"version":2}},"product_brand":[],"product_cat":[15],"product_tag":[],"class_list":{"0":"post-4508","1":"product","2":"type-product","3":"status-publish","4":"has-post-thumbnail","6":"product_cat-pearl-strands","8":"first","9":"instock","10":"shipping-taxable","11":"purchasable","12":"product-type-simple","13":"entry","14":"content-bg","15":"loop-entry"},"jetpack_publicize_connections":[],"taxonomy_info":{"product_cat":[{"value":15,"label":"Pearl Strand"}]},"featured_image_src_large":["https:\/\/www.pearlswholesaler.com\/wp-content\/uploads\/2026\/04\/cover_ef2def594ee6f8dc72b335914e1c1c74d1266652ee45d1ff374db521ebc55dc0.jpeg",800,800,false],"author_info":[],"comment_info":"","_links":{"self":[{"href":"https:\/\/www.pearlswholesaler.com\/es\/wp-json\/wp\/v2\/product\/4508","targetHints":{"allow":["GET"]}}],"collection":[{"href":"https:\/\/www.pearlswholesaler.com\/es\/wp-json\/wp\/v2\/product"}],"about":[{"href":"https:\/\/www.pearlswholesaler.com\/es\/wp-json\/wp\/v2\/types\/product"}],"wp:featuredmedia":[{"embeddable":true,"href":"https:\/\/www.pearlswholesaler.com\/es\/wp-json\/wp\/v2\/media\/4507"}],"wp:attachment":[{"href":"https:\/\/www.pearlswholesaler.com\/es\/wp-json\/wp\/v2\/media?parent=4508"}],"wp:term":[{"taxonomy":"product_brand","embeddable":true,"href":"https:\/\/www.pearlswholesaler.com\/es\/wp-json\/wp\/v2\/product_brand?post=4508"},{"taxonomy":"product_cat","embeddable":true,"href":"https:\/\/www.pearlswholesaler.com\/es\/wp-json\/wp\/v2\/product_cat?post=4508"},{"taxonomy":"product_tag","embeddable":true,"href":"https:\/\/www.pearlswholesaler.com\/es\/wp-json\/wp\/v2\/product_tag?post=4508"}],"curies":[{"name":"wp","href":"https:\/\/api.w.org\/{rel}","templated":true}]}}