{"id":4434,"date":"2026-04-12T13:09:57","date_gmt":"2026-04-12T13:09:57","guid":{"rendered":"https:\/\/www.pearlswholesaler.com\/?post_type=product&#038;p=4434"},"modified":"2026-04-12T14:02:50","modified_gmt":"2026-04-12T14:02:50","slug":"7-8mm-orange-2-8-top-drilled-baroque-freshwater-pearl-strand-aaa-grade","status":"publish","type":"product","link":"https:\/\/www.pearlswholesaler.com\/es\/product\/7-8mm-orange-2-8-top-drilled-baroque-freshwater-pearl-strand-aaa-grade\/","title":{"rendered":"Vara de perlas de agua dulce barrocas naranjas de 7-8mm, perforadas en la parte superior, de grado AAA"},"content":{"rendered":"<p>Xinye Pearl es un fabricante de perlas de agua dulce con sede en China, con nuestra base de cr\u00eda de perlas en Anhui Maanshan Hexian. Esta vara presenta perlas barrocas de agua dulce naranjas de 7-8mm en grado AAA con agujeros perforados en la parte superior 2\/8 \u2014 medio perforadas para su montaje en joyer\u00eda.<\/p>\n<p style=\"text-align: center;\"><img decoding=\"async\" class=\"aligncenter size-full\" src=\"https:\/\/www.pearlswholesaler.com\/wp-content\/uploads\/2026\/04\/cover_8d5338a420c12041497b001a3f3736db76d2b2c463c6b6c6803fd85c349daa02.jpeg\" alt=\"Vara de perlas barrocas de agua dulce naranjas de 7-8mm, perforadas en la parte superior 2\/8, de grado AAA - Fabricante de perlas en China\" title=\"\"><\/p>\n<p>El color naranja es la caracter\u00edstica destacada de esta vara. Las perlas barrocas de agua dulce naturales en tonos c\u00e1lidos de naranja son menos comunes que las blancas, lo que hace que esta vara sea \u00fatil para minoristas que buscan ofrecer algo diferente. Cada perla tiene su propia forma org\u00e1nica \u2014 esa es la naturaleza de la barroca. La superficie muestra marcas normales de nivel AAA bajo inspecci\u00f3n cercana. El brillo es bueno, con un reflejo c\u00e1lido que complementa el tono naranja.<\/p>\n<p>La especificaci\u00f3n de perforaci\u00f3n en la parte superior 2\/8 significa que estas perlas est\u00e1n pre-perforadas a la mitad del centro para montaje con pinzas o tubo. Esto las hace adecuadas para la producci\u00f3n de joyer\u00eda en lugar de la venta de varas completas. El tama\u00f1o de 7-8mm proporciona suficiente perla para un centro visible en anillos o pendientes.<\/p>\n<p>Precios al por mayor disponibles. MOQ 10 varas. Pares de muestra disponibles para verificar calidad y perforaci\u00f3n antes de comprometerse en volumen.<\/p>\n<p>Para fabricantes y minoristas de joyer\u00eda que buscan perlas barrocas en tonos c\u00e1lidos en un formato de perforaci\u00f3n \u00fatil: esta vara llena un nicho espec\u00edfico. El color naranja a\u00f1ade variedad a las opciones de stock y el formato de perforaci\u00f3n en la parte superior 2\/8 abre posibilidades de montaje que las varas perforadas completas no ofrecen.<\/p>","protected":false},"excerpt":{"rendered":"<p>Calidad de la perla: AAA<br \/>\nTama\u00f1o de la perla: 7-8mm<br \/>\nForma de la perla: Barroca (perforada en la parte superior 2\/8)<br \/>\nColor de la perla: Naranja<\/p>","protected":false},"featured_media":4433,"template":"","meta":{"_kad_blocks_custom_css":"","_kad_blocks_head_custom_js":"","_kad_blocks_body_custom_js":"","_kad_blocks_footer_custom_js":"","_kadence_starter_templates_imported_post":false,"_kad_post_transparent":"default","_kad_post_title":"","_kad_post_layout":"default","_kad_post_sidebar_id":"","_kad_post_content_style":"default","_kad_post_vertical_padding":"default","_kad_post_feature":"","_kad_post_feature_position":"","_kad_post_header":false,"_kad_post_footer":false,"_kad_post_classname":"","jetpack_publicize_message":"","jetpack_publicize_feature_enabled":true,"jetpack_social_post_already_shared":true,"jetpack_social_options":{"image_generator_settings":{"template":"highway","default_image_id":0,"font":"","enabled":false},"version":2}},"product_brand":[],"product_cat":[15],"product_tag":[124,147],"class_list":{"0":"post-4434","1":"product","2":"type-product","3":"status-publish","4":"has-post-thumbnail","6":"product_cat-pearl-strands","7":"product_tag-baroque-pearl-strands","8":"product_tag-orange-pearl","10":"first","11":"instock","12":"shipping-taxable","13":"product-type-simple","14":"entry","15":"content-bg","16":"loop-entry"},"jetpack_publicize_connections":[],"taxonomy_info":{"product_cat":[{"value":15,"label":"Pearl Strand"}],"product_tag":[{"value":124,"label":"baroque pearl strands"},{"value":147,"label":"orange pearl"}]},"featured_image_src_large":["https:\/\/www.pearlswholesaler.com\/wp-content\/uploads\/2026\/04\/cover_8d5338a420c12041497b001a3f3736db76d2b2c463c6b6c6803fd85c349daa02.jpeg",800,800,false],"author_info":[],"comment_info":"","_links":{"self":[{"href":"https:\/\/www.pearlswholesaler.com\/es\/wp-json\/wp\/v2\/product\/4434","targetHints":{"allow":["GET"]}}],"collection":[{"href":"https:\/\/www.pearlswholesaler.com\/es\/wp-json\/wp\/v2\/product"}],"about":[{"href":"https:\/\/www.pearlswholesaler.com\/es\/wp-json\/wp\/v2\/types\/product"}],"wp:featuredmedia":[{"embeddable":true,"href":"https:\/\/www.pearlswholesaler.com\/es\/wp-json\/wp\/v2\/media\/4433"}],"wp:attachment":[{"href":"https:\/\/www.pearlswholesaler.com\/es\/wp-json\/wp\/v2\/media?parent=4434"}],"wp:term":[{"taxonomy":"product_brand","embeddable":true,"href":"https:\/\/www.pearlswholesaler.com\/es\/wp-json\/wp\/v2\/product_brand?post=4434"},{"taxonomy":"product_cat","embeddable":true,"href":"https:\/\/www.pearlswholesaler.com\/es\/wp-json\/wp\/v2\/product_cat?post=4434"},{"taxonomy":"product_tag","embeddable":true,"href":"https:\/\/www.pearlswholesaler.com\/es\/wp-json\/wp\/v2\/product_tag?post=4434"}],"curies":[{"name":"wp","href":"https:\/\/api.w.org\/{rel}","templated":true}]}}