{"id":3298,"date":"2025-11-14T00:21:07","date_gmt":"2025-11-14T00:21:07","guid":{"rendered":"https:\/\/www.pearlswholesaler.com\/?post_type=product&#038;p=3298"},"modified":"2025-11-14T00:21:09","modified_gmt":"2025-11-14T00:21:09","slug":"9-10mm-purple-orange-button-shape-freshwater-pearl-strand-aaa","status":"publish","type":"product","link":"https:\/\/www.pearlswholesaler.com\/es\/product\/9-10mm-purple-orange-button-shape-freshwater-pearl-strand-aaa\/","title":{"rendered":"Collar de perlas de agua dulce en forma de bot\u00f3n de color blanco p\u00farpura\/naranja de 9-10 mm, grado AAA, 16 pulgadas"},"content":{"rendered":"<p>Este collar de 16 pulgadas presenta perlas de agua dulce en forma de bot\u00f3n de 9-10 mm en color p\u00farpura y naranja, todas de grado AAA para un brillo confiable de nivel medio y una superficie limpia que se traduce en un fuerte impacto visual a un precio asequible. Cada perla est\u00e1 preensamblada y tiene forma uniforme, lo que permite a los fabricantes transformar r\u00e1pidamente el lote en pulseras alegres o collares de una sola fila que se venden en el segmento de moda contempor\u00e1nea.<\/p>\n<figure id=\"attachment_3329\" aria-describedby=\"caption-attachment-3329\" style=\"width: 2560px\" class=\"wp-caption aligncenter\"><img loading=\"lazy\" decoding=\"async\" class=\"size-full wp-image-3329\" src=\"https:\/\/www.pearlswholesaler.com\/wp-content\/uploads\/2025\/11\/9-10-5-scaled.webp\" alt=\"Collar de perlas de agua dulce en forma de bot\u00f3n de color blanco p\u00farpura\/naranja de 9-10 mm, grado AAA, 16 pulgadas\" width=\"2560\" height=\"2560\" title=\"\" srcset=\"https:\/\/www.pearlswholesaler.com\/wp-content\/uploads\/2025\/11\/9-10-5-scaled.webp 2560w, https:\/\/www.pearlswholesaler.com\/wp-content\/uploads\/2025\/11\/9-10-5-300x300.webp 300w, https:\/\/www.pearlswholesaler.com\/wp-content\/uploads\/2025\/11\/9-10-5-1024x1024.webp 1024w, https:\/\/www.pearlswholesaler.com\/wp-content\/uploads\/2025\/11\/9-10-5-150x150.webp 150w, https:\/\/www.pearlswholesaler.com\/wp-content\/uploads\/2025\/11\/9-10-5-768x768.webp 768w, https:\/\/www.pearlswholesaler.com\/wp-content\/uploads\/2025\/11\/9-10-5-1536x1536.webp 1536w, https:\/\/www.pearlswholesaler.com\/wp-content\/uploads\/2025\/11\/9-10-5-2048x2048.webp 2048w, https:\/\/www.pearlswholesaler.com\/wp-content\/uploads\/2025\/11\/9-10-5-12x12.webp 12w, https:\/\/www.pearlswholesaler.com\/wp-content\/uploads\/2025\/11\/9-10-5-600x600.webp 600w, https:\/\/www.pearlswholesaler.com\/wp-content\/uploads\/2025\/11\/9-10-5-100x100.webp 100w\" sizes=\"auto, (max-width: 2560px) 100vw, 2560px\" \/><figcaption id=\"caption-attachment-3329\" class=\"wp-caption-text\">Collar de perlas de agua dulce en forma de bot\u00f3n de color blanco p\u00farpura\/naranja de 9-10 mm, grado AAA, 16 pulgadas<\/figcaption><\/figure>\n<p>El destello de tonos pastel bicolor combina bien con hallazgos en plata y oro rosa. Esto significa que los fabricantes pueden usarlo de inmediato para colecciones de primavera y verano, regalos de graduaci\u00f3n o conjuntos de capas sin necesidad de hacer una coincidencia de colores adicional. Cuando se envuelve varias veces, los tama\u00f1os de 9-10 mm y las formas de bot\u00f3n encajan perfectamente. Hay menos desperdicio porque la longitud de 16 pulgadas se puede cortar por la mitad para hacer dos pulseras de 7.5 pulgadas. Esto hace que el SKU sea m\u00e1s flexible para operaciones mayoristas de r\u00e1pida rotaci\u00f3n.<\/p>","protected":false},"excerpt":{"rendered":"<ul>\n<li><strong>Calidad de la perla<\/strong>: grado AAA<\/li>\n<li><strong>Tama\u00f1o de la perla<\/strong>: 9-10mm<\/li>\n<li><strong>Forma de la perla<\/strong>: Forma de bot\u00f3n<\/li>\n<li><strong>Color de la perla<\/strong>: color p\u00farpura\/naranja<\/li>\n<li><strong>Longitud<\/strong>: 16 pulgadas<\/li>\n<li><strong>Cierre<\/strong>\uff1aExcluir<\/li>\n<\/ul>","protected":false},"featured_media":3328,"template":"","meta":{"_kad_blocks_custom_css":"","_kad_blocks_head_custom_js":"","_kad_blocks_body_custom_js":"","_kad_blocks_footer_custom_js":"","_kadence_starter_templates_imported_post":false,"_kad_post_transparent":"default","_kad_post_title":"","_kad_post_layout":"default","_kad_post_sidebar_id":"","_kad_post_content_style":"default","_kad_post_vertical_padding":"default","_kad_post_feature":"","_kad_post_feature_position":"","_kad_post_header":false,"_kad_post_footer":false,"_kad_post_classname":"","jetpack_publicize_message":"","jetpack_publicize_feature_enabled":true,"jetpack_social_post_already_shared":true,"jetpack_social_options":{"image_generator_settings":{"template":"highway","default_image_id":0,"font":"","enabled":false},"version":2}},"product_brand":[],"product_cat":[15],"product_tag":[136],"class_list":{"0":"post-3298","1":"product","2":"type-product","3":"status-publish","4":"has-post-thumbnail","6":"product_cat-pearl-strands","7":"product_tag-pearl","8":"pa_pearl-color-natural-orange","9":"pa_pearl-color-natural-purple","10":"pa_pearl-shape-button-pearl","11":"pa_pearl-size-10mm","12":"pa_pearl-size-9mm","13":"pa_pearl-type-freshwater-pearl","15":"first","16":"instock","17":"shipping-taxable","18":"product-type-simple","19":"entry","20":"content-bg","21":"loop-entry"},"jetpack_publicize_connections":[],"taxonomy_info":{"product_cat":[{"value":15,"label":"Pearl Strand"}],"product_tag":[{"value":136,"label":"pearl"}],"pa_pearl-color":[{"value":95,"label":"Natural orange"},{"value":88,"label":"Natural purple"}],"pa_pearl-shape":[{"value":93,"label":"Button pearl"}],"pa_pearl-size":[{"value":79,"label":"10mm"},{"value":78,"label":"9mm"}],"pa_pearl-type":[{"value":69,"label":"Freshwater Pearl"}]},"featured_image_src_large":["https:\/\/www.pearlswholesaler.com\/wp-content\/uploads\/2025\/11\/9-10-6-1024x1024.webp",1024,1024,true],"author_info":[],"comment_info":"","_links":{"self":[{"href":"https:\/\/www.pearlswholesaler.com\/es\/wp-json\/wp\/v2\/product\/3298","targetHints":{"allow":["GET"]}}],"collection":[{"href":"https:\/\/www.pearlswholesaler.com\/es\/wp-json\/wp\/v2\/product"}],"about":[{"href":"https:\/\/www.pearlswholesaler.com\/es\/wp-json\/wp\/v2\/types\/product"}],"wp:featuredmedia":[{"embeddable":true,"href":"https:\/\/www.pearlswholesaler.com\/es\/wp-json\/wp\/v2\/media\/3328"}],"wp:attachment":[{"href":"https:\/\/www.pearlswholesaler.com\/es\/wp-json\/wp\/v2\/media?parent=3298"}],"wp:term":[{"taxonomy":"product_brand","embeddable":true,"href":"https:\/\/www.pearlswholesaler.com\/es\/wp-json\/wp\/v2\/product_brand?post=3298"},{"taxonomy":"product_cat","embeddable":true,"href":"https:\/\/www.pearlswholesaler.com\/es\/wp-json\/wp\/v2\/product_cat?post=3298"},{"taxonomy":"product_tag","embeddable":true,"href":"https:\/\/www.pearlswholesaler.com\/es\/wp-json\/wp\/v2\/product_tag?post=3298"}],"curies":[{"name":"wp","href":"https:\/\/api.w.org\/{rel}","templated":true}]}}