{"id":3292,"date":"2025-11-08T01:52:01","date_gmt":"2025-11-08T01:52:01","guid":{"rendered":"https:\/\/www.pearlswholesaler.com\/?post_type=product&#038;p=3292"},"modified":"2025-11-08T01:55:08","modified_gmt":"2025-11-08T01:55:08","slug":"9-10mm-white-button-pearl-strand-aaa-16-inches","status":"publish","type":"product","link":"https:\/\/www.pearlswholesaler.com\/es\/producto\/9-10mm-white-button-pearl-strand-aaa-16-inches\/","title":{"rendered":"Vara de perlas de agua dulce de forma bot\u00f3n blanca de 9-10 mm, grado AAA, 40 cm"},"content":{"rendered":"<p><span id=\"input-sentence~0\">Hay perlas de agua dulce en forma de bot\u00f3n blancas de 9 a 10 mm en esta cadena de 16 pulgadas.<\/span> <span id=\"input-sentence~1\">Son de grado AAA, lo que significa que tienen un buen brillo y pocas imperfecciones. Esto hace que sea la mejor combinaci\u00f3n de calidad y precio para producir muchas joyas. Cada perla ha sido perforada y ensartada de manera uniforme, para que puedan convertirse en pulseras o collares tradicionales que muestren un color blanco brillante y una forma suave.<\/span><\/p>\n<figure id=\"attachment_3293\" aria-describedby=\"caption-attachment-3293\" style=\"width: 2560px\" class=\"wp-caption aligncenter\"><img loading=\"lazy\" decoding=\"async\" class=\"size-full wp-image-3293\" src=\"https:\/\/www.pearlswholesaler.com\/wp-content\/uploads\/2025\/11\/9-10-1-scaled.webp\" alt=\"Vara de perlas de agua dulce de forma bot\u00f3n blanca de 9-10 mm, grado AAA, 40 cm\" width=\"2560\" height=\"2560\" title=\"\" srcset=\"https:\/\/www.pearlswholesaler.com\/wp-content\/uploads\/2025\/11\/9-10-1-scaled.webp 2560w, https:\/\/www.pearlswholesaler.com\/wp-content\/uploads\/2025\/11\/9-10-1-300x300.webp 300w, https:\/\/www.pearlswholesaler.com\/wp-content\/uploads\/2025\/11\/9-10-1-1024x1024.webp 1024w, https:\/\/www.pearlswholesaler.com\/wp-content\/uploads\/2025\/11\/9-10-1-150x150.webp 150w, https:\/\/www.pearlswholesaler.com\/wp-content\/uploads\/2025\/11\/9-10-1-768x768.webp 768w, https:\/\/www.pearlswholesaler.com\/wp-content\/uploads\/2025\/11\/9-10-1-1536x1536.webp 1536w, https:\/\/www.pearlswholesaler.com\/wp-content\/uploads\/2025\/11\/9-10-1-2048x2048.webp 2048w, https:\/\/www.pearlswholesaler.com\/wp-content\/uploads\/2025\/11\/9-10-1-12x12.webp 12w, https:\/\/www.pearlswholesaler.com\/wp-content\/uploads\/2025\/11\/9-10-1-600x600.webp 600w, https:\/\/www.pearlswholesaler.com\/wp-content\/uploads\/2025\/11\/9-10-1-100x100.webp 100w\" sizes=\"auto, (max-width: 2560px) 100vw, 2560px\" \/><figcaption id=\"caption-attachment-3293\" class=\"wp-caption-text\">Vara de perlas de agua dulce de forma bot\u00f3n blanca de 9-10 mm, grado AAA, 40 cm<\/figcaption><\/figure>\n<p><span id=\"input-sentence~2\">La forma de bot\u00f3n es bastante flexible y funciona bien con monturas de oro y plata.<\/span> <span id=\"input-sentence~3\">Esto permite a los dise\u00f1adores crear collares de una sola fila cl\u00e1sicos, delicados colgantes flotantes o conjuntos de pulseras en capas sin tener que clasificar o combinar nada. Es m\u00e1s f\u00e1cil armar las piezas cuando los tama\u00f1os y colores son iguales.<\/span> <span id=\"input-sentence~4\">Esto reduce los tiempos de entrega y ayuda a los mayoristas a cumplir con objetivos estacionales ajustados, manteniendo bajos los costos.<\/span><\/p>\n<ul>\n<li>Embalaje: Bolsa de polietileno\/Estuche de joyer\u00eda\/Caja de joyer\u00eda<\/li>\n<li>Tiempo de entrega: 3-10 d\u00edas h\u00e1biles<\/li>\n<li>Condiciones de pago: Transferencia bancaria, Paypal\/Alipay\/TT;<\/li>\n<li>Condiciones de pago: EXW, FOB Shanghai; El comprador es responsable de los gastos de env\u00edo<\/li>\n<\/ul>","protected":false},"excerpt":{"rendered":"<ul>\n<li><strong>Calidad de la perla<\/strong>: grado AAA<\/li>\n<li><strong>Tama\u00f1o de la perla<\/strong>: 9-10mm<\/li>\n<li><strong>Forma de la perla<\/strong>: Forma de bot\u00f3n<\/li>\n<li><strong>Color de la perla<\/strong>: color blanco<\/li>\n<li><strong>Longitud<\/strong>: 16 pulgadas<\/li>\n<li><strong>Cierre<\/strong>\uff1aExcluir<\/li>\n<\/ul>","protected":false},"featured_media":3293,"template":"","meta":{"_kad_blocks_custom_css":"","_kad_blocks_head_custom_js":"","_kad_blocks_body_custom_js":"","_kad_blocks_footer_custom_js":"","_kadence_starter_templates_imported_post":false,"_kad_post_transparent":"default","_kad_post_title":"","_kad_post_layout":"default","_kad_post_sidebar_id":"","_kad_post_content_style":"default","_kad_post_vertical_padding":"default","_kad_post_feature":"","_kad_post_feature_position":"","_kad_post_header":false,"_kad_post_footer":false,"_kad_post_classname":"","jetpack_publicize_message":"","jetpack_publicize_feature_enabled":true,"jetpack_social_post_already_shared":true,"jetpack_social_options":{"image_generator_settings":{"template":"highway","default_image_id":0,"font":"","enabled":false},"version":2}},"product_brand":[],"product_cat":[15],"product_tag":[27,119],"class_list":{"0":"post-3292","1":"product","2":"type-product","3":"status-publish","4":"has-post-thumbnail","6":"product_cat-pearl-strands","7":"product_tag-white-pearl","8":"product_tag-white-pearl-strands","9":"pa_pearl-color-white-pearl","10":"pa_pearl-shape-button-pearl","11":"pa_pearl-size-10mm","12":"pa_pearl-size-9mm","13":"pa_pearl-type-freshwater-pearl","15":"first","16":"instock","17":"shipping-taxable","18":"product-type-simple","19":"entry","20":"content-bg","21":"loop-entry"},"jetpack_publicize_connections":[],"taxonomy_info":{"product_cat":[{"value":15,"label":"Pearl Strand"}],"product_tag":[{"value":27,"label":"white pearl"},{"value":119,"label":"white pearl strands"}],"pa_pearl-color":[{"value":66,"label":"White Pearl"}],"pa_pearl-shape":[{"value":93,"label":"Button pearl"}],"pa_pearl-size":[{"value":79,"label":"10mm"},{"value":78,"label":"9mm"}],"pa_pearl-type":[{"value":69,"label":"Freshwater Pearl"}]},"featured_image_src_large":["https:\/\/www.pearlswholesaler.com\/wp-content\/uploads\/2025\/11\/9-10-1-1024x1024.webp",1024,1024,true],"author_info":[],"comment_info":"","_links":{"self":[{"href":"https:\/\/www.pearlswholesaler.com\/es\/wp-json\/wp\/v2\/product\/3292","targetHints":{"allow":["GET"]}}],"collection":[{"href":"https:\/\/www.pearlswholesaler.com\/es\/wp-json\/wp\/v2\/product"}],"about":[{"href":"https:\/\/www.pearlswholesaler.com\/es\/wp-json\/wp\/v2\/types\/product"}],"wp:featuredmedia":[{"embeddable":true,"href":"https:\/\/www.pearlswholesaler.com\/es\/wp-json\/wp\/v2\/media\/3293"}],"wp:attachment":[{"href":"https:\/\/www.pearlswholesaler.com\/es\/wp-json\/wp\/v2\/media?parent=3292"}],"wp:term":[{"taxonomy":"product_brand","embeddable":true,"href":"https:\/\/www.pearlswholesaler.com\/es\/wp-json\/wp\/v2\/product_brand?post=3292"},{"taxonomy":"product_cat","embeddable":true,"href":"https:\/\/www.pearlswholesaler.com\/es\/wp-json\/wp\/v2\/product_cat?post=3292"},{"taxonomy":"product_tag","embeddable":true,"href":"https:\/\/www.pearlswholesaler.com\/es\/wp-json\/wp\/v2\/product_tag?post=3292"}],"curies":[{"name":"wp","href":"https:\/\/api.w.org\/{rel}","templated":true}]}}