{"id":2905,"date":"2025-09-14T11:24:10","date_gmt":"2025-09-14T11:24:10","guid":{"rendered":"https:\/\/www.pearlswholesaler.com\/?post_type=product&#038;p=2905"},"modified":"2025-09-14T11:24:11","modified_gmt":"2025-09-14T11:24:11","slug":"6-7mm-natural-color-button-shape-freshwater-pearl-strand-aaa","status":"publish","type":"product","link":"https:\/\/www.pearlswholesaler.com\/es\/product\/6-7mm-natural-color-button-shape-freshwater-pearl-strand-aaa\/","title":{"rendered":"Rollo de perlas de agua dulce de color natural en forma de bot\u00f3n de 6-7mm, grado AAA, 16 pulgadas"},"content":{"rendered":"<p>Este hilo mayorista de 16 pulgadas enlaza m\u00e1s de cincuenta perlas de bot\u00f3n, de 6 a 7 mm cada una, en tonos no tratados de crema suave, champagne y rubor\u2014cada cuenta de grado AAA para una piel limpia y un lustre uniforme. La c\u00fapula baja se ajusta perfectamente a la mu\u00f1eca o al escote, por lo que un solo hilo se convierte en una pulsera de una sola fila con un tono terroso o en un collar de princesa de tonos c\u00e1lidos que combina con componentes de oro relleno o plata de ley sin necesidad de clasificaci\u00f3n adicional de color. Los tonos naturales ocultan peque\u00f1as variaciones superficiales, permitiendo que la calidad de nivel medio parezca premium para los clientes finales mientras mantiene bajos los costos.<\/p>\n<figure id=\"attachment_2907\" aria-describedby=\"caption-attachment-2907\" style=\"width: 2560px\" class=\"wp-caption aligncenter\"><img loading=\"lazy\" decoding=\"async\" class=\"size-full wp-image-2907\" src=\"https:\/\/www.pearlswholesaler.com\/wp-content\/uploads\/2025\/09\/6-7\u4fa7\u5b54-6-scaled.webp\" alt=\"Rollo de perlas de agua dulce de color natural en forma de bot\u00f3n de 6-7mm, grado AAA, 16 pulgadas\" width=\"2560\" height=\"2560\" title=\"\" srcset=\"https:\/\/www.pearlswholesaler.com\/wp-content\/uploads\/2025\/09\/6-7\u4fa7\u5b54-6-scaled.webp 2560w, https:\/\/www.pearlswholesaler.com\/wp-content\/uploads\/2025\/09\/6-7\u4fa7\u5b54-6-300x300.webp 300w, https:\/\/www.pearlswholesaler.com\/wp-content\/uploads\/2025\/09\/6-7\u4fa7\u5b54-6-1024x1024.webp 1024w, https:\/\/www.pearlswholesaler.com\/wp-content\/uploads\/2025\/09\/6-7\u4fa7\u5b54-6-150x150.webp 150w, https:\/\/www.pearlswholesaler.com\/wp-content\/uploads\/2025\/09\/6-7\u4fa7\u5b54-6-768x768.webp 768w, https:\/\/www.pearlswholesaler.com\/wp-content\/uploads\/2025\/09\/6-7\u4fa7\u5b54-6-1536x1536.webp 1536w, https:\/\/www.pearlswholesaler.com\/wp-content\/uploads\/2025\/09\/6-7\u4fa7\u5b54-6-2048x2048.webp 2048w, https:\/\/www.pearlswholesaler.com\/wp-content\/uploads\/2025\/09\/6-7\u4fa7\u5b54-6-12x12.webp 12w, https:\/\/www.pearlswholesaler.com\/wp-content\/uploads\/2025\/09\/6-7\u4fa7\u5b54-6-600x600.webp 600w, https:\/\/www.pearlswholesaler.com\/wp-content\/uploads\/2025\/09\/6-7\u4fa7\u5b54-6-100x100.webp 100w\" sizes=\"auto, (max-width: 2560px) 100vw, 2560px\" \/><figcaption id=\"caption-attachment-2907\" class=\"wp-caption-text\">Rollo de perlas de agua dulce de color natural en forma de bot\u00f3n de 6-7mm, grado AAA, 16 pulgadas<\/figcaption><\/figure>\n<p>La paleta org\u00e1nica a\u00f1ade una elegancia instant\u00e1nea de \u201ccasi nada\u201d a las l\u00edneas de moda, conjuntos de damas de honor y dise\u00f1os en capas, pero la forma cl\u00e1sica de bot\u00f3n mantiene las piezas atemporales. La uniformidad AAA asegura un tama\u00f1o consistente y un brillo suave en lotes al por mayor, permitiendo a los fabricantes dividir los hilos en pulseras de m\u00faltiples vueltas o combinar dos para un collar graduado que se vende a un precio atractivo de gama media.<\/p>\n<ul>\n<li>Embalaje: Bolsa de polietileno\/Estuche de joyer\u00eda\/Caja de joyer\u00eda<\/li>\n<li>Tiempo de entrega: 3-10 d\u00edas h\u00e1biles<\/li>\n<li>Env\u00edo: DHL\/Fedex\/UPS\/EMS<\/li>\n<li>Condiciones de pago: Transferencia bancaria, Paypal, Western Union, Alipay, TT;<\/li>\n<li>Condiciones de pago: EXW, FOB Shanghai; El comprador es responsable de los gastos de env\u00edo<\/li>\n<\/ul>","protected":false},"excerpt":{"rendered":"<ul>\n<li><strong>Calidad de la perla<\/strong>: grado AAA<\/li>\n<li><strong>Tama\u00f1o de la perla<\/strong>: 6-7mm<\/li>\n<li><strong>Forma de la perla<\/strong>: Forma de bot\u00f3n<\/li>\n<li><strong>Color de la perla<\/strong>: Color natural<\/li>\n<li><strong>Longitud<\/strong>: 16 pulgadas<\/li>\n<li><strong>Cierre<\/strong>\uff1aExcluir<\/li>\n<\/ul>","protected":false},"featured_media":2909,"template":"","meta":{"_kad_blocks_custom_css":"","_kad_blocks_head_custom_js":"","_kad_blocks_body_custom_js":"","_kad_blocks_footer_custom_js":"","_kadence_starter_templates_imported_post":false,"_kad_post_transparent":"default","_kad_post_title":"","_kad_post_layout":"default","_kad_post_sidebar_id":"","_kad_post_content_style":"default","_kad_post_vertical_padding":"default","_kad_post_feature":"","_kad_post_feature_position":"","_kad_post_header":false,"_kad_post_footer":false,"_kad_post_classname":"","jetpack_publicize_message":"","jetpack_publicize_feature_enabled":true,"jetpack_social_post_already_shared":false,"jetpack_social_options":{"image_generator_settings":{"template":"highway","default_image_id":0,"font":"","enabled":false},"version":2}},"product_brand":[],"product_cat":[15],"product_tag":[],"class_list":{"0":"post-2905","1":"product","2":"type-product","3":"status-publish","4":"has-post-thumbnail","6":"product_cat-pearl-strands","7":"pa_pearl-color-natural-color","8":"pa_pearl-color-natural-orange","9":"pa_pearl-color-natural-purple","10":"pa_pearl-shape-button-pearl","11":"pa_pearl-size-6mm","12":"pa_pearl-size-7mm","13":"pa_pearl-type-freshwater-pearl","15":"first","16":"instock","17":"shipping-taxable","18":"product-type-simple","19":"entry","20":"content-bg","21":"loop-entry"},"jetpack_publicize_connections":[],"taxonomy_info":{"product_cat":[{"value":15,"label":"Pearl Strand"}],"pa_pearl-color":[{"value":132,"label":"Natural Color"},{"value":95,"label":"Natural orange"},{"value":88,"label":"Natural purple"}],"pa_pearl-shape":[{"value":93,"label":"Button pearl"}],"pa_pearl-size":[{"value":77,"label":"6mm"},{"value":70,"label":"7mm"}],"pa_pearl-type":[{"value":69,"label":"Freshwater Pearl"}]},"featured_image_src_large":["https:\/\/www.pearlswholesaler.com\/wp-content\/uploads\/2025\/09\/6-7\u4fa7\u5b54-11-1024x1024.webp",1024,1024,true],"author_info":[],"comment_info":"","_links":{"self":[{"href":"https:\/\/www.pearlswholesaler.com\/es\/wp-json\/wp\/v2\/product\/2905","targetHints":{"allow":["GET"]}}],"collection":[{"href":"https:\/\/www.pearlswholesaler.com\/es\/wp-json\/wp\/v2\/product"}],"about":[{"href":"https:\/\/www.pearlswholesaler.com\/es\/wp-json\/wp\/v2\/types\/product"}],"wp:featuredmedia":[{"embeddable":true,"href":"https:\/\/www.pearlswholesaler.com\/es\/wp-json\/wp\/v2\/media\/2909"}],"wp:attachment":[{"href":"https:\/\/www.pearlswholesaler.com\/es\/wp-json\/wp\/v2\/media?parent=2905"}],"wp:term":[{"taxonomy":"product_brand","embeddable":true,"href":"https:\/\/www.pearlswholesaler.com\/es\/wp-json\/wp\/v2\/product_brand?post=2905"},{"taxonomy":"product_cat","embeddable":true,"href":"https:\/\/www.pearlswholesaler.com\/es\/wp-json\/wp\/v2\/product_cat?post=2905"},{"taxonomy":"product_tag","embeddable":true,"href":"https:\/\/www.pearlswholesaler.com\/es\/wp-json\/wp\/v2\/product_tag?post=2905"}],"curies":[{"name":"wp","href":"https:\/\/api.w.org\/{rel}","templated":true}]}}