{"id":2827,"date":"2025-09-11T03:00:31","date_gmt":"2025-09-11T03:00:31","guid":{"rendered":"https:\/\/www.pearlswholesaler.com\/?post_type=product&#038;p=2827"},"modified":"2025-09-11T03:00:32","modified_gmt":"2025-09-11T03:00:32","slug":"5-6mm-button-shape-natural-color-freshwater-pearl-strand-aaa","status":"publish","type":"product","link":"https:\/\/www.pearlswholesaler.com\/es\/product\/5-6mm-button-shape-natural-color-freshwater-pearl-strand-aaa\/","title":{"rendered":"Cord\u00f3n de perlas de agua dulce de forma bot\u00f3n de 5-6 mm, color natural, grado AAA, 16 pulgadas, orificio lateral, venta al por mayor"},"content":{"rendered":"<p>Esta cuerda de perlas de bot\u00f3n de 16 pulgadas al por mayor en tonos naturales no tratados\u2014mauve suave, champagne y crema\u2014clasificadas como AAA por su piel consistente y brillo vivo. La c\u00fapula baja se ajusta plana contra la mu\u00f1eca o el cuello, permitiendo que una sola cuerda se convierta r\u00e1pidamente en una pulsera delicada de una sola fila o en un collar de longitud princesa ordenado que combina con cierres de oro relleno o de plata de ley. El color y la forma est\u00e1n emparejados por lote para pedidos repetidos, proporcionando a los fabricantes un componente listo para usar para l\u00edneas de moda de gama media y conjuntos de damas de honor.<\/p>\n<p><img loading=\"lazy\" decoding=\"async\" class=\"size-full wp-image-2830 aligncenter\" src=\"https:\/\/www.pearlswholesaler.com\/wp-content\/uploads\/2025\/09\/\u4fa7\u5b545-6-16-scaled.webp\" alt=\"Cord\u00f3n de perlas de agua dulce de forma bot\u00f3n de 5-6 mm, color natural, grado AAA, 16 pulgadas, orificio lateral, venta al por mayor\" width=\"2560\" height=\"2560\" title=\"\" srcset=\"https:\/\/www.pearlswholesaler.com\/wp-content\/uploads\/2025\/09\/\u4fa7\u5b545-6-16-scaled.webp 2560w, https:\/\/www.pearlswholesaler.com\/wp-content\/uploads\/2025\/09\/\u4fa7\u5b545-6-16-300x300.webp 300w, https:\/\/www.pearlswholesaler.com\/wp-content\/uploads\/2025\/09\/\u4fa7\u5b545-6-16-1024x1024.webp 1024w, https:\/\/www.pearlswholesaler.com\/wp-content\/uploads\/2025\/09\/\u4fa7\u5b545-6-16-150x150.webp 150w, https:\/\/www.pearlswholesaler.com\/wp-content\/uploads\/2025\/09\/\u4fa7\u5b545-6-16-768x768.webp 768w, https:\/\/www.pearlswholesaler.com\/wp-content\/uploads\/2025\/09\/\u4fa7\u5b545-6-16-1536x1536.webp 1536w, https:\/\/www.pearlswholesaler.com\/wp-content\/uploads\/2025\/09\/\u4fa7\u5b545-6-16-2048x2048.webp 2048w, https:\/\/www.pearlswholesaler.com\/wp-content\/uploads\/2025\/09\/\u4fa7\u5b545-6-16-12x12.webp 12w, https:\/\/www.pearlswholesaler.com\/wp-content\/uploads\/2025\/09\/\u4fa7\u5b545-6-16-600x600.webp 600w, https:\/\/www.pearlswholesaler.com\/wp-content\/uploads\/2025\/09\/\u4fa7\u5b545-6-16-100x100.webp 100w\" sizes=\"auto, (max-width: 2560px) 100vw, 2560px\" \/><\/p>\n<p>La perforaci\u00f3n en el lado mantiene la cuerda flexible, por lo que se desliza suavemente para encordar instant\u00e1neamente en pulseras de estiramiento o collares atados sin tiempo adicional de preparaci\u00f3n. La paleta natural apagada oculta peque\u00f1as variaciones superficiales, haciendo que la clasificaci\u00f3n AAA parezca m\u00e1s alta para los clientes finales mientras mantiene los costos bajo control. Suministrado en lotes al por mayor con garant\u00eda de consistencia en el tono, este art\u00edculo en stock es ideal para talleres que producen pulseras y collares de perlas con tem\u00e1tica terrenal y org\u00e1nica que se venden a precios accesibles.<\/p>\n<ul>\n<li>Embalaje: Bolsa de polietileno\/Estuche de joyer\u00eda\/Caja de joyer\u00eda<\/li>\n<li>Tiempo de entrega: 3-10 d\u00edas h\u00e1biles<\/li>\n<li>Env\u00edo: DHL\/Fedex\/UPS\/EMS<\/li>\n<li>Condiciones de pago: Transferencia bancaria, Paypal, Western Union, Alipay, TT;<\/li>\n<li>Condiciones de pago: EXW, FOB Shanghai; El comprador es responsable de los gastos de env\u00edo<\/li>\n<\/ul>","protected":false},"excerpt":{"rendered":"<ul>\n<li><strong>Calidad de la perla<\/strong>: grado AAA<\/li>\n<li><strong>Tama\u00f1o de la perla<\/strong>: 5-6mm<\/li>\n<li><strong>Forma de la perla<\/strong>: Forma de bot\u00f3n<\/li>\n<li><strong>Color de la perla<\/strong>: Color Natural<\/li>\n<li><strong>Longitud<\/strong>: 16 pulgadas<\/li>\n<\/ul>","protected":false},"featured_media":2828,"template":"","meta":{"_kad_blocks_custom_css":"","_kad_blocks_head_custom_js":"","_kad_blocks_body_custom_js":"","_kad_blocks_footer_custom_js":"","_kadence_starter_templates_imported_post":false,"_kad_post_transparent":"default","_kad_post_title":"","_kad_post_layout":"default","_kad_post_sidebar_id":"","_kad_post_content_style":"default","_kad_post_vertical_padding":"default","_kad_post_feature":"","_kad_post_feature_position":"","_kad_post_header":false,"_kad_post_footer":false,"_kad_post_classname":"","jetpack_publicize_message":"","jetpack_publicize_feature_enabled":true,"jetpack_social_post_already_shared":false,"jetpack_social_options":{"image_generator_settings":{"template":"highway","default_image_id":0,"font":"","enabled":false},"version":2}},"product_brand":[],"product_cat":[15],"product_tag":[],"class_list":{"0":"post-2827","1":"product","2":"type-product","3":"status-publish","4":"has-post-thumbnail","6":"product_cat-pearl-strands","7":"pa_pearl-color-natural-color","8":"pa_pearl-shape-button-pearl","9":"pa_pearl-size-5mm-pearl-jewelry","10":"pa_pearl-size-6mm","11":"pa_pearl-type-freshwater-pearl","13":"first","14":"instock","15":"shipping-taxable","16":"product-type-simple","17":"entry","18":"content-bg","19":"loop-entry"},"jetpack_publicize_connections":[],"taxonomy_info":{"product_cat":[{"value":15,"label":"Pearl Strand"}],"pa_pearl-color":[{"value":132,"label":"Natural Color"}],"pa_pearl-shape":[{"value":93,"label":"Button pearl"}],"pa_pearl-size":[{"value":67,"label":"5mm"},{"value":77,"label":"6mm"}],"pa_pearl-type":[{"value":69,"label":"Freshwater Pearl"}]},"featured_image_src_large":["https:\/\/www.pearlswholesaler.com\/wp-content\/uploads\/2025\/09\/\u4fa7\u5b545-6-2-1024x1024.webp",1024,1024,true],"author_info":[],"comment_info":"","_links":{"self":[{"href":"https:\/\/www.pearlswholesaler.com\/es\/wp-json\/wp\/v2\/product\/2827","targetHints":{"allow":["GET"]}}],"collection":[{"href":"https:\/\/www.pearlswholesaler.com\/es\/wp-json\/wp\/v2\/product"}],"about":[{"href":"https:\/\/www.pearlswholesaler.com\/es\/wp-json\/wp\/v2\/types\/product"}],"wp:featuredmedia":[{"embeddable":true,"href":"https:\/\/www.pearlswholesaler.com\/es\/wp-json\/wp\/v2\/media\/2828"}],"wp:attachment":[{"href":"https:\/\/www.pearlswholesaler.com\/es\/wp-json\/wp\/v2\/media?parent=2827"}],"wp:term":[{"taxonomy":"product_brand","embeddable":true,"href":"https:\/\/www.pearlswholesaler.com\/es\/wp-json\/wp\/v2\/product_brand?post=2827"},{"taxonomy":"product_cat","embeddable":true,"href":"https:\/\/www.pearlswholesaler.com\/es\/wp-json\/wp\/v2\/product_cat?post=2827"},{"taxonomy":"product_tag","embeddable":true,"href":"https:\/\/www.pearlswholesaler.com\/es\/wp-json\/wp\/v2\/product_tag?post=2827"}],"curies":[{"name":"wp","href":"https:\/\/api.w.org\/{rel}","templated":true}]}}