{"id":2820,"date":"2025-09-11T02:44:38","date_gmt":"2025-09-11T02:44:38","guid":{"rendered":"https:\/\/www.pearlswholesaler.com\/?post_type=product&#038;p=2820"},"modified":"2025-09-11T02:51:10","modified_gmt":"2025-09-11T02:51:10","slug":"5-6mm-button-white-freshwater-pearl-strand-aaa","status":"publish","type":"product","link":"https:\/\/www.pearlswholesaler.com\/es\/product\/5-6mm-button-white-freshwater-pearl-strand-aaa\/","title":{"rendered":"Cord\u00f3n de perlas de agua dulce en forma de bot\u00f3n blanca de 5-6mm, grado AAA, 16 pulgadas, con orificio lateral, al por mayor"},"content":{"rendered":"<p>Perlas en forma de bot\u00f3n con m\u00e1s de sesenta unidades, grado AAA por piel limpia y tono brillante y uniforme, incluidas en cada hilo mayorista de 16 pulgadas. Este lote es perfecto para delicadas gargantillas, que se venden en el rango de precio medio, brazaletes de varias filas y pulseras el\u00e1sticas ligeras, porque la c\u00fapula achatada queda a ras de la mu\u00f1eca o el escote. La perforaci\u00f3n lateral mantiene la flexibilidad y preparaci\u00f3n del hilo para una conversi\u00f3n r\u00e1pida; todo lo que se necesita para crear pulseras y collares de perlas terminados es recortar, hacer nudos o crimpado en el hilo sin trabajos adicionales de modelado.<\/p>\n<p><img loading=\"lazy\" decoding=\"async\" class=\"size-full wp-image-2824 aligncenter\" src=\"https:\/\/www.pearlswholesaler.com\/wp-content\/uploads\/2025\/09\/\u4fa7\u5b545-6-5-scaled.webp\" alt=\"Cord\u00f3n de perlas de agua dulce en forma de bot\u00f3n con orificio lateral de 5-6mm, grado AAA, 16 pulgadas, al por mayor\" width=\"2560\" height=\"2560\" title=\"\" srcset=\"https:\/\/www.pearlswholesaler.com\/wp-content\/uploads\/2025\/09\/\u4fa7\u5b545-6-5-scaled.webp 2560w, https:\/\/www.pearlswholesaler.com\/wp-content\/uploads\/2025\/09\/\u4fa7\u5b545-6-5-300x300.webp 300w, https:\/\/www.pearlswholesaler.com\/wp-content\/uploads\/2025\/09\/\u4fa7\u5b545-6-5-1024x1024.webp 1024w, https:\/\/www.pearlswholesaler.com\/wp-content\/uploads\/2025\/09\/\u4fa7\u5b545-6-5-150x150.webp 150w, https:\/\/www.pearlswholesaler.com\/wp-content\/uploads\/2025\/09\/\u4fa7\u5b545-6-5-768x768.webp 768w, https:\/\/www.pearlswholesaler.com\/wp-content\/uploads\/2025\/09\/\u4fa7\u5b545-6-5-1536x1536.webp 1536w, https:\/\/www.pearlswholesaler.com\/wp-content\/uploads\/2025\/09\/\u4fa7\u5b545-6-5-2048x2048.webp 2048w, https:\/\/www.pearlswholesaler.com\/wp-content\/uploads\/2025\/09\/\u4fa7\u5b545-6-5-12x12.webp 12w, https:\/\/www.pearlswholesaler.com\/wp-content\/uploads\/2025\/09\/\u4fa7\u5b545-6-5-600x600.webp 600w, https:\/\/www.pearlswholesaler.com\/wp-content\/uploads\/2025\/09\/\u4fa7\u5b545-6-5-100x100.webp 100w\" sizes=\"auto, (max-width: 2560px) 100vw, 2560px\" \/><\/p>\n<p>Ofrecidas en tonos blancos uniformes o suaves naturales, estas perlas de bot\u00f3n de 5\u20136 mm ofrecen simetr\u00eda ordenada y color consistente bajo control de nivel medio AAA. La disposici\u00f3n de perforaci\u00f3n lateral permite que el hilo caiga suavemente, por lo que una longitud se convierte en un collar princesa \u00fanico o se divide en dos pulseras el\u00e1sticas que apilan para ventas instant\u00e1neas de volumen. La forma y el tono coinciden en lotes de pedidos al por mayor, proporcionando a los fabricantes un componente confiable para l\u00edneas de moda, eventos nupciales y conjuntos de regalo que necesitan un atractivo de perla real a un precio asequible.<\/p>","protected":false},"excerpt":{"rendered":"<ul>\n<li><strong>Calidad de la perla<\/strong>: grado AAA<\/li>\n<li><strong>Tama\u00f1o de la perla<\/strong>: 5-6mm<\/li>\n<li><strong>Forma de la perla<\/strong>: Forma de bot\u00f3n<\/li>\n<li><strong>Color de la perla<\/strong>: Blanco<\/li>\n<li><strong>Longitud<\/strong>: 16 pulgadas<\/li>\n<\/ul>","protected":false},"featured_media":2822,"template":"","meta":{"_kad_blocks_custom_css":"","_kad_blocks_head_custom_js":"","_kad_blocks_body_custom_js":"","_kad_blocks_footer_custom_js":"","_kadence_starter_templates_imported_post":false,"_kad_post_transparent":"default","_kad_post_title":"","_kad_post_layout":"default","_kad_post_sidebar_id":"","_kad_post_content_style":"default","_kad_post_vertical_padding":"default","_kad_post_feature":"","_kad_post_feature_position":"","_kad_post_header":false,"_kad_post_footer":false,"_kad_post_classname":"","jetpack_publicize_message":"","jetpack_publicize_feature_enabled":true,"jetpack_social_post_already_shared":false,"jetpack_social_options":{"image_generator_settings":{"template":"highway","default_image_id":0,"font":"","enabled":false},"version":2}},"product_brand":[],"product_cat":[15],"product_tag":[],"class_list":{"0":"post-2820","1":"product","2":"type-product","3":"status-publish","4":"has-post-thumbnail","6":"product_cat-pearl-strands","7":"pa_pearl-color-white-pearl","8":"pa_pearl-shape-button-pearl","9":"pa_pearl-size-5mm-pearl-jewelry","10":"pa_pearl-size-6mm","11":"pa_pearl-type-freshwater-pearl","13":"first","14":"instock","15":"shipping-taxable","16":"product-type-simple","17":"entry","18":"content-bg","19":"loop-entry"},"jetpack_publicize_connections":[],"taxonomy_info":{"product_cat":[{"value":15,"label":"Pearl Strand"}],"pa_pearl-color":[{"value":66,"label":"White Pearl"}],"pa_pearl-shape":[{"value":93,"label":"Button pearl"}],"pa_pearl-size":[{"value":67,"label":"5mm"},{"value":77,"label":"6mm"}],"pa_pearl-type":[{"value":69,"label":"Freshwater Pearl"}]},"featured_image_src_large":["https:\/\/www.pearlswholesaler.com\/wp-content\/uploads\/2025\/09\/\u4fa7\u5b545-6-6-1024x1024.webp",1024,1024,true],"author_info":[],"comment_info":"","_links":{"self":[{"href":"https:\/\/www.pearlswholesaler.com\/es\/wp-json\/wp\/v2\/product\/2820","targetHints":{"allow":["GET"]}}],"collection":[{"href":"https:\/\/www.pearlswholesaler.com\/es\/wp-json\/wp\/v2\/product"}],"about":[{"href":"https:\/\/www.pearlswholesaler.com\/es\/wp-json\/wp\/v2\/types\/product"}],"wp:featuredmedia":[{"embeddable":true,"href":"https:\/\/www.pearlswholesaler.com\/es\/wp-json\/wp\/v2\/media\/2822"}],"wp:attachment":[{"href":"https:\/\/www.pearlswholesaler.com\/es\/wp-json\/wp\/v2\/media?parent=2820"}],"wp:term":[{"taxonomy":"product_brand","embeddable":true,"href":"https:\/\/www.pearlswholesaler.com\/es\/wp-json\/wp\/v2\/product_brand?post=2820"},{"taxonomy":"product_cat","embeddable":true,"href":"https:\/\/www.pearlswholesaler.com\/es\/wp-json\/wp\/v2\/product_cat?post=2820"},{"taxonomy":"product_tag","embeddable":true,"href":"https:\/\/www.pearlswholesaler.com\/es\/wp-json\/wp\/v2\/product_tag?post=2820"}],"curies":[{"name":"wp","href":"https:\/\/api.w.org\/{rel}","templated":true}]}}