{"id":2768,"date":"2025-09-09T04:14:48","date_gmt":"2025-09-09T04:14:48","guid":{"rendered":"https:\/\/www.pearlswholesaler.com\/?post_type=product&#038;p=2768"},"modified":"2025-09-09T04:14:49","modified_gmt":"2025-09-09T04:14:49","slug":"11-15mm-white-round-freshwater-pearl-strands-aaa-grade-16-inches","status":"publish","type":"product","link":"https:\/\/www.pearlswholesaler.com\/es\/product\/11-15mm-white-round-freshwater-pearl-strands-aaa-grade-16-inches\/","title":{"rendered":"Hilos de perlas de agua dulce blancas redondas de 11-15 mm, grado AAA, 16 pulgadas"},"content":{"rendered":"<p>Este hilo de 16 pulgadas lleva 23-25 perlas graduadas que crecen desde 11 mm hasta un centro completo de 15 mm, dando a cualquier pieza volumen inmediato para la alfombra roja. La graduaci\u00f3n AAA mantiene las imperfecciones bajas y el lustre alto, por lo que las perlas ofrecen el audaz aspecto de \u201cSouth-Sea\u201d mientras se mantienen en un rango de precios medio. Cada cuenta est\u00e1 perforada a 1.0 mm y temporalmente nudos en seda blanca, lista para su transferencia inmediata a cierres de alta resistencia, tapas decorativas o cerraduras magn\u00e9ticas.<\/p>\n<p><img loading=\"lazy\" decoding=\"async\" class=\"alignnone size-full wp-image-2772\" src=\"https:\/\/www.pearlswholesaler.com\/wp-content\/uploads\/2025\/09\/11-15mm-pearl-strand5-scaled.webp\" alt=\"Hilos de perlas de agua dulce blancas redondas de 11-15 mm, grado AAA, 16 pulgadas\" width=\"2560\" height=\"2560\" title=\"\" srcset=\"https:\/\/www.pearlswholesaler.com\/wp-content\/uploads\/2025\/09\/11-15mm-pearl-strand5-scaled.webp 2560w, https:\/\/www.pearlswholesaler.com\/wp-content\/uploads\/2025\/09\/11-15mm-pearl-strand5-300x300.webp 300w, https:\/\/www.pearlswholesaler.com\/wp-content\/uploads\/2025\/09\/11-15mm-pearl-strand5-1024x1024.webp 1024w, https:\/\/www.pearlswholesaler.com\/wp-content\/uploads\/2025\/09\/11-15mm-pearl-strand5-150x150.webp 150w, https:\/\/www.pearlswholesaler.com\/wp-content\/uploads\/2025\/09\/11-15mm-pearl-strand5-768x768.webp 768w, https:\/\/www.pearlswholesaler.com\/wp-content\/uploads\/2025\/09\/11-15mm-pearl-strand5-1536x1536.webp 1536w, https:\/\/www.pearlswholesaler.com\/wp-content\/uploads\/2025\/09\/11-15mm-pearl-strand5-2048x2048.webp 2048w, https:\/\/www.pearlswholesaler.com\/wp-content\/uploads\/2025\/09\/11-15mm-pearl-strand5-12x12.webp 12w, https:\/\/www.pearlswholesaler.com\/wp-content\/uploads\/2025\/09\/11-15mm-pearl-strand5-600x600.webp 600w, https:\/\/www.pearlswholesaler.com\/wp-content\/uploads\/2025\/09\/11-15mm-pearl-strand5-100x100.webp 100w\" sizes=\"auto, (max-width: 2560px) 100vw, 2560px\" \/><\/p>\n<p>La secuencia graduada te permite mantener el hilo intacto para un collar dram\u00e1tico de longitud princesa, o recortar y volver a ensartar en dos pulseras gruesas de 7-8 hileras que se venden como piezas llamativas para el brazo. El tono blanco uniforme combina con hallazgos de plata, oro relleno o metal base, permiti\u00e9ndote ajustar el precio final hacia arriba o hacia abajo sin cambiar el stock. Suministrado en lotes al por mayor de veinte hilos, cada lote est\u00e1 emparejado en color y verificado en tama\u00f1o para producciones r\u00e1pidas y repetibles de collares de perlas de gran tama\u00f1o y pulseras llamativas que se mueven de manera confiable a trav\u00e9s de canales de moda, novias y regalos.<\/p>\n<ul>\n<li>Embalaje: Bolsa de polietileno\/Estuche de joyer\u00eda\/Caja de joyer\u00eda<\/li>\n<li>Tiempo de entrega: 3-10 d\u00edas h\u00e1biles<\/li>\n<li>Env\u00edo: DHL\/Fedex\/UPS\/EMS<\/li>\n<li>Condiciones de pago: Transferencia bancaria, Paypal, Western Union, Alipay, TT;<\/li>\n<li>Condiciones de pago: EXW, FOB Shanghai; El comprador es responsable de los gastos de env\u00edo<\/li>\n<\/ul>","protected":false},"excerpt":{"rendered":"<ul>\n<li><strong>Calidad de la perla<\/strong>: grado AAA<\/li>\n<li><strong>Tama\u00f1o de la perla<\/strong>: 11-15mm<\/li>\n<li><strong>Forma de la perla<\/strong>: Redonda<\/li>\n<li><strong>Color de la perla<\/strong>: Blanco<\/li>\n<li><strong>Longitud<\/strong>: 16 pulgadas<\/li>\n<\/ul>","protected":false},"featured_media":2769,"template":"","meta":{"_kad_blocks_custom_css":"","_kad_blocks_head_custom_js":"","_kad_blocks_body_custom_js":"","_kad_blocks_footer_custom_js":"","_kadence_starter_templates_imported_post":false,"_kad_post_transparent":"default","_kad_post_title":"","_kad_post_layout":"default","_kad_post_sidebar_id":"","_kad_post_content_style":"default","_kad_post_vertical_padding":"default","_kad_post_feature":"","_kad_post_feature_position":"","_kad_post_header":false,"_kad_post_footer":false,"_kad_post_classname":"","jetpack_publicize_message":"","jetpack_publicize_feature_enabled":true,"jetpack_social_post_already_shared":false,"jetpack_social_options":{"image_generator_settings":{"template":"highway","default_image_id":0,"font":"","enabled":false},"version":2}},"product_brand":[],"product_cat":[15],"product_tag":[],"class_list":{"0":"post-2768","1":"product","2":"type-product","3":"status-publish","4":"has-post-thumbnail","6":"product_cat-pearl-strands","7":"pa_pearl-color-white-pearl","8":"pa_pearl-shape-round-pearl","9":"pa_pearl-size-11mm","10":"pa_pearl-size-12mm","11":"pa_pearl-size-13mm","12":"pa_pearl-size-14mm","13":"pa_pearl-size-15mm","15":"first","16":"instock","17":"shipping-taxable","18":"product-type-simple","19":"entry","20":"content-bg","21":"loop-entry"},"jetpack_publicize_connections":[],"taxonomy_info":{"product_cat":[{"value":15,"label":"Pearl Strand"}],"pa_pearl-color":[{"value":66,"label":"White Pearl"}],"pa_pearl-shape":[{"value":68,"label":"Round Pearl"}],"pa_pearl-size":[{"value":82,"label":"11mm"},{"value":89,"label":"12mm"},{"value":80,"label":"13mm"},{"value":83,"label":"14mm"},{"value":131,"label":"15mm"}]},"featured_image_src_large":["https:\/\/www.pearlswholesaler.com\/wp-content\/uploads\/2025\/09\/11-15mm-pearl-strand3-1024x1024.webp",1024,1024,true],"author_info":[],"comment_info":"","_links":{"self":[{"href":"https:\/\/www.pearlswholesaler.com\/es\/wp-json\/wp\/v2\/product\/2768","targetHints":{"allow":["GET"]}}],"collection":[{"href":"https:\/\/www.pearlswholesaler.com\/es\/wp-json\/wp\/v2\/product"}],"about":[{"href":"https:\/\/www.pearlswholesaler.com\/es\/wp-json\/wp\/v2\/types\/product"}],"wp:featuredmedia":[{"embeddable":true,"href":"https:\/\/www.pearlswholesaler.com\/es\/wp-json\/wp\/v2\/media\/2769"}],"wp:attachment":[{"href":"https:\/\/www.pearlswholesaler.com\/es\/wp-json\/wp\/v2\/media?parent=2768"}],"wp:term":[{"taxonomy":"product_brand","embeddable":true,"href":"https:\/\/www.pearlswholesaler.com\/es\/wp-json\/wp\/v2\/product_brand?post=2768"},{"taxonomy":"product_cat","embeddable":true,"href":"https:\/\/www.pearlswholesaler.com\/es\/wp-json\/wp\/v2\/product_cat?post=2768"},{"taxonomy":"product_tag","embeddable":true,"href":"https:\/\/www.pearlswholesaler.com\/es\/wp-json\/wp\/v2\/product_tag?post=2768"}],"curies":[{"name":"wp","href":"https:\/\/api.w.org\/{rel}","templated":true}]}}