{"id":2725,"date":"2025-09-07T06:57:56","date_gmt":"2025-09-07T06:57:56","guid":{"rendered":"https:\/\/www.pearlswholesaler.com\/?post_type=product&#038;p=2725"},"modified":"2025-09-07T07:03:20","modified_gmt":"2025-09-07T07:03:20","slug":"9-5-10mm-white-button-shape-freshwater-loose-pearl-aaa","status":"publish","type":"product","link":"https:\/\/www.pearlswholesaler.com\/es\/product\/9-5-10mm-white-button-shape-freshwater-loose-pearl-aaa\/","title":{"rendered":"Perla suelta de agua dulce de forma de bot\u00f3n blanca de 9.5-10mm, grado AAA"},"content":{"rendered":"<p>Esta perla de agua dulce blanca de 9.5\u201310mm, de forma de bot\u00f3n, es de grado AAA, lo que la convierte en una opci\u00f3n s\u00f3lida si eres mayorista o fabricante de joyas que necesita algo que luzca bien pero no cueste una fortuna. Tiene un tama\u00f1o adecuado con una c\u00fapula suave y uniforme, por lo que sin duda destacar\u00e1 en cualquier pieza de joyer\u00eda \u2013 perfecta para pendientes llamativos, anillos de c\u00f3ctel o incluso art\u00edculos tem\u00e1ticos para bodas.<\/p>\n<figure id=\"attachment_2726\" aria-describedby=\"caption-attachment-2726\" style=\"width: 1920px\" class=\"wp-caption alignnone\"><img loading=\"lazy\" decoding=\"async\" class=\"size-full wp-image-2726\" src=\"https:\/\/www.pearlswholesaler.com\/wp-content\/uploads\/2025\/09\/9.5-10-scaled.webp\" alt=\"Perla suelta de agua dulce de forma de bot\u00f3n blanca de 9.5-10mm, grado AAA\" width=\"1920\" height=\"2560\" title=\"\" srcset=\"https:\/\/www.pearlswholesaler.com\/wp-content\/uploads\/2025\/09\/9.5-10-scaled.webp 1920w, https:\/\/www.pearlswholesaler.com\/wp-content\/uploads\/2025\/09\/9.5-10-225x300.webp 225w, https:\/\/www.pearlswholesaler.com\/wp-content\/uploads\/2025\/09\/9.5-10-768x1024.webp 768w, https:\/\/www.pearlswholesaler.com\/wp-content\/uploads\/2025\/09\/9.5-10-1152x1536.webp 1152w, https:\/\/www.pearlswholesaler.com\/wp-content\/uploads\/2025\/09\/9.5-10-1536x2048.webp 1536w, https:\/\/www.pearlswholesaler.com\/wp-content\/uploads\/2025\/09\/9.5-10-600x800.webp 600w\" sizes=\"auto, (max-width: 1920px) 100vw, 1920px\" \/><figcaption id=\"caption-attachment-2726\" class=\"wp-caption-text\">Perla suelta de agua dulce de forma de bot\u00f3n blanca de 9.5-10mm, grado AAA<\/figcaption><\/figure>\n<p>Ser de grado AAA significa que tiene una superficie bastante limpia y un brillo consistente, lo suficientemente bueno para complacer a los clientes que desean una calidad decente sin los precios exorbitantes de las perlas de alta gama. Su color blanco simple y su forma de bot\u00f3n cl\u00e1sica significan que combinar\u00e1 con casi cualquier metal o dise\u00f1o que puedas imaginar. Puedes comprarla al por mayor, lo que la convierte en una opci\u00f3n confiable si est\u00e1s haciendo muchas joyas, creando tu propia marca o formando una l\u00ednea de lujo m\u00e1s asequible dirigida a clientes que buscan buena relaci\u00f3n calidad-precio.<\/p>\n<ul>\n<li>Embalaje: Bolsa de polietileno\/Estuche de joyer\u00eda\/Caja de joyer\u00eda<\/li>\n<li>Tiempo de entrega: 3-10 d\u00edas h\u00e1biles<\/li>\n<li>Env\u00edo: DHL\/Fedex\/UPS\/EMS<\/li>\n<li>Condiciones de pago: Transferencia bancaria, Paypal, Western Union, Alipay, TT;<\/li>\n<li>Condiciones de pago: EXW, FOB Shanghai; El comprador es responsable de los gastos de env\u00edo<\/li>\n<\/ul>","protected":false},"excerpt":{"rendered":"<ul>\n<li><strong>Calidad de la perla<\/strong>: AAA<\/li>\n<li><strong>Tama\u00f1o de la perla<\/strong>: 9.5-10mm<\/li>\n<li><strong>Forma de la perla<\/strong>: Forma de bot\u00f3n<\/li>\n<li><strong>Color de la perla<\/strong>: Blanco<\/li>\n<\/ul>","protected":false},"featured_media":2726,"template":"","meta":{"_kad_blocks_custom_css":"","_kad_blocks_head_custom_js":"","_kad_blocks_body_custom_js":"","_kad_blocks_footer_custom_js":"","_kadence_starter_templates_imported_post":false,"_kad_post_transparent":"default","_kad_post_title":"","_kad_post_layout":"default","_kad_post_sidebar_id":"","_kad_post_content_style":"default","_kad_post_vertical_padding":"default","_kad_post_feature":"","_kad_post_feature_position":"","_kad_post_header":false,"_kad_post_footer":false,"_kad_post_classname":"","jetpack_publicize_message":"","jetpack_publicize_feature_enabled":true,"jetpack_social_post_already_shared":false,"jetpack_social_options":{"image_generator_settings":{"template":"highway","default_image_id":0,"font":"","enabled":false},"version":2}},"product_brand":[],"product_cat":[15],"product_tag":[],"class_list":{"0":"post-2725","1":"product","2":"type-product","3":"status-publish","4":"has-post-thumbnail","6":"product_cat-pearl-strands","7":"pa_pearl-color-white-pearl","8":"pa_pearl-shape-button-pearl","9":"pa_pearl-size-10mm","10":"pa_pearl-size-9mm","11":"pa_pearl-type-freshwater-pearl","13":"first","14":"instock","15":"shipping-taxable","16":"product-type-simple","17":"entry","18":"content-bg","19":"loop-entry"},"jetpack_publicize_connections":[],"taxonomy_info":{"product_cat":[{"value":15,"label":"Pearl Strand"}],"pa_pearl-color":[{"value":66,"label":"White Pearl"}],"pa_pearl-shape":[{"value":93,"label":"Button pearl"}],"pa_pearl-size":[{"value":79,"label":"10mm"},{"value":78,"label":"9mm"}],"pa_pearl-type":[{"value":69,"label":"Freshwater Pearl"}]},"featured_image_src_large":["https:\/\/www.pearlswholesaler.com\/wp-content\/uploads\/2025\/09\/9.5-10-768x1024.webp",768,1024,true],"author_info":[],"comment_info":"","_links":{"self":[{"href":"https:\/\/www.pearlswholesaler.com\/es\/wp-json\/wp\/v2\/product\/2725","targetHints":{"allow":["GET"]}}],"collection":[{"href":"https:\/\/www.pearlswholesaler.com\/es\/wp-json\/wp\/v2\/product"}],"about":[{"href":"https:\/\/www.pearlswholesaler.com\/es\/wp-json\/wp\/v2\/types\/product"}],"wp:featuredmedia":[{"embeddable":true,"href":"https:\/\/www.pearlswholesaler.com\/es\/wp-json\/wp\/v2\/media\/2726"}],"wp:attachment":[{"href":"https:\/\/www.pearlswholesaler.com\/es\/wp-json\/wp\/v2\/media?parent=2725"}],"wp:term":[{"taxonomy":"product_brand","embeddable":true,"href":"https:\/\/www.pearlswholesaler.com\/es\/wp-json\/wp\/v2\/product_brand?post=2725"},{"taxonomy":"product_cat","embeddable":true,"href":"https:\/\/www.pearlswholesaler.com\/es\/wp-json\/wp\/v2\/product_cat?post=2725"},{"taxonomy":"product_tag","embeddable":true,"href":"https:\/\/www.pearlswholesaler.com\/es\/wp-json\/wp\/v2\/product_tag?post=2725"}],"curies":[{"name":"wp","href":"https:\/\/api.w.org\/{rel}","templated":true}]}}