{"id":2645,"date":"2025-09-04T06:20:16","date_gmt":"2025-09-04T06:20:16","guid":{"rendered":"https:\/\/www.pearlswholesaler.com\/?post_type=product&#038;p=2645"},"modified":"2025-09-04T06:59:31","modified_gmt":"2025-09-04T06:59:31","slug":"6-7mm-white-baroque-freshwater-pearl-strands-aaa","status":"publish","type":"product","link":"https:\/\/www.pearlswholesaler.com\/es\/product\/6-7mm-white-baroque-freshwater-pearl-strands-aaa\/","title":{"rendered":"Cadenas de perlas de agua dulce Barrocas blancas de 6-7 mm, grado AAA, 16 pulgadas"},"content":{"rendered":"<p><span id=\"input-sentence~0\">Estas hermosas cadenas de perlas de agua dulce baroque blancas de grado AAA, de 6-7 mm, te ofrecen una calidad incre\u00edble por el precio.<\/span> <span id=\"input-sentence~1\">Cada cadena es una cascada de perlas de forma \u00fanica, rindiendo homenaje a la belleza de la naturaleza.<\/span> <span id=\"input-sentence~2\">Cada cadena es como una cascada de perlas de forma \u00fanica, celebrando la artesan\u00eda de la naturaleza. Estas no son tus perlas redondas t\u00edpicas; tienen peque\u00f1as imperfecciones intrigantes y formas naturales que las hacen a\u00fan m\u00e1s cautivadoras.<\/span> <span id=\"input-sentence~3\">La superficie ligeramente irregular captura y refleja la luz de manera hermosa, a\u00f1adiendo un brillo impresionante y \u00fanico a tu joyer\u00eda.<\/span><\/p>\n<p><img loading=\"lazy\" decoding=\"async\" class=\"size-full wp-image-2646 aligncenter\" src=\"https:\/\/www.pearlswholesaler.com\/wp-content\/uploads\/2025\/09\/6-7-1-scaled.webp\" alt=\"Cadenas de perlas de agua dulce Barrocas blancas de 6-7 mm, grado AAA\" width=\"2560\" height=\"2560\" title=\"\" srcset=\"https:\/\/www.pearlswholesaler.com\/wp-content\/uploads\/2025\/09\/6-7-1-scaled.webp 2560w, https:\/\/www.pearlswholesaler.com\/wp-content\/uploads\/2025\/09\/6-7-1-300x300.webp 300w, https:\/\/www.pearlswholesaler.com\/wp-content\/uploads\/2025\/09\/6-7-1-1024x1024.webp 1024w, https:\/\/www.pearlswholesaler.com\/wp-content\/uploads\/2025\/09\/6-7-1-150x150.webp 150w, https:\/\/www.pearlswholesaler.com\/wp-content\/uploads\/2025\/09\/6-7-1-768x768.webp 768w, https:\/\/www.pearlswholesaler.com\/wp-content\/uploads\/2025\/09\/6-7-1-1536x1536.webp 1536w, https:\/\/www.pearlswholesaler.com\/wp-content\/uploads\/2025\/09\/6-7-1-2048x2048.webp 2048w, https:\/\/www.pearlswholesaler.com\/wp-content\/uploads\/2025\/09\/6-7-1-600x600.webp 600w, https:\/\/www.pearlswholesaler.com\/wp-content\/uploads\/2025\/09\/6-7-1-100x100.webp 100w\" sizes=\"auto, (max-width: 2560px) 100vw, 2560px\" \/><\/p>\n<p><span id=\"input-sentence~4\">Puedes comenzar tu pr\u00f3xima creaci\u00f3n con estas cadenas de perlas.<\/span> <span id=\"input-sentence~5\">Imagina crear collares de perlas hermosos con un toque contempor\u00e1neo, o tal vez una pulsera que realmente destaque.<\/span> <span id=\"input-sentence~6\">Los dise\u00f1os de joyer\u00eda moderna lucen genial con la forma barroca.<\/span><\/p>\n<p><span id=\"input-sentence~7\">Dado que son perlas de grado AAA, su lustre y superficie generalmente lisa garantizan calidad.<\/span> <span id=\"input-sentence~8\">Aunque las perlas barrocas no tienen simetr\u00eda perfecta, su calidad y brillo en general son buenos, aportando creatividad a tus proyectos finales.<\/span> <span id=\"input-sentence~9\">Prep\u00e1rate para a\u00f1adir estas cadenas de perlas \u00fanicas a tu colecci\u00f3n de joyer\u00eda y dar un toque de elegancia natural.<\/span><\/p>\n<ul>\n<li>Embalaje: Bolsa de polietileno\/Estuche de joyer\u00eda\/Caja de joyer\u00eda<\/li>\n<li>Tiempo de entrega: 3-10 d\u00edas h\u00e1biles<\/li>\n<li>Env\u00edo: DHL\/Fedex\/UPS\/EMS<\/li>\n<li>Condiciones de pago: Transferencia bancaria, Paypal, Western Union, Alipay, TT;<\/li>\n<li>Condiciones de pago: EXW, FOB Shanghai; El comprador es responsable de los gastos de env\u00edo<\/li>\n<\/ul>","protected":false},"excerpt":{"rendered":"<ul>\n<li><strong>Calidad de la perla<\/strong>: grado AAA<\/li>\n<li><strong>Tama\u00f1o de la perla<\/strong>: 6-7mm<\/li>\n<li><strong>Forma de la perla<\/strong>: Barroco<\/li>\n<li><strong>Color de la perla<\/strong>: Blanco<\/li>\n<li><strong>Longitud<\/strong>: 16 pulgadas<\/li>\n<\/ul>","protected":false},"featured_media":2646,"template":"","meta":{"_kad_blocks_custom_css":"","_kad_blocks_head_custom_js":"","_kad_blocks_body_custom_js":"","_kad_blocks_footer_custom_js":"","_kadence_starter_templates_imported_post":false,"_kad_post_transparent":"default","_kad_post_title":"","_kad_post_layout":"default","_kad_post_sidebar_id":"","_kad_post_content_style":"default","_kad_post_vertical_padding":"default","_kad_post_feature":"","_kad_post_feature_position":"","_kad_post_header":false,"_kad_post_footer":false,"_kad_post_classname":"","jetpack_publicize_message":"","jetpack_publicize_feature_enabled":true,"jetpack_social_post_already_shared":false,"jetpack_social_options":{"image_generator_settings":{"template":"highway","default_image_id":0,"font":"","enabled":false},"version":2}},"product_brand":[],"product_cat":[15],"product_tag":[],"class_list":{"0":"post-2645","1":"product","2":"type-product","3":"status-publish","4":"has-post-thumbnail","6":"product_cat-pearl-strands","7":"pa_pearl-color-white-pearl","8":"pa_pearl-shape-baroque-pearl","9":"pa_pearl-size-6mm","10":"pa_pearl-size-7mm","11":"pa_pearl-type-freshwater-pearl","13":"first","14":"instock","15":"shipping-taxable","16":"product-type-simple","17":"entry","18":"content-bg","19":"loop-entry"},"jetpack_publicize_connections":[],"taxonomy_info":{"product_cat":[{"value":15,"label":"Pearl Strand"}],"pa_pearl-color":[{"value":66,"label":"White Pearl"}],"pa_pearl-shape":[{"value":75,"label":"Baroque Pearl"}],"pa_pearl-size":[{"value":77,"label":"6mm"},{"value":70,"label":"7mm"}],"pa_pearl-type":[{"value":69,"label":"Freshwater Pearl"}]},"featured_image_src_large":["https:\/\/www.pearlswholesaler.com\/wp-content\/uploads\/2025\/09\/6-7-1-1024x1024.webp",1024,1024,true],"author_info":[],"comment_info":"","_links":{"self":[{"href":"https:\/\/www.pearlswholesaler.com\/es\/wp-json\/wp\/v2\/product\/2645","targetHints":{"allow":["GET"]}}],"collection":[{"href":"https:\/\/www.pearlswholesaler.com\/es\/wp-json\/wp\/v2\/product"}],"about":[{"href":"https:\/\/www.pearlswholesaler.com\/es\/wp-json\/wp\/v2\/types\/product"}],"wp:featuredmedia":[{"embeddable":true,"href":"https:\/\/www.pearlswholesaler.com\/es\/wp-json\/wp\/v2\/media\/2646"}],"wp:attachment":[{"href":"https:\/\/www.pearlswholesaler.com\/es\/wp-json\/wp\/v2\/media?parent=2645"}],"wp:term":[{"taxonomy":"product_brand","embeddable":true,"href":"https:\/\/www.pearlswholesaler.com\/es\/wp-json\/wp\/v2\/product_brand?post=2645"},{"taxonomy":"product_cat","embeddable":true,"href":"https:\/\/www.pearlswholesaler.com\/es\/wp-json\/wp\/v2\/product_cat?post=2645"},{"taxonomy":"product_tag","embeddable":true,"href":"https:\/\/www.pearlswholesaler.com\/es\/wp-json\/wp\/v2\/product_tag?post=2645"}],"curies":[{"name":"wp","href":"https:\/\/api.w.org\/{rel}","templated":true}]}}