{"id":1539,"date":"2024-12-12T13:19:14","date_gmt":"2024-12-12T13:19:14","guid":{"rendered":"https:\/\/pearlswholesaler.com\/?post_type=product&#038;p=1539"},"modified":"2025-08-07T07:20:37","modified_gmt":"2025-08-07T07:20:37","slug":"bulk-13-14mm-white-round-pearl-pendant-aaaaa-grade","status":"publish","type":"product","link":"https:\/\/www.pearlswholesaler.com\/es\/product\/bulk-13-14mm-white-round-pearl-pendant-aaaaa-grade\/","title":{"rendered":"Colgante de perla de agua dulce blanca redonda de 13-14mm, grado AAAAA"},"content":{"rendered":"<p>\u00bfBuscas una pieza de joyer\u00eda verdaderamente exquisita? Este colgante presenta una perla de agua dulce blanca, de grado AAAAA, perfectamente redonda y de un impresionante tama\u00f1o de 13-14 mm. La hemos combinado con carneliana de Nanjiang cuidadosamente seleccionada y lujantes detalles en oro de 18 quilates para crear una pieza tan duradera como hermosa. El dise\u00f1o cl\u00e1sico y el color blanco impecable la hacen incre\u00edblemente vers\u00e1til, perfecta para cualquier ocasi\u00f3n.<\/p>\n<p><img loading=\"lazy\" decoding=\"async\" class=\"size-full wp-image-1540 aligncenter\" src=\"https:\/\/pearlswholesaler.com\/wp-content\/uploads\/2024\/12\/13-14mm-pearl-necklace-AAAAA-fresh-water-pearlwhite.webp\" alt=\"Colgante de perla de agua dulce de 13-14mm, perla de agua dulce de grado AAAAA, blanca\" width=\"1000\" height=\"996\" title=\"\" srcset=\"https:\/\/www.pearlswholesaler.com\/wp-content\/uploads\/2024\/12\/13-14mm-pearl-necklace-AAAAA-fresh-water-pearlwhite.webp 1000w, https:\/\/www.pearlswholesaler.com\/wp-content\/uploads\/2024\/12\/13-14mm-pearl-necklace-AAAAA-fresh-water-pearlwhite-300x300.webp 300w, https:\/\/www.pearlswholesaler.com\/wp-content\/uploads\/2024\/12\/13-14mm-pearl-necklace-AAAAA-fresh-water-pearlwhite-150x150.webp 150w, https:\/\/www.pearlswholesaler.com\/wp-content\/uploads\/2024\/12\/13-14mm-pearl-necklace-AAAAA-fresh-water-pearlwhite-768x765.webp 768w, https:\/\/www.pearlswholesaler.com\/wp-content\/uploads\/2024\/12\/13-14mm-pearl-necklace-AAAAA-fresh-water-pearlwhite-600x598.webp 600w, https:\/\/www.pearlswholesaler.com\/wp-content\/uploads\/2024\/12\/13-14mm-pearl-necklace-AAAAA-fresh-water-pearlwhite-100x100.webp 100w\" sizes=\"auto, (max-width: 1000px) 100vw, 1000px\" \/><\/p>\n<p>Simple pero impresionante. La forma cl\u00e1sica complementa sin esfuerzo cualquier conjunto, desde veladas glamorosas hasta d\u00edas casuales. Y, debido a que no lleva cadena, puedes combinarla con tu collar favorito para crear un look que sea exclusivamente tuyo.<\/p>\n<p>Compradores al por mayor, tomen nota: Este colgante de perla es un \u00e9xito garantizado. Es el tipo de pieza que atraer\u00e1 atenci\u00f3n y aumentar\u00e1 sus ventas, una adquisici\u00f3n imprescindible para cualquier colecci\u00f3n de joyer\u00eda exigente.<\/p>\n<ul>\n<li>Embalaje: Bolsa de polietileno\/Estuche de joyer\u00eda\/Caja de joyer\u00eda<\/li>\n<li>Tiempo de entrega: 3-10 d\u00edas h\u00e1biles<\/li>\n<li>Env\u00edo: DHL\/Fedex\/UPS\/EMS<\/li>\n<li>Condiciones de pago: Transferencia bancaria, Paypal, Western Union, Alipay, TT;<\/li>\n<li>Condiciones de pago: EXW, FOB Shangh\u00e1i;<\/li>\n<\/ul>","protected":false},"excerpt":{"rendered":"<ul>\n<li><strong>Calidad de la perla<\/strong>: Grado AAAAA<\/li>\n<li><strong>Tama\u00f1o de la perla<\/strong>: 13-14mm<\/li>\n<li><strong>Forma de la perla<\/strong>: Redonda<\/li>\n<li><strong>Color de la perla<\/strong>: Blanco<\/li>\n<li><strong>Material<\/strong>\uff1aJaspe de Nanjiang, oro de 18K, Perla de agua dulce<\/li>\n<li><strong>Nota<\/strong>\uff1aColgante de plata de ley sin cadena<\/li>\n<\/ul>","protected":false},"featured_media":1540,"template":"","meta":{"_kad_blocks_custom_css":"","_kad_blocks_head_custom_js":"","_kad_blocks_body_custom_js":"","_kad_blocks_footer_custom_js":"","_kadence_starter_templates_imported_post":false,"_kad_post_transparent":"default","_kad_post_title":"","_kad_post_layout":"default","_kad_post_sidebar_id":"","_kad_post_content_style":"default","_kad_post_vertical_padding":"default","_kad_post_feature":"","_kad_post_feature_position":"","_kad_post_header":false,"_kad_post_footer":false,"_kad_post_classname":"","jetpack_publicize_message":"","jetpack_publicize_feature_enabled":true,"jetpack_social_post_already_shared":false,"jetpack_social_options":{"image_generator_settings":{"template":"highway","default_image_id":0,"font":"","enabled":false},"version":2}},"product_brand":[],"product_cat":[64],"product_tag":[],"class_list":{"0":"post-1539","1":"product","2":"type-product","3":"status-publish","4":"has-post-thumbnail","6":"product_cat-pearl-pendants","7":"pa_pearl-color-white-pearl","8":"pa_pearl-shape-round-pearl","9":"pa_pearl-size-13mm","10":"pa_pearl-size-14mm","11":"pa_pearl-type-freshwater-pearl","13":"first","14":"instock","15":"shipping-taxable","16":"product-type-simple","17":"entry","18":"content-bg","19":"loop-entry"},"jetpack_publicize_connections":[],"taxonomy_info":{"product_cat":[{"value":64,"label":"Pearl Pendant"}],"pa_pearl-color":[{"value":66,"label":"White Pearl"}],"pa_pearl-shape":[{"value":68,"label":"Round Pearl"}],"pa_pearl-size":[{"value":80,"label":"13mm"},{"value":83,"label":"14mm"}],"pa_pearl-type":[{"value":69,"label":"Freshwater Pearl"}]},"featured_image_src_large":["https:\/\/www.pearlswholesaler.com\/wp-content\/uploads\/2024\/12\/13-14mm-pearl-necklace-AAAAA-fresh-water-pearlwhite.webp",1000,996,false],"author_info":[],"comment_info":"","_links":{"self":[{"href":"https:\/\/www.pearlswholesaler.com\/es\/wp-json\/wp\/v2\/product\/1539","targetHints":{"allow":["GET"]}}],"collection":[{"href":"https:\/\/www.pearlswholesaler.com\/es\/wp-json\/wp\/v2\/product"}],"about":[{"href":"https:\/\/www.pearlswholesaler.com\/es\/wp-json\/wp\/v2\/types\/product"}],"wp:featuredmedia":[{"embeddable":true,"href":"https:\/\/www.pearlswholesaler.com\/es\/wp-json\/wp\/v2\/media\/1540"}],"wp:attachment":[{"href":"https:\/\/www.pearlswholesaler.com\/es\/wp-json\/wp\/v2\/media?parent=1539"}],"wp:term":[{"taxonomy":"product_brand","embeddable":true,"href":"https:\/\/www.pearlswholesaler.com\/es\/wp-json\/wp\/v2\/product_brand?post=1539"},{"taxonomy":"product_cat","embeddable":true,"href":"https:\/\/www.pearlswholesaler.com\/es\/wp-json\/wp\/v2\/product_cat?post=1539"},{"taxonomy":"product_tag","embeddable":true,"href":"https:\/\/www.pearlswholesaler.com\/es\/wp-json\/wp\/v2\/product_tag?post=1539"}],"curies":[{"name":"wp","href":"https:\/\/api.w.org\/{rel}","templated":true}]}}