{"id":1523,"date":"2024-12-11T08:21:11","date_gmt":"2024-12-11T08:21:11","guid":{"rendered":"https:\/\/pearlswholesaler.com\/?post_type=product&#038;p=1523"},"modified":"2025-07-22T06:37:35","modified_gmt":"2025-07-22T06:37:35","slug":"bulk-11-12mm-round-purple-freshwater-pearl-pendant","status":"publish","type":"product","link":"https:\/\/www.pearlswholesaler.com\/es\/product\/bulk-11-12mm-round-purple-freshwater-pearl-pendant\/","title":{"rendered":"Colgante de perla de agua dulce p\u00farpura redonda de 11-12mm, grado AAAA, oro de 18K"},"content":{"rendered":"<p><span id=\"input-sentence~0\">Este colgante presenta una perla de agua dulce p\u00farpura redonda de 11-12 mm. Utilizamos perlas de grado AAAA, lo que significa que son de un brillo s\u00faper intenso, casi perfectamente redondas y de un hermoso color p\u00farpura. Cada perla es cuidadosamente seleccionada para cumplir con los est\u00e1ndares m\u00e1s altos. Est\u00e1 engastada en oro de 18 quilates, que no solo es seguro sino tambi\u00e9n duradero e hipoalerg\u00e9nico (\u00a1ideal para piel sensible!).<\/span><span id=\"input-sentence~1\"><br \/>\n<\/span><\/p>\n<p><img loading=\"lazy\" decoding=\"async\" class=\"size-full wp-image-1526 aligncenter\" src=\"https:\/\/pearlswholesaler.com\/wp-content\/uploads\/2024\/12\/11-12mm-pearl-necklace-AAAA-fresh-water-pearlpurple-2.webp\" alt=\"Colgante de perla de agua dulce p\u00farpura de 11-12mm redonda, grado AAAA, plata 925\" width=\"997\" height=\"873\" title=\"\" srcset=\"https:\/\/www.pearlswholesaler.com\/wp-content\/uploads\/2024\/12\/11-12mm-pearl-necklace-AAAA-fresh-water-pearlpurple-2.webp 997w, https:\/\/www.pearlswholesaler.com\/wp-content\/uploads\/2024\/12\/11-12mm-pearl-necklace-AAAA-fresh-water-pearlpurple-2-300x263.webp 300w, https:\/\/www.pearlswholesaler.com\/wp-content\/uploads\/2024\/12\/11-12mm-pearl-necklace-AAAA-fresh-water-pearlpurple-2-768x672.webp 768w, https:\/\/www.pearlswholesaler.com\/wp-content\/uploads\/2024\/12\/11-12mm-pearl-necklace-AAAA-fresh-water-pearlpurple-2-600x525.webp 600w\" sizes=\"auto, (max-width: 997px) 100vw, 997px\" \/><\/p>\n<p>Ampliamente recomendado para negocios que desean ingresar en la l\u00ednea de joyer\u00eda de lujo con los bestsellers, nuestro colgante de perla de agua dulce p\u00farpura redonda de 11-12 mm llega en excelente estado. La alta calidad, la belleza y el embalaje son caracter\u00edsticas que pueden cautivar o incluso sorprender a cualquier comprador con ojos.<\/p>\n<p>Elige complementar tu l\u00ednea de joyer\u00eda al por mayor con este colgante de estilo premium. \u00bfPedidos al por mayor y precios? Hagamos un trato que a\u00f1ada sofisticaci\u00f3n y calidad a tu negocio.<\/p>\n<p><img loading=\"lazy\" decoding=\"async\" class=\"size-full wp-image-1524 aligncenter\" src=\"https:\/\/pearlswholesaler.com\/wp-content\/uploads\/2024\/12\/11-12mm-pearl-necklace-AAAA-fresh-water-pearlpurple.webp\" alt=\"Colgante de perla de agua dulce p\u00farpura de calidad AAAA de 11-12 mm, plata de 925\" width=\"1000\" height=\"860\" title=\"\" srcset=\"https:\/\/www.pearlswholesaler.com\/wp-content\/uploads\/2024\/12\/11-12mm-pearl-necklace-AAAA-fresh-water-pearlpurple.webp 1000w, https:\/\/www.pearlswholesaler.com\/wp-content\/uploads\/2024\/12\/11-12mm-pearl-necklace-AAAA-fresh-water-pearlpurple-300x258.webp 300w, https:\/\/www.pearlswholesaler.com\/wp-content\/uploads\/2024\/12\/11-12mm-pearl-necklace-AAAA-fresh-water-pearlpurple-768x660.webp 768w, https:\/\/www.pearlswholesaler.com\/wp-content\/uploads\/2024\/12\/11-12mm-pearl-necklace-AAAA-fresh-water-pearlpurple-600x516.webp 600w\" sizes=\"auto, (max-width: 1000px) 100vw, 1000px\" \/><\/p>\n<ul>\n<li>Embalaje: Bolsa de polietileno\/Estuche de joyer\u00eda\/Caja de joyer\u00eda<\/li>\n<li>Tiempo de entrega: 3-10 d\u00edas h\u00e1biles<\/li>\n<li>Env\u00edo: DHL\/Fedex\/UPS\/EMS<\/li>\n<li>Condiciones de pago: Transferencia bancaria, Paypal, Western Union, Alipay, TT;<\/li>\n<li>Condiciones de pago: EXW, FOB Shangh\u00e1i;<\/li>\n<\/ul>","protected":false},"excerpt":{"rendered":"<ul>\n<li><strong>Calidad de la perla<\/strong>: grado AAAA<\/li>\n<li><strong>Tama\u00f1o de la perla<\/strong>: 11-12mm<\/li>\n<li><strong>Forma de la perla<\/strong>: Redonda<\/li>\n<li><strong>Material<\/strong>: Perla de agua dulce, oro de 18K<\/li>\n<li><strong>Nota:<\/strong>\uff1aColgante sin cadena<\/li>\n<\/ul>","protected":false},"featured_media":1531,"template":"","meta":{"_kad_blocks_custom_css":"","_kad_blocks_head_custom_js":"","_kad_blocks_body_custom_js":"","_kad_blocks_footer_custom_js":"","_kadence_starter_templates_imported_post":false,"_kad_post_transparent":"default","_kad_post_title":"","_kad_post_layout":"default","_kad_post_sidebar_id":"","_kad_post_content_style":"default","_kad_post_vertical_padding":"default","_kad_post_feature":"","_kad_post_feature_position":"","_kad_post_header":false,"_kad_post_footer":false,"_kad_post_classname":"","jetpack_publicize_message":"","jetpack_publicize_feature_enabled":true,"jetpack_social_post_already_shared":false,"jetpack_social_options":{"image_generator_settings":{"template":"highway","default_image_id":0,"font":"","enabled":false},"version":2}},"product_brand":[],"product_cat":[64],"product_tag":[],"class_list":{"0":"post-1523","1":"product","2":"type-product","3":"status-publish","4":"has-post-thumbnail","6":"product_cat-pearl-pendants","7":"pa_pearl-color-natural-purple","8":"pa_pearl-shape-round-pearl","9":"pa_pearl-size-11mm","10":"pa_pearl-size-12mm","11":"pa_pearl-type-freshwater-pearl","13":"first","14":"instock","15":"shipping-taxable","16":"product-type-simple","17":"entry","18":"content-bg","19":"loop-entry"},"jetpack_publicize_connections":[],"taxonomy_info":{"product_cat":[{"value":64,"label":"Pearl Pendant"}],"pa_pearl-color":[{"value":88,"label":"Natural purple"}],"pa_pearl-shape":[{"value":68,"label":"Round Pearl"}],"pa_pearl-size":[{"value":82,"label":"11mm"},{"value":89,"label":"12mm"}],"pa_pearl-type":[{"value":69,"label":"Freshwater Pearl"}]},"featured_image_src_large":["https:\/\/www.pearlswholesaler.com\/wp-content\/uploads\/2024\/12\/11-12mm-pearl-necklace-AAAA-fresh-water-pearlpurple-3.webp",996,949,false],"author_info":[],"comment_info":"","_links":{"self":[{"href":"https:\/\/www.pearlswholesaler.com\/es\/wp-json\/wp\/v2\/product\/1523","targetHints":{"allow":["GET"]}}],"collection":[{"href":"https:\/\/www.pearlswholesaler.com\/es\/wp-json\/wp\/v2\/product"}],"about":[{"href":"https:\/\/www.pearlswholesaler.com\/es\/wp-json\/wp\/v2\/types\/product"}],"wp:featuredmedia":[{"embeddable":true,"href":"https:\/\/www.pearlswholesaler.com\/es\/wp-json\/wp\/v2\/media\/1531"}],"wp:attachment":[{"href":"https:\/\/www.pearlswholesaler.com\/es\/wp-json\/wp\/v2\/media?parent=1523"}],"wp:term":[{"taxonomy":"product_brand","embeddable":true,"href":"https:\/\/www.pearlswholesaler.com\/es\/wp-json\/wp\/v2\/product_brand?post=1523"},{"taxonomy":"product_cat","embeddable":true,"href":"https:\/\/www.pearlswholesaler.com\/es\/wp-json\/wp\/v2\/product_cat?post=1523"},{"taxonomy":"product_tag","embeddable":true,"href":"https:\/\/www.pearlswholesaler.com\/es\/wp-json\/wp\/v2\/product_tag?post=1523"}],"curies":[{"name":"wp","href":"https:\/\/api.w.org\/{rel}","templated":true}]}}