{"id":1514,"date":"2024-12-12T08:03:36","date_gmt":"2024-12-12T08:03:36","guid":{"rendered":"https:\/\/pearlswholesaler.com\/?post_type=product&#038;p=1514"},"modified":"2026-02-11T02:19:55","modified_gmt":"2026-02-11T02:19:55","slug":"bulk-7-8mm-white-freshwater-pearl-bracelet","status":"publish","type":"product","link":"https:\/\/www.pearlswholesaler.com\/es\/producto\/bulk-7-8mm-white-freshwater-pearl-bracelet\/","title":{"rendered":"Pulsera de perlas de agua dulce blancas de 7-8mm, grado AAA, cierre de cobre"},"content":{"rendered":"<p>Para satisfacer las necesidades del mercado mayorista, hemos lanzado una pulsera de perlas de agua dulce de grado AAA de 10-11mm de forma casi redonda, que es elegante y asequible. Estas perlas de 10-11mm est\u00e1n disponibles en blanco o naranja, y esta pulsera es adecuada para todas las ocasiones y estilos.<\/p>\n<p><img decoding=\"async\" class=\"size-full wp-image-1515 aligncenter\" src=\"https:\/\/pearlswholesaler.com\/wp-content\/uploads\/2024\/12\/7-8mm-Pearl-Bracelets-AAA-freshwater-pearlorange.webp\" alt=\"Calidad AAA, pulsera de perlas de agua dulce blancas de 7-8mm, oro de 18 quilates\" width=\"1000\" height=\"1000\" title=\"\" srcset=\"https:\/\/www.pearlswholesaler.com\/wp-content\/uploads\/2024\/12\/7-8mm-Pearl-Bracelets-AAA-freshwater-pearlorange.webp 1000w, https:\/\/www.pearlswholesaler.com\/wp-content\/uploads\/2024\/12\/7-8mm-Pearl-Bracelets-AAA-freshwater-pearlorange-300x300.webp 300w, https:\/\/www.pearlswholesaler.com\/wp-content\/uploads\/2024\/12\/7-8mm-Pearl-Bracelets-AAA-freshwater-pearlorange-150x150.webp 150w, https:\/\/www.pearlswholesaler.com\/wp-content\/uploads\/2024\/12\/7-8mm-Pearl-Bracelets-AAA-freshwater-pearlorange-768x768.webp 768w, https:\/\/www.pearlswholesaler.com\/wp-content\/uploads\/2024\/12\/7-8mm-Pearl-Bracelets-AAA-freshwater-pearlorange-600x600.webp 600w, https:\/\/www.pearlswholesaler.com\/wp-content\/uploads\/2024\/12\/7-8mm-Pearl-Bracelets-AAA-freshwater-pearlorange-100x100.webp 100w\" sizes=\"(max-width: 1000px) 100vw, 1000px\" \/><\/p>\n<p>Esta pulsera est\u00e1 disponible en una variedad de tama\u00f1os, que van desde 15cm hasta 19cm, para adaptarse a clientes con diferentes circunferencias de mu\u00f1eca. Esta pulsera combina una mezcla de piedras artificiales y perlas de agua dulce para un aspecto cl\u00e1sico.<\/p>\n<p>Esta pulsera utiliza un cierre de cobre para un ajuste seguro y calidad y fiabilidad garantizadas. Cont\u00e1ctenos ahora para precios al por mayor.<\/p>\n<ul>\n<li>Embalaje: Bolsa de polietileno\/Estuche de joyer\u00eda\/Caja de joyer\u00eda<\/li>\n<li>Tiempo de entrega: 3-10 d\u00edas h\u00e1biles<\/li>\n<li>Env\u00edo: DHL\/Fedex\/UPS\/EMS<\/li>\n<li>Condiciones de pago: Transferencia bancaria, Paypal, Western Union, Alipay, TT;<\/li>\n<li>Condiciones de pago: EXW, FOB Shanghai; El comprador es responsable de los gastos de env\u00edo<\/li>\n<\/ul>","protected":false},"excerpt":{"rendered":"<ul>\n<li><strong>Calidad de la perla<\/strong>: grado AAA<\/li>\n<li><strong>Tama\u00f1o de la perla<\/strong>: 7-8mm<\/li>\n<li><strong>Forma de la perla<\/strong>: Casi redondas<\/li>\n<li><strong>Color de la perla<\/strong>: Blanco\/Naranja<\/li>\n<li><strong>Longitud<\/strong>: 15cm\/16cm\/17cm\/18cm\/19cm<\/li>\n<li><strong>Material<\/strong>\uff1aPiedra preciosa artificial, perla de agua dulce<\/li>\n<li><strong>Cierre<\/strong>\uff1aClavija de cobre<\/li>\n<\/ul>","protected":false},"featured_media":1515,"template":"","meta":{"_kad_blocks_custom_css":"","_kad_blocks_head_custom_js":"","_kad_blocks_body_custom_js":"","_kad_blocks_footer_custom_js":"","_kadence_starter_templates_imported_post":false,"_kad_post_transparent":"default","_kad_post_title":"","_kad_post_layout":"default","_kad_post_sidebar_id":"","_kad_post_content_style":"default","_kad_post_vertical_padding":"default","_kad_post_feature":"","_kad_post_feature_position":"","_kad_post_header":false,"_kad_post_footer":false,"_kad_post_classname":"","jetpack_publicize_message":"","jetpack_publicize_feature_enabled":true,"jetpack_social_post_already_shared":false,"jetpack_social_options":{"image_generator_settings":{"template":"highway","default_image_id":0,"font":"","enabled":false},"version":2}},"product_brand":[],"product_cat":[62],"product_tag":[],"class_list":{"0":"post-1514","1":"product","2":"type-product","3":"status-publish","4":"has-post-thumbnail","6":"product_cat-pearl-bracelets","7":"pa_pearl-color-natural-orange","8":"pa_pearl-color-white-pearl","9":"pa_pearl-shape-near-round","10":"pa_pearl-size-10mm","11":"pa_pearl-size-11mm","12":"pa_pearl-type-freshwater-pearl","14":"first","15":"instock","16":"shipping-taxable","17":"product-type-simple","18":"entry","19":"content-bg","20":"loop-entry"},"jetpack_publicize_connections":[],"taxonomy_info":{"product_cat":[{"value":62,"label":"Pearl Bracelet"}],"pa_pearl-color":[{"value":95,"label":"Natural orange"},{"value":66,"label":"White Pearl"}],"pa_pearl-shape":[{"value":84,"label":"Near Round"}],"pa_pearl-size":[{"value":79,"label":"10mm"},{"value":82,"label":"11mm"}],"pa_pearl-type":[{"value":69,"label":"Freshwater Pearl"}]},"featured_image_src_large":["https:\/\/www.pearlswholesaler.com\/wp-content\/uploads\/2024\/12\/7-8mm-Pearl-Bracelets-AAA-freshwater-pearlorange.webp",1000,1000,false],"author_info":[],"comment_info":"","_links":{"self":[{"href":"https:\/\/www.pearlswholesaler.com\/es\/wp-json\/wp\/v2\/product\/1514","targetHints":{"allow":["GET"]}}],"collection":[{"href":"https:\/\/www.pearlswholesaler.com\/es\/wp-json\/wp\/v2\/product"}],"about":[{"href":"https:\/\/www.pearlswholesaler.com\/es\/wp-json\/wp\/v2\/types\/product"}],"wp:featuredmedia":[{"embeddable":true,"href":"https:\/\/www.pearlswholesaler.com\/es\/wp-json\/wp\/v2\/media\/1515"}],"wp:attachment":[{"href":"https:\/\/www.pearlswholesaler.com\/es\/wp-json\/wp\/v2\/media?parent=1514"}],"wp:term":[{"taxonomy":"product_brand","embeddable":true,"href":"https:\/\/www.pearlswholesaler.com\/es\/wp-json\/wp\/v2\/product_brand?post=1514"},{"taxonomy":"product_cat","embeddable":true,"href":"https:\/\/www.pearlswholesaler.com\/es\/wp-json\/wp\/v2\/product_cat?post=1514"},{"taxonomy":"product_tag","embeddable":true,"href":"https:\/\/www.pearlswholesaler.com\/es\/wp-json\/wp\/v2\/product_tag?post=1514"}],"curies":[{"name":"wp","href":"https:\/\/api.w.org\/{rel}","templated":true}]}}