{"id":1508,"date":"2024-12-11T13:28:31","date_gmt":"2024-12-11T13:28:31","guid":{"rendered":"https:\/\/pearlswholesaler.com\/?post_type=product&#038;p=1508"},"modified":"2025-07-20T14:25:59","modified_gmt":"2025-07-20T14:25:59","slug":"bulk-11-14mm-rectangle-pearl-bracelet-aaa","status":"publish","type":"product","link":"https:\/\/www.pearlswholesaler.com\/es\/product\/bulk-11-14mm-rectangle-pearl-bracelet-aaa\/","title":{"rendered":"Pulsera de perla de agua dulce rectangular de 11-14mm, grado AAA, cierre de cobre"},"content":{"rendered":"<p data-rm-block-id=\"block-1\"><span id=\"input-sentence~0\">Atienda a los gustos sofisticados de su clientela con nuestra pulsera de perlas rectangulares de 11-14mm, grado AAA<\/span>. Esta exquisita pulsera de perlas rectangulares es perfecta para cualquier ocasi\u00f3n.<\/p>\n<p data-rm-block-id=\"block-2\"><span id=\"input-sentence~0\">Nuestras perlas de grado AAA tienen un lustre, forma y superficie superiores. Las perlas de agua dulce rectangulares de 11-14mm ofrecen un aspecto \u00fanico que las distingue de las perlas redondas tradicionales. Considere esta pulsera de perlas rectangulares como una pieza de declaraci\u00f3n. <\/span><span id=\"input-sentence~1\"> La calificaci\u00f3n AAA garantiza un producto de alta calidad.<\/span><\/p>\n<p data-rm-block-id=\"block-3\"><img loading=\"lazy\" decoding=\"async\" class=\"size-full wp-image-1509 aligncenter\" src=\"https:\/\/pearlswholesaler.com\/wp-content\/uploads\/2024\/12\/11-14mm-11-14mm-Pearl-Bracelets-AAA-freshwater-pearl-white.webp\" alt=\"Calidad AAA, pulsera de perla de agua dulce rectangular de 11-14mm, cierre de cobre\" width=\"1000\" height=\"1000\" title=\"\" srcset=\"https:\/\/www.pearlswholesaler.com\/wp-content\/uploads\/2024\/12\/11-14mm-11-14mm-Pearl-Bracelets-AAA-freshwater-pearl-white.webp 1000w, https:\/\/www.pearlswholesaler.com\/wp-content\/uploads\/2024\/12\/11-14mm-11-14mm-Pearl-Bracelets-AAA-freshwater-pearl-white-300x300.webp 300w, https:\/\/www.pearlswholesaler.com\/wp-content\/uploads\/2024\/12\/11-14mm-11-14mm-Pearl-Bracelets-AAA-freshwater-pearl-white-150x150.webp 150w, https:\/\/www.pearlswholesaler.com\/wp-content\/uploads\/2024\/12\/11-14mm-11-14mm-Pearl-Bracelets-AAA-freshwater-pearl-white-768x768.webp 768w, https:\/\/www.pearlswholesaler.com\/wp-content\/uploads\/2024\/12\/11-14mm-11-14mm-Pearl-Bracelets-AAA-freshwater-pearl-white-600x600.webp 600w, https:\/\/www.pearlswholesaler.com\/wp-content\/uploads\/2024\/12\/11-14mm-11-14mm-Pearl-Bracelets-AAA-freshwater-pearl-white-100x100.webp 100w\" sizes=\"auto, (max-width: 1000px) 100vw, 1000px\" \/><\/p>\n<p data-rm-block-id=\"block-4\">Esta pulsera de perlas rectangulares no solo es elegante sino tambi\u00e9n vers\u00e1til, lo que la convierte en un regalo ideal.<\/p>\n<p data-rm-block-id=\"block-5\">Pulsera con cierre de cobre. Es un material que proporciona comodidad y apariencia. Adem\u00e1s, el cierre de cobre la convierte en un pendiente con estilo para un dise\u00f1o moderno con un toque. Est\u00e1 dise\u00f1ada para atender a los consumidores con su dise\u00f1o y materiales exclusivos.<\/p>\n<p data-rm-block-id=\"block-6\">Cont\u00e1ctenos hoy para discutir pedidos al por mayor, precios. Creemos una asociaci\u00f3n que aporte elegancia y calidad a su negocio.<\/p>\n<ul>\n<li data-rm-block-id=\"block-7\">Embalaje: Bolsa de polietileno\/Estuche de joyer\u00eda\/Caja de joyer\u00eda<\/li>\n<li data-rm-block-id=\"block-8\">Tiempo de entrega: 3-10 d\u00edas h\u00e1biles<\/li>\n<li data-rm-block-id=\"block-9\">Env\u00edo: DHL\/Fedex\/UPS\/EMS<\/li>\n<li data-rm-block-id=\"block-10\">Condiciones de pago: Transferencia bancaria, Paypal, Western Union, Alipay, TT;<\/li>\n<li data-rm-block-id=\"block-11\">Condiciones de pago: EXW, FOB Shanghai; El comprador es responsable de los gastos de env\u00edo<\/li>\n<\/ul>","protected":false},"excerpt":{"rendered":"<ul>\n<li><strong>Calidad de la perla<\/strong>: grado AAA<\/li>\n<li><strong>Tama\u00f1o de la perla<\/strong>: 11-14 mm<\/li>\n<li><strong>Forma de la perla:<\/strong> Rect\u00e1ngulo<\/li>\n<li><strong>Color de la perla:<\/strong> Blanco-Rosa<\/li>\n<li><strong>Longitud<\/strong>: 15cm\/16cm\/17cm\/18cm\/19cm<\/li>\n<li><strong>Cierre<\/strong>\uff1aCierre de cobre<\/li>\n<li><strong>Material<\/strong>\uff1aCuentas de cobre, perla de agua dulce<\/li>\n<\/ul>","protected":false},"featured_media":1509,"template":"","meta":{"_kad_blocks_custom_css":"","_kad_blocks_head_custom_js":"","_kad_blocks_body_custom_js":"","_kad_blocks_footer_custom_js":"","_kadence_starter_templates_imported_post":false,"_kad_post_transparent":"default","_kad_post_title":"","_kad_post_layout":"default","_kad_post_sidebar_id":"","_kad_post_content_style":"default","_kad_post_vertical_padding":"default","_kad_post_feature":"","_kad_post_feature_position":"","_kad_post_header":false,"_kad_post_footer":false,"_kad_post_classname":"","jetpack_publicize_message":"","jetpack_publicize_feature_enabled":true,"jetpack_social_post_already_shared":false,"jetpack_social_options":{"image_generator_settings":{"template":"highway","default_image_id":0,"font":"","enabled":false},"version":2}},"product_brand":[],"product_cat":[62],"product_tag":[108,111],"class_list":{"0":"post-1508","1":"product","2":"type-product","3":"status-publish","4":"has-post-thumbnail","6":"product_cat-pearl-bracelets","7":"product_tag-aaa-pearl","8":"product_tag-rectangle-pearl-bracelet","9":"pa_pearl-color-pink-pearl","10":"pa_pearl-color-white-pearl","11":"pa_pearl-shape-rectangle-pearl","12":"pa_pearl-size-11mm","13":"pa_pearl-size-14mm","14":"pa_pearl-type-freshwater-pearl","16":"first","17":"instock","18":"shipping-taxable","19":"product-type-simple","20":"entry","21":"content-bg","22":"loop-entry"},"jetpack_publicize_connections":[],"taxonomy_info":{"product_cat":[{"value":62,"label":"Pearl Bracelet"}],"product_tag":[{"value":108,"label":"AAA pearl"},{"value":111,"label":"rectangle pearl bracelet"}],"pa_pearl-color":[{"value":92,"label":"Pink Pearl"},{"value":66,"label":"White Pearl"}],"pa_pearl-shape":[{"value":85,"label":"Rectangle Pearl"}],"pa_pearl-size":[{"value":82,"label":"11mm"},{"value":83,"label":"14mm"}],"pa_pearl-type":[{"value":69,"label":"Freshwater Pearl"}]},"featured_image_src_large":["https:\/\/www.pearlswholesaler.com\/wp-content\/uploads\/2024\/12\/11-14mm-11-14mm-Pearl-Bracelets-AAA-freshwater-pearl-white.webp",1000,1000,false],"author_info":[],"comment_info":"","_links":{"self":[{"href":"https:\/\/www.pearlswholesaler.com\/es\/wp-json\/wp\/v2\/product\/1508","targetHints":{"allow":["GET"]}}],"collection":[{"href":"https:\/\/www.pearlswholesaler.com\/es\/wp-json\/wp\/v2\/product"}],"about":[{"href":"https:\/\/www.pearlswholesaler.com\/es\/wp-json\/wp\/v2\/types\/product"}],"wp:featuredmedia":[{"embeddable":true,"href":"https:\/\/www.pearlswholesaler.com\/es\/wp-json\/wp\/v2\/media\/1509"}],"wp:attachment":[{"href":"https:\/\/www.pearlswholesaler.com\/es\/wp-json\/wp\/v2\/media?parent=1508"}],"wp:term":[{"taxonomy":"product_brand","embeddable":true,"href":"https:\/\/www.pearlswholesaler.com\/es\/wp-json\/wp\/v2\/product_brand?post=1508"},{"taxonomy":"product_cat","embeddable":true,"href":"https:\/\/www.pearlswholesaler.com\/es\/wp-json\/wp\/v2\/product_cat?post=1508"},{"taxonomy":"product_tag","embeddable":true,"href":"https:\/\/www.pearlswholesaler.com\/es\/wp-json\/wp\/v2\/product_tag?post=1508"}],"curies":[{"name":"wp","href":"https:\/\/api.w.org\/{rel}","templated":true}]}}