{"id":1506,"date":"2024-12-11T13:49:41","date_gmt":"2024-12-11T13:49:41","guid":{"rendered":"https:\/\/pearlswholesaler.com\/?post_type=product&#038;p=1506"},"modified":"2024-12-15T07:40:37","modified_gmt":"2024-12-15T07:40:37","slug":"bulk-4-5mm-white-potato-pearl-and-turquoise-bead-bracelet","status":"publish","type":"product","link":"https:\/\/www.pearlswholesaler.com\/es\/product\/bulk-4-5mm-white-potato-pearl-and-turquoise-bead-bracelet\/","title":{"rendered":"Pulsera de perla de agua dulce en forma de patata blanca de 4-5mm, grado AAA"},"content":{"rendered":"<p><span id=\"input-sentence~0\">Conoce nuestra pulsera de perlas de agua dulce de forma de patata blanca de 4-5 mm y calidad AAA, la pieza de joyer\u00eda al por mayor m\u00e1s vers\u00e1til que necesitas.<\/span><\/p>\n<p><span id=\"input-sentence~0\">Las perlas seleccionadas son de alta calidad para asegurar que los productos sean est\u00e1ndar, cumplir\u00e1n con las expectativas de calidad del comprador exigente.<\/span><\/p>\n<p><img loading=\"lazy\" decoding=\"async\" class=\"size-full wp-image-1507 aligncenter\" src=\"https:\/\/pearlswholesaler.com\/wp-content\/uploads\/2024\/12\/4-5mm-Pearl-Bracelets-AAA-freshwater-pearl-white.webp\" alt=\"Pulsera de perla de agua dulce en forma de patata blanca de 4-5mm y turquesa\" width=\"1000\" height=\"1022\" title=\"\" srcset=\"https:\/\/www.pearlswholesaler.com\/wp-content\/uploads\/2024\/12\/4-5mm-Pearl-Bracelets-AAA-freshwater-pearl-white.webp 1000w, https:\/\/www.pearlswholesaler.com\/wp-content\/uploads\/2024\/12\/4-5mm-Pearl-Bracelets-AAA-freshwater-pearl-white-294x300.webp 294w, https:\/\/www.pearlswholesaler.com\/wp-content\/uploads\/2024\/12\/4-5mm-Pearl-Bracelets-AAA-freshwater-pearl-white-768x785.webp 768w, https:\/\/www.pearlswholesaler.com\/wp-content\/uploads\/2024\/12\/4-5mm-Pearl-Bracelets-AAA-freshwater-pearl-white-600x613.webp 600w\" sizes=\"auto, (max-width: 1000px) 100vw, 1000px\" \/><\/p>\n<p>Nuestras pulseras est\u00e1n disponibles en una variedad de longitudes que van desde 15 cm hasta 19 cm de mu\u00f1eca, por lo que se pueden ajustar a diferentes di\u00e1metros de mu\u00f1eca.<span id=\"input-sentence~1\"> El cierre de cobre seguro, la pulsera es duradera y f\u00e1cil de llevar, y agregar cuentas de turquesa en contraste a una mezcla de perlas de agua dulce para un dise\u00f1o de bchatch le da a la joya un toque elegante, una mejora verdaderamente elevada en la apariencia de la pulsera.<\/span><\/p>\n<p>Ampl\u00eda tu l\u00ednea de joyer\u00eda con esta hermosa pulsera. \u00bfPedidos al por mayor y precios? Hagamos un trato que a\u00f1ada sofisticaci\u00f3n y calidad a tu negocio.<\/p>\n<ul>\n<li>Embalaje: Bolsa de polietileno\/Estuche de joyer\u00eda\/Caja de joyer\u00eda<\/li>\n<li>Tiempo de entrega: 3-10 d\u00edas h\u00e1biles<\/li>\n<li>Env\u00edo: DHL\/Fedex\/UPS\/EMS<\/li>\n<li>Condiciones de pago: Transferencia bancaria, Paypal, Western Union, Alipay, TT;<\/li>\n<li>Condiciones de pago: EXW, FOB Shanghai; El comprador es responsable de los gastos de env\u00edo<\/li>\n<\/ul>","protected":false},"excerpt":{"rendered":"<ul>\n<li><strong>Calidad de la perla<\/strong>: grado AAA<\/li>\n<li><strong>Tama\u00f1o de la perla<\/strong>: 4-5mm<\/li>\n<li><strong>Forma de la perla<\/strong>: Forma de patata<\/li>\n<li><strong>Color de la perla<\/strong>: Blanco<\/li>\n<li><strong>Longitud<\/strong>: 15cm\/16cm\/17cm\/18cm\/19cm<\/li>\n<li><strong>Cierre<\/strong>\uff1aClavija de cobre<\/li>\n<li><strong>Material<\/strong>: perlas de agua dulce, cuentas de turquesa, cuentas de cobre<\/li>\n<\/ul>","protected":false},"featured_media":1507,"template":"","meta":{"_kad_blocks_custom_css":"","_kad_blocks_head_custom_js":"","_kad_blocks_body_custom_js":"","_kad_blocks_footer_custom_js":"","_kadence_starter_templates_imported_post":false,"_kad_post_transparent":"default","_kad_post_title":"","_kad_post_layout":"default","_kad_post_sidebar_id":"","_kad_post_content_style":"default","_kad_post_vertical_padding":"default","_kad_post_feature":"","_kad_post_feature_position":"","_kad_post_header":false,"_kad_post_footer":false,"_kad_post_classname":"","jetpack_publicize_message":"","jetpack_publicize_feature_enabled":true,"jetpack_social_post_already_shared":false,"jetpack_social_options":{"image_generator_settings":{"template":"highway","default_image_id":0,"font":"","enabled":false},"version":2}},"product_brand":[],"product_cat":[62],"product_tag":[],"class_list":{"0":"post-1506","1":"product","2":"type-product","3":"status-publish","4":"has-post-thumbnail","6":"product_cat-pearl-bracelets","7":"pa_pearl-color-white-pearl","8":"pa_pearl-shape-potato-pearl","9":"pa_pearl-size-4mm","10":"pa_pearl-size-5mm-pearl-jewelry","11":"pa_pearl-type-freshwater-pearl","13":"first","14":"instock","15":"shipping-taxable","16":"product-type-simple","17":"entry","18":"content-bg","19":"loop-entry"},"jetpack_publicize_connections":[],"taxonomy_info":{"product_cat":[{"value":62,"label":"Pearl Bracelet"}],"pa_pearl-color":[{"value":66,"label":"White Pearl"}],"pa_pearl-shape":[{"value":86,"label":"Potato Pearl"}],"pa_pearl-size":[{"value":73,"label":"4mm"},{"value":67,"label":"5mm"}],"pa_pearl-type":[{"value":69,"label":"Freshwater Pearl"}]},"featured_image_src_large":["https:\/\/www.pearlswholesaler.com\/wp-content\/uploads\/2024\/12\/4-5mm-Pearl-Bracelets-AAA-freshwater-pearl-white.webp",1000,1022,false],"author_info":[],"comment_info":"","_links":{"self":[{"href":"https:\/\/www.pearlswholesaler.com\/es\/wp-json\/wp\/v2\/product\/1506","targetHints":{"allow":["GET"]}}],"collection":[{"href":"https:\/\/www.pearlswholesaler.com\/es\/wp-json\/wp\/v2\/product"}],"about":[{"href":"https:\/\/www.pearlswholesaler.com\/es\/wp-json\/wp\/v2\/types\/product"}],"wp:featuredmedia":[{"embeddable":true,"href":"https:\/\/www.pearlswholesaler.com\/es\/wp-json\/wp\/v2\/media\/1507"}],"wp:attachment":[{"href":"https:\/\/www.pearlswholesaler.com\/es\/wp-json\/wp\/v2\/media?parent=1506"}],"wp:term":[{"taxonomy":"product_brand","embeddable":true,"href":"https:\/\/www.pearlswholesaler.com\/es\/wp-json\/wp\/v2\/product_brand?post=1506"},{"taxonomy":"product_cat","embeddable":true,"href":"https:\/\/www.pearlswholesaler.com\/es\/wp-json\/wp\/v2\/product_cat?post=1506"},{"taxonomy":"product_tag","embeddable":true,"href":"https:\/\/www.pearlswholesaler.com\/es\/wp-json\/wp\/v2\/product_tag?post=1506"}],"curies":[{"name":"wp","href":"https:\/\/api.w.org\/{rel}","templated":true}]}}