{"id":1500,"date":"2024-12-12T12:01:25","date_gmt":"2024-12-12T12:01:25","guid":{"rendered":"https:\/\/pearlswholesaler.com\/?post_type=product&#038;p=1500"},"modified":"2024-12-27T13:15:05","modified_gmt":"2024-12-27T13:15:05","slug":"7-8mm-white-freshwater-pearl-earring-aaaa-grade-18k-gold","status":"publish","type":"product","link":"https:\/\/www.pearlswholesaler.com\/es\/product\/7-8mm-white-freshwater-pearl-earring-aaaa-grade-18k-gold\/","title":{"rendered":"Pendientes de perlas de agua dulce blancas de 7-8mm, grado AAAA, oro de 18K"},"content":{"rendered":"<p>Los pendientes de perlas de agua dulce presentan perlas blancas redondas de grado AAAA de 7-8 mm montadas en un marco de oro de 18 quilates. Estas perlas son seleccionadas a mano por su forma redonda, color blanco puro y m\u00ednimas imperfecciones en la superficie.<\/p>\n<p><img loading=\"lazy\" decoding=\"async\" class=\"size-full wp-image-1501 aligncenter\" src=\"https:\/\/pearlswholesaler.com\/wp-content\/uploads\/2024\/12\/7-8mm-earring-AAAA-fresh-water-pearlwhite.webp\" alt=\"Calidad AAA, pendientes de perlas de agua dulce blancas de 7-8mm, Plata 925\" width=\"1000\" height=\"889\" title=\"\" srcset=\"https:\/\/www.pearlswholesaler.com\/wp-content\/uploads\/2024\/12\/7-8mm-earring-AAAA-fresh-water-pearlwhite.webp 1000w, https:\/\/www.pearlswholesaler.com\/wp-content\/uploads\/2024\/12\/7-8mm-earring-AAAA-fresh-water-pearlwhite-300x267.webp 300w, https:\/\/www.pearlswholesaler.com\/wp-content\/uploads\/2024\/12\/7-8mm-earring-AAAA-fresh-water-pearlwhite-768x683.webp 768w, https:\/\/www.pearlswholesaler.com\/wp-content\/uploads\/2024\/12\/7-8mm-earring-AAAA-fresh-water-pearlwhite-600x533.webp 600w\" sizes=\"auto, (max-width: 1000px) 100vw, 1000px\" \/><\/p>\n<p>Cada pendiente est\u00e1 adornada con diamantes naturales o sint\u00e9ticos, que a\u00f1aden un brillo que complementa la belleza natural de la perla. La elecci\u00f3n de diamantes permite una amplia gama de precios mientras mantiene el atractivo de alta gama que se asocia con las joyas de diamantes.<\/p>\n<p>Fabricados en oro de 18 quilates, la combinaci\u00f3n de perlas de agua dulce, diamantes y oro crea una pieza atemporal que es perfecta para una variedad de ocasiones y preferencias de uso.<\/p>\n<p>Son ideales para minoristas que desean ofrecer pendientes de perlas de calidad que combinen el atractivo cl\u00e1sico de las perlas con el resplandor de los diamantes y la elegancia del oro.<\/p>\n<ul>\n<li>Embalaje: Bolsa de polietileno\/Estuche de joyer\u00eda\/Caja de joyer\u00eda<\/li>\n<li>Tiempo de entrega: 3-10 d\u00edas h\u00e1biles<\/li>\n<li>Env\u00edo: DHL\/Fedex\/UPS\/EMS<\/li>\n<li>Condiciones de pago: Transferencia bancaria, Paypal, Western Union, Alipay, TT;<\/li>\n<li>Condiciones de pago: EXW, FOB Shanghai; El comprador es responsable de los gastos de env\u00edo<\/li>\n<\/ul>","protected":false},"excerpt":{"rendered":"<ul>\n<li><strong>Calidad de la perla<\/strong>: Grado AAAA<\/li>\n<li><strong>Tama\u00f1o de la perla<\/strong>: 7-8mm<\/li>\n<li><strong>Forma de la perla<\/strong>: Redonda<\/li>\n<li><strong>Color de la perla<\/strong>: Blanco<\/li>\n<li><strong>Material<\/strong>\uff1aPerla de agua dulce, diamante natural \/ diamante sint\u00e9tico, Oro de 18K<\/li>\n<\/ul>","protected":false},"featured_media":1501,"template":"","meta":{"_kad_blocks_custom_css":"","_kad_blocks_head_custom_js":"","_kad_blocks_body_custom_js":"","_kad_blocks_footer_custom_js":"","_kadence_starter_templates_imported_post":false,"_kad_post_transparent":"default","_kad_post_title":"","_kad_post_layout":"default","_kad_post_sidebar_id":"","_kad_post_content_style":"default","_kad_post_vertical_padding":"default","_kad_post_feature":"","_kad_post_feature_position":"","_kad_post_header":false,"_kad_post_footer":false,"_kad_post_classname":"","jetpack_publicize_message":"","jetpack_publicize_feature_enabled":true,"jetpack_social_post_already_shared":false,"jetpack_social_options":{"image_generator_settings":{"template":"highway","default_image_id":0,"font":"","enabled":false},"version":2}},"product_brand":[],"product_cat":[63],"product_tag":[],"class_list":{"0":"post-1500","1":"product","2":"type-product","3":"status-publish","4":"has-post-thumbnail","6":"product_cat-pearl-earrings","7":"pa_pearl-color-white-pearl","8":"pa_pearl-shape-round-pearl","9":"pa_pearl-size-7mm","10":"pa_pearl-size-8mm","11":"pa_pearl-type-freshwater-pearl","13":"first","14":"instock","15":"shipping-taxable","16":"product-type-simple","17":"entry","18":"content-bg","19":"loop-entry"},"jetpack_publicize_connections":[],"taxonomy_info":{"product_cat":[{"value":63,"label":"Pearl Earring"}],"pa_pearl-color":[{"value":66,"label":"White Pearl"}],"pa_pearl-shape":[{"value":68,"label":"Round Pearl"}],"pa_pearl-size":[{"value":70,"label":"7mm"},{"value":71,"label":"8mm"}],"pa_pearl-type":[{"value":69,"label":"Freshwater Pearl"}]},"featured_image_src_large":["https:\/\/www.pearlswholesaler.com\/wp-content\/uploads\/2024\/12\/7-8mm-earring-AAAA-fresh-water-pearlwhite.webp",1000,889,false],"author_info":[],"comment_info":"","_links":{"self":[{"href":"https:\/\/www.pearlswholesaler.com\/es\/wp-json\/wp\/v2\/product\/1500","targetHints":{"allow":["GET"]}}],"collection":[{"href":"https:\/\/www.pearlswholesaler.com\/es\/wp-json\/wp\/v2\/product"}],"about":[{"href":"https:\/\/www.pearlswholesaler.com\/es\/wp-json\/wp\/v2\/types\/product"}],"wp:featuredmedia":[{"embeddable":true,"href":"https:\/\/www.pearlswholesaler.com\/es\/wp-json\/wp\/v2\/media\/1501"}],"wp:attachment":[{"href":"https:\/\/www.pearlswholesaler.com\/es\/wp-json\/wp\/v2\/media?parent=1500"}],"wp:term":[{"taxonomy":"product_brand","embeddable":true,"href":"https:\/\/www.pearlswholesaler.com\/es\/wp-json\/wp\/v2\/product_brand?post=1500"},{"taxonomy":"product_cat","embeddable":true,"href":"https:\/\/www.pearlswholesaler.com\/es\/wp-json\/wp\/v2\/product_cat?post=1500"},{"taxonomy":"product_tag","embeddable":true,"href":"https:\/\/www.pearlswholesaler.com\/es\/wp-json\/wp\/v2\/product_tag?post=1500"}],"curies":[{"name":"wp","href":"https:\/\/api.w.org\/{rel}","templated":true}]}}