{"id":1492,"date":"2024-12-12T13:24:44","date_gmt":"2024-12-12T13:24:44","guid":{"rendered":"https:\/\/pearlswholesaler.com\/?post_type=product&#038;p=1492"},"modified":"2025-08-06T01:16:44","modified_gmt":"2025-08-06T01:16:44","slug":"bulk-6-7mm-white-freshwater-pearl-earring-aaaa","status":"publish","type":"product","link":"https:\/\/www.pearlswholesaler.com\/es\/product\/bulk-6-7mm-white-freshwater-pearl-earring-aaaa\/","title":{"rendered":"Pendiente de perla de agua dulce blanca de 6-7mm, Grado AAAA"},"content":{"rendered":"<p><span id=\"input-sentence~0\">\u00a1Te encantar\u00e1n nuestros hermosos pendientes de perlas de agua dulce blancas de 6-7 mm!<\/span> <span id=\"input-sentence~1\">Hemos utilizado perlas de grado AAAA premium para crear una forma cl\u00e1sica de bot\u00f3n con un hermoso brillo.<\/span> <span id=\"input-sentence~2\">Est\u00e1n montados en una delicada combinaci\u00f3n de cobre y n\u00e1car, lo que los hace no solo hermosos sino tambi\u00e9n c\u00f3modos de llevar y hechos para durar.<\/span><\/p>\n<p><img loading=\"lazy\" decoding=\"async\" class=\"size-full wp-image-1493 aligncenter\" src=\"https:\/\/pearlswholesaler.com\/wp-content\/uploads\/2024\/12\/6-7mm-earring-AAAA-fresh-water-pearlwhite.webp\" alt=\"Perla de calidad AAAA, Pendiente de perla de agua dulce blanca de 6-7mm, Oro de 18K\" width=\"991\" height=\"807\" title=\"\" srcset=\"https:\/\/www.pearlswholesaler.com\/wp-content\/uploads\/2024\/12\/6-7mm-earring-AAAA-fresh-water-pearlwhite.webp 991w, https:\/\/www.pearlswholesaler.com\/wp-content\/uploads\/2024\/12\/6-7mm-earring-AAAA-fresh-water-pearlwhite-300x244.webp 300w, https:\/\/www.pearlswholesaler.com\/wp-content\/uploads\/2024\/12\/6-7mm-earring-AAAA-fresh-water-pearlwhite-768x625.webp 768w, https:\/\/www.pearlswholesaler.com\/wp-content\/uploads\/2024\/12\/6-7mm-earring-AAAA-fresh-water-pearlwhite-600x489.webp 600w\" sizes=\"auto, (max-width: 991px) 100vw, 991px\" \/><\/p>\n<p><span id=\"input-sentence~3\">Porque son blancos cl\u00e1sicos, complementar\u00e1n cualquier cosa, desde vaqueros y una camiseta hasta tu vestido de c\u00f3ctel favorito, dejando que brille tu estilo \u00fanico.<\/span> <span id=\"input-sentence~4\">Ya sea que te consientas a ti mismo o sorprendas a alguien especial, estos pendientes est\u00e1n garantizados para encantar.<\/span><\/p>\n<p>Son una excelente opci\u00f3n para minoristas que desean ofrecer a sus clientes una selecci\u00f3n de pendientes de perlas sofisticada pero asequible.<\/p>\n<ul>\n<li>Embalaje: Bolsa de polietileno\/Estuche de joyer\u00eda\/Caja de joyer\u00eda<\/li>\n<li>Tiempo de entrega: 3-10 d\u00edas h\u00e1biles<\/li>\n<li>Env\u00edo: DHL\/Fedex\/UPS\/EMS<\/li>\n<li>Condiciones de pago: Transferencia bancaria, Paypal, Western Union, Alipay, TT;<\/li>\n<li>Condiciones de pago: EXW, FOB Shanghai; El comprador es responsable de los gastos de env\u00edo<\/li>\n<\/ul>","protected":false},"excerpt":{"rendered":"<ul>\n<li><strong>Calidad de la perla<\/strong>: grado AAAA<\/li>\n<li><strong>Tama\u00f1o de la perla<\/strong>: 6-7mm<\/li>\n<li><strong>Forma de la perla<\/strong>: Forma de pan<\/li>\n<li><strong>Color de la perla<\/strong>: Blanco<\/li>\n<li><strong>Material<\/strong>\uff1aPerla de agua dulce, cobre, madreperla<\/li>\n<\/ul>","protected":false},"featured_media":1493,"template":"","meta":{"_kad_blocks_custom_css":"","_kad_blocks_head_custom_js":"","_kad_blocks_body_custom_js":"","_kad_blocks_footer_custom_js":"","_kadence_starter_templates_imported_post":false,"_kad_post_transparent":"default","_kad_post_title":"","_kad_post_layout":"default","_kad_post_sidebar_id":"","_kad_post_content_style":"default","_kad_post_vertical_padding":"default","_kad_post_feature":"","_kad_post_feature_position":"","_kad_post_header":false,"_kad_post_footer":false,"_kad_post_classname":"","jetpack_publicize_message":"","jetpack_publicize_feature_enabled":true,"jetpack_social_post_already_shared":false,"jetpack_social_options":{"image_generator_settings":{"template":"highway","default_image_id":0,"font":"","enabled":false},"version":2}},"product_brand":[],"product_cat":[63],"product_tag":[],"class_list":{"0":"post-1492","1":"product","2":"type-product","3":"status-publish","4":"has-post-thumbnail","6":"product_cat-pearl-earrings","7":"pa_pearl-color-white-pearl","8":"pa_pearl-shape-button-pearl","9":"pa_pearl-size-6mm","10":"pa_pearl-size-7mm","11":"pa_pearl-type-freshwater-pearl","13":"first","14":"instock","15":"shipping-taxable","16":"product-type-simple","17":"entry","18":"content-bg","19":"loop-entry"},"jetpack_publicize_connections":[],"taxonomy_info":{"product_cat":[{"value":63,"label":"Pearl Earring"}],"pa_pearl-color":[{"value":66,"label":"White Pearl"}],"pa_pearl-shape":[{"value":93,"label":"Button pearl"}],"pa_pearl-size":[{"value":77,"label":"6mm"},{"value":70,"label":"7mm"}],"pa_pearl-type":[{"value":69,"label":"Freshwater Pearl"}]},"featured_image_src_large":["https:\/\/www.pearlswholesaler.com\/wp-content\/uploads\/2024\/12\/6-7mm-earring-AAAA-fresh-water-pearlwhite.webp",991,807,false],"author_info":[],"comment_info":"","_links":{"self":[{"href":"https:\/\/www.pearlswholesaler.com\/es\/wp-json\/wp\/v2\/product\/1492","targetHints":{"allow":["GET"]}}],"collection":[{"href":"https:\/\/www.pearlswholesaler.com\/es\/wp-json\/wp\/v2\/product"}],"about":[{"href":"https:\/\/www.pearlswholesaler.com\/es\/wp-json\/wp\/v2\/types\/product"}],"wp:featuredmedia":[{"embeddable":true,"href":"https:\/\/www.pearlswholesaler.com\/es\/wp-json\/wp\/v2\/media\/1493"}],"wp:attachment":[{"href":"https:\/\/www.pearlswholesaler.com\/es\/wp-json\/wp\/v2\/media?parent=1492"}],"wp:term":[{"taxonomy":"product_brand","embeddable":true,"href":"https:\/\/www.pearlswholesaler.com\/es\/wp-json\/wp\/v2\/product_brand?post=1492"},{"taxonomy":"product_cat","embeddable":true,"href":"https:\/\/www.pearlswholesaler.com\/es\/wp-json\/wp\/v2\/product_cat?post=1492"},{"taxonomy":"product_tag","embeddable":true,"href":"https:\/\/www.pearlswholesaler.com\/es\/wp-json\/wp\/v2\/product_tag?post=1492"}],"curies":[{"name":"wp","href":"https:\/\/api.w.org\/{rel}","templated":true}]}}