{"id":1488,"date":"2024-12-12T11:41:32","date_gmt":"2024-12-12T11:41:32","guid":{"rendered":"https:\/\/pearlswholesaler.com\/?post_type=product&#038;p=1488"},"modified":"2024-12-15T07:34:14","modified_gmt":"2024-12-15T07:34:14","slug":"bulk-8-9mm-white-pearl-earring-18k-gold","status":"publish","type":"product","link":"https:\/\/www.pearlswholesaler.com\/es\/product\/bulk-8-9mm-white-pearl-earring-18k-gold\/","title":{"rendered":"Pendiente de perla de agua dulce blanca de 8-9mm, Grado AAAA, Oro de 18K"},"content":{"rendered":"<p>Presentamos nuestros pendientes de perlas de agua dulce de grado AAAA de 8-9 mm, estas perlas blancas casi redondas de 8-9 mm son una combinaci\u00f3n perfecta de elegancia y calidad. Cada perla es cuidadosamente seleccionada por su forma casi redonda y su color blanco impecable. Estos pendientes est\u00e1n fabricados con una combinaci\u00f3n de perlas de agua dulce y aguamarina, que complementan el brillo natural de las perlas.<\/p>\n<p><img loading=\"lazy\" decoding=\"async\" class=\"size-full wp-image-1489 aligncenter\" src=\"https:\/\/pearlswholesaler.com\/wp-content\/uploads\/2024\/12\/8-9mm-earrring-AAAA-fresh-water-pearlwhite.webp\" alt=\"Pendiente de perla de agua dulce blanca de 8-9 mm de calidad AAAA, plata 925\" width=\"1000\" height=\"945\" title=\"\" srcset=\"https:\/\/www.pearlswholesaler.com\/wp-content\/uploads\/2024\/12\/8-9mm-earrring-AAAA-fresh-water-pearlwhite.webp 1000w, https:\/\/www.pearlswholesaler.com\/wp-content\/uploads\/2024\/12\/8-9mm-earrring-AAAA-fresh-water-pearlwhite-300x284.webp 300w, https:\/\/www.pearlswholesaler.com\/wp-content\/uploads\/2024\/12\/8-9mm-earrring-AAAA-fresh-water-pearlwhite-768x726.webp 768w, https:\/\/www.pearlswholesaler.com\/wp-content\/uploads\/2024\/12\/8-9mm-earrring-AAAA-fresh-water-pearlwhite-600x567.webp 600w\" sizes=\"auto, (max-width: 1000px) 100vw, 1000px\" \/><\/p>\n<p>Los pendientes est\u00e1n engastados en oro de 18 quilates, una elecci\u00f3n que no solo realza la est\u00e9tica general sino que tambi\u00e9n proporciona una base duradera y valiosa para estos pendientes de alta gama. El engaste en oro de 18 quilates garantiza que los pendientes sean hipoalerg\u00e9nicos y adecuados para personas con piel sensible, convirti\u00e9ndolos en una opci\u00f3n popular entre los consumidores.<\/p>\n<p>Estos pendientes son una excelente opci\u00f3n para minoristas que buscan ofrecer joyer\u00eda de alta calidad y lujo a un precio competitivo, estos pendientes de perlas est\u00e1n preparados para convertirse en un favorito entre su clientela exigente.<\/p>\n<ul>\n<li>Embalaje: Bolsa de polietileno\/Estuche de joyer\u00eda\/Caja de joyer\u00eda<\/li>\n<li>Tiempo de entrega: 3-10 d\u00edas h\u00e1biles<\/li>\n<li>Env\u00edo: DHL\/Fedex\/UPS\/EMS<\/li>\n<li>Condiciones de pago: Transferencia bancaria, Paypal, Western Union, Alipay, TT;<\/li>\n<li>Condiciones de pago: EXW, FOB Shanghai; El comprador es responsable de los gastos de env\u00edo<\/li>\n<\/ul>","protected":false},"excerpt":{"rendered":"<ul>\n<li><strong>Calidad de la perla<\/strong>: grado AAAA<\/li>\n<li><strong>Tama\u00f1o de la perla<\/strong>: 8-9mm<\/li>\n<li><strong>Forma de la perla<\/strong>: Casi redondas<\/li>\n<li><strong>Color de la perla<\/strong>: Blanco<\/li>\n<li><strong>Material<\/strong>\uff1aPerla de agua dulce, Aguamarina, Oro de 18K<\/li>\n<\/ul>","protected":false},"featured_media":1489,"template":"","meta":{"_kad_blocks_custom_css":"","_kad_blocks_head_custom_js":"","_kad_blocks_body_custom_js":"","_kad_blocks_footer_custom_js":"","_kadence_starter_templates_imported_post":false,"_kad_post_transparent":"default","_kad_post_title":"","_kad_post_layout":"default","_kad_post_sidebar_id":"","_kad_post_content_style":"default","_kad_post_vertical_padding":"default","_kad_post_feature":"","_kad_post_feature_position":"","_kad_post_header":false,"_kad_post_footer":false,"_kad_post_classname":"","jetpack_publicize_message":"","jetpack_publicize_feature_enabled":true,"jetpack_social_post_already_shared":false,"jetpack_social_options":{"image_generator_settings":{"template":"highway","default_image_id":0,"font":"","enabled":false},"version":2}},"product_brand":[],"product_cat":[63],"product_tag":[],"class_list":{"0":"post-1488","1":"product","2":"type-product","3":"status-publish","4":"has-post-thumbnail","6":"product_cat-pearl-earrings","7":"pa_pearl-color-white-pearl","8":"pa_pearl-shape-near-round","9":"pa_pearl-size-8mm","10":"pa_pearl-size-9mm","11":"pa_pearl-type-freshwater-pearl","13":"first","14":"instock","15":"shipping-taxable","16":"product-type-simple","17":"entry","18":"content-bg","19":"loop-entry"},"jetpack_publicize_connections":[],"taxonomy_info":{"product_cat":[{"value":63,"label":"Pearl Earring"}],"pa_pearl-color":[{"value":66,"label":"White Pearl"}],"pa_pearl-shape":[{"value":84,"label":"Near Round"}],"pa_pearl-size":[{"value":71,"label":"8mm"},{"value":78,"label":"9mm"}],"pa_pearl-type":[{"value":69,"label":"Freshwater Pearl"}]},"featured_image_src_large":["https:\/\/www.pearlswholesaler.com\/wp-content\/uploads\/2024\/12\/8-9mm-earrring-AAAA-fresh-water-pearlwhite.webp",1000,945,false],"author_info":[],"comment_info":"","_links":{"self":[{"href":"https:\/\/www.pearlswholesaler.com\/es\/wp-json\/wp\/v2\/product\/1488","targetHints":{"allow":["GET"]}}],"collection":[{"href":"https:\/\/www.pearlswholesaler.com\/es\/wp-json\/wp\/v2\/product"}],"about":[{"href":"https:\/\/www.pearlswholesaler.com\/es\/wp-json\/wp\/v2\/types\/product"}],"wp:featuredmedia":[{"embeddable":true,"href":"https:\/\/www.pearlswholesaler.com\/es\/wp-json\/wp\/v2\/media\/1489"}],"wp:attachment":[{"href":"https:\/\/www.pearlswholesaler.com\/es\/wp-json\/wp\/v2\/media?parent=1488"}],"wp:term":[{"taxonomy":"product_brand","embeddable":true,"href":"https:\/\/www.pearlswholesaler.com\/es\/wp-json\/wp\/v2\/product_brand?post=1488"},{"taxonomy":"product_cat","embeddable":true,"href":"https:\/\/www.pearlswholesaler.com\/es\/wp-json\/wp\/v2\/product_cat?post=1488"},{"taxonomy":"product_tag","embeddable":true,"href":"https:\/\/www.pearlswholesaler.com\/es\/wp-json\/wp\/v2\/product_tag?post=1488"}],"curies":[{"name":"wp","href":"https:\/\/api.w.org\/{rel}","templated":true}]}}