{"id":1482,"date":"2024-12-12T08:44:43","date_gmt":"2024-12-12T08:44:43","guid":{"rendered":"https:\/\/pearlswholesaler.com\/?post_type=product&#038;p=1482"},"modified":"2025-08-09T23:55:20","modified_gmt":"2025-08-09T23:55:20","slug":"bulk-1114mm-white-baroque-pearl-earrings-in-silver","status":"publish","type":"product","link":"https:\/\/www.pearlswholesaler.com\/es\/product\/bulk-1114mm-white-baroque-pearl-earrings-in-silver\/","title":{"rendered":"Pendiente de perla de agua dulce baroque blanca de 11*14mm, grado AAAA, plata de 925"},"content":{"rendered":"<p>Agrega un toque de elegancia a tu caja de joyas con nuestros Pendientes de Perlas de Agua Dulce Barrocas Blancas. Fabricados con perlas de alta calidad (grado AAA), tienen un hermoso brillo que simplemente grita sofisticaci\u00f3n. Cada perla tiene una forma \u00fanica (\u00a1son de estilo barroco!) y mide aproximadamente 11 por 14 mm. El hermoso color blanco hace que sean f\u00e1ciles de combinar con cualquier cosa en tu armario, para que siempre luzcas lo mejor posible sin importar a d\u00f3nde vayas.<\/p>\n<p><img loading=\"lazy\" decoding=\"async\" class=\"size-full wp-image-1483 aligncenter\" style=\"font-family: var(--global-body-font-family);\" src=\"https:\/\/pearlswholesaler.com\/wp-content\/uploads\/2024\/12\/1114mm-earring-AAAA-fresh-water-pearlwhite.webp\" alt=\"Perla de calidad AAAA, Pendiente de perla barroca de agua dulce blanca de 11*14mm, Oro de 18K\" width=\"999\" height=\"941\" title=\"\" srcset=\"https:\/\/www.pearlswholesaler.com\/wp-content\/uploads\/2024\/12\/1114mm-earring-AAAA-fresh-water-pearlwhite.webp 999w, https:\/\/www.pearlswholesaler.com\/wp-content\/uploads\/2024\/12\/1114mm-earring-AAAA-fresh-water-pearlwhite-300x283.webp 300w, https:\/\/www.pearlswholesaler.com\/wp-content\/uploads\/2024\/12\/1114mm-earring-AAAA-fresh-water-pearlwhite-768x723.webp 768w, https:\/\/www.pearlswholesaler.com\/wp-content\/uploads\/2024\/12\/1114mm-earring-AAAA-fresh-water-pearlwhite-600x565.webp 600w\" sizes=\"auto, (max-width: 999px) 100vw, 999px\" \/><\/p>\n<p>Hemos hecho estos pendientes para que duren, utilizando un engaste de plata 925 chapada en oro. Esto no solo los hace lucir a\u00fan m\u00e1s impresionantes, sino que tambi\u00e9n los mantiene seguros y c\u00f3modamente en su lugar. Si eres un mayorista que busca abastecerse de joyer\u00eda cl\u00e1sica y hermosa, estos pendientes de perlas son imprescindibles para tu colecci\u00f3n. Seguro ser\u00e1n un \u00e9xito entre tus clientes. \u00a1Abraza la belleza de las perlas de agua dulce y deja que tus clientes hagan una declaraci\u00f3n cada vez que los usen!<\/p>\n<p data-sourcepos=\"6:1-7:138\">\u00bfInteresado en agregar joyer\u00eda de perlas de agua dulce a tu inventario? Cont\u00e1ctanos hoy mismo. Ofrecemos precios al por mayor y una amplia selecci\u00f3n.<\/p>\n<ul>\n<li>Embalaje: Bolsa de polietileno\/Estuche de joyer\u00eda\/Caja de joyer\u00eda<\/li>\n<li>Tiempo de entrega: 3-10 d\u00edas h\u00e1biles<\/li>\n<li>Env\u00edo: DHL\/Fedex\/UPS\/EMS<\/li>\n<li>Condiciones de pago: Transferencia bancaria, Paypal, Western Union, Alipay, TT;<\/li>\n<li>Condiciones de pago: EXW, FOB Shanghai; El comprador es responsable de los gastos de env\u00edo<\/li>\n<\/ul>","protected":false},"excerpt":{"rendered":"<ul>\n<li><strong>Calidad de la perla<\/strong>: Perlas de agua dulce de grado AAA<\/li>\n<li><strong>Tama\u00f1o de la perla<\/strong>: 11*14mm<\/li>\n<li><strong>Forma de la perla<\/strong>: Barroco<\/li>\n<li><strong>Color de la perla<\/strong>: Blanco<\/li>\n<li><b>Material<\/b>: Perlas de agua dulce, <span style=\"font-family: var(--global-body-font-family);\">Plata de 925 chapada en oro<\/span><\/li>\n<\/ul>","protected":false},"featured_media":1483,"template":"","meta":{"_kad_blocks_custom_css":"","_kad_blocks_head_custom_js":"","_kad_blocks_body_custom_js":"","_kad_blocks_footer_custom_js":"","_kadence_starter_templates_imported_post":false,"_kad_post_transparent":"default","_kad_post_title":"","_kad_post_layout":"default","_kad_post_sidebar_id":"","_kad_post_content_style":"default","_kad_post_vertical_padding":"default","_kad_post_feature":"","_kad_post_feature_position":"","_kad_post_header":false,"_kad_post_footer":false,"_kad_post_classname":"","jetpack_publicize_message":"","jetpack_publicize_feature_enabled":true,"jetpack_social_post_already_shared":false,"jetpack_social_options":{"image_generator_settings":{"template":"highway","default_image_id":0,"font":"","enabled":false},"version":2}},"product_brand":[],"product_cat":[63],"product_tag":[120,121],"class_list":{"0":"post-1482","1":"product","2":"type-product","3":"status-publish","4":"has-post-thumbnail","6":"product_cat-pearl-earrings","7":"product_tag-baroque-pearl-earring","8":"product_tag-white-pearl-earring","9":"pa_pearl-color-white-pearl","10":"pa_pearl-shape-baroque-pearl","11":"pa_pearl-size-11mm","12":"pa_pearl-size-14mm","13":"pa_pearl-type-freshwater-pearl","15":"first","16":"instock","17":"shipping-taxable","18":"product-type-simple","19":"entry","20":"content-bg","21":"loop-entry"},"jetpack_publicize_connections":[],"taxonomy_info":{"product_cat":[{"value":63,"label":"Pearl Earring"}],"product_tag":[{"value":120,"label":"baroque pearl earring"},{"value":121,"label":"white pearl earring"}],"pa_pearl-color":[{"value":66,"label":"White Pearl"}],"pa_pearl-shape":[{"value":75,"label":"Baroque Pearl"}],"pa_pearl-size":[{"value":82,"label":"11mm"},{"value":83,"label":"14mm"}],"pa_pearl-type":[{"value":69,"label":"Freshwater Pearl"}]},"featured_image_src_large":["https:\/\/www.pearlswholesaler.com\/wp-content\/uploads\/2024\/12\/1114mm-earring-AAAA-fresh-water-pearlwhite.webp",999,941,false],"author_info":[],"comment_info":"","_links":{"self":[{"href":"https:\/\/www.pearlswholesaler.com\/es\/wp-json\/wp\/v2\/product\/1482","targetHints":{"allow":["GET"]}}],"collection":[{"href":"https:\/\/www.pearlswholesaler.com\/es\/wp-json\/wp\/v2\/product"}],"about":[{"href":"https:\/\/www.pearlswholesaler.com\/es\/wp-json\/wp\/v2\/types\/product"}],"wp:featuredmedia":[{"embeddable":true,"href":"https:\/\/www.pearlswholesaler.com\/es\/wp-json\/wp\/v2\/media\/1483"}],"wp:attachment":[{"href":"https:\/\/www.pearlswholesaler.com\/es\/wp-json\/wp\/v2\/media?parent=1482"}],"wp:term":[{"taxonomy":"product_brand","embeddable":true,"href":"https:\/\/www.pearlswholesaler.com\/es\/wp-json\/wp\/v2\/product_brand?post=1482"},{"taxonomy":"product_cat","embeddable":true,"href":"https:\/\/www.pearlswholesaler.com\/es\/wp-json\/wp\/v2\/product_cat?post=1482"},{"taxonomy":"product_tag","embeddable":true,"href":"https:\/\/www.pearlswholesaler.com\/es\/wp-json\/wp\/v2\/product_tag?post=1482"}],"curies":[{"name":"wp","href":"https:\/\/api.w.org\/{rel}","templated":true}]}}