{"id":1477,"date":"2024-12-12T11:35:13","date_gmt":"2024-12-12T11:35:13","guid":{"rendered":"https:\/\/pearlswholesaler.com\/?post_type=product&#038;p=1477"},"modified":"2024-12-15T07:37:49","modified_gmt":"2024-12-15T07:37:49","slug":"bulk-13-18mm-baroque-pearl-earring","status":"publish","type":"product","link":"https:\/\/www.pearlswholesaler.com\/es\/product\/bulk-13-18mm-baroque-pearl-earring\/","title":{"rendered":"Pendiente de perla de agua dulce baroque de 13*18mm, grado 5A, plata de 925"},"content":{"rendered":"<p>Nuestros pendientes de perlas de agua dulce de grado AAAAA, con su forma \u00fanica y color blanco, estas perlas destacan por su rareza y elegancia. El grado AAAAA es el est\u00e1ndar m\u00e1s alto en la industria de las perlas.<\/p>\n<p><img loading=\"lazy\" decoding=\"async\" class=\"size-full wp-image-1478 aligncenter\" src=\"https:\/\/pearlswholesaler.com\/wp-content\/uploads\/2024\/12\/1318mm-earring-AAAAA-fresh-water-pearlwhite-2.webp\" alt=\"Perla de calidad AAAAA, Pendiente de perla barroca de agua dulce de 13*18mm, Plata de 925\" width=\"995\" height=\"855\" title=\"\" srcset=\"https:\/\/www.pearlswholesaler.com\/wp-content\/uploads\/2024\/12\/1318mm-earring-AAAAA-fresh-water-pearlwhite-2.webp 995w, https:\/\/www.pearlswholesaler.com\/wp-content\/uploads\/2024\/12\/1318mm-earring-AAAAA-fresh-water-pearlwhite-2-300x258.webp 300w, https:\/\/www.pearlswholesaler.com\/wp-content\/uploads\/2024\/12\/1318mm-earring-AAAAA-fresh-water-pearlwhite-2-768x660.webp 768w, https:\/\/www.pearlswholesaler.com\/wp-content\/uploads\/2024\/12\/1318mm-earring-AAAAA-fresh-water-pearlwhite-2-600x516.webp 600w\" sizes=\"auto, (max-width: 995px) 100vw, 995px\" \/><\/p>\n<p>Elaborados con un engaste de plata 925 y adornados con n\u00e1car, estos pendientes combinan lo mejor de ambos mundos: el brillo de las perlas y el resplandor iridiscente del n\u00e1car.<\/p>\n<p>La plata 925 garantiza durabilidad y un ajuste c\u00f3modo, mientras que el n\u00e1car a\u00f1ade un toque de sofisticaci\u00f3n y un juego de luces \u00fanico que hace que cada pieza sea verdaderamente \u00fanica.<\/p>\n<p>Son adecuados para una variedad de ocasiones, desde el uso diario hasta eventos especiales, y seguramente ser\u00e1n un \u00e9xito entre su clientela exigente.<\/p>\n<p>Cont\u00e1ctenos para pedidos al por mayor.<\/p>\n<ul>\n<li>Embalaje: Bolsa de polietileno\/Estuche de joyer\u00eda\/Caja de joyer\u00eda<\/li>\n<li>Tiempo de entrega: 3-10 d\u00edas h\u00e1biles<\/li>\n<li>Env\u00edo: DHL\/Fedex\/UPS\/EMS<\/li>\n<li>Condiciones de pago: Transferencia bancaria, Paypal, Western Union, Alipay, TT;<\/li>\n<li>Condiciones de pago: EXW, FOB Shanghai; El comprador es responsable de los gastos de env\u00edo<\/li>\n<\/ul>","protected":false},"excerpt":{"rendered":"<ul>\n<li><strong>Calidad de la perla<\/strong>: Grado AAAAA<\/li>\n<li><strong>Tama\u00f1o de la perla<\/strong>: 13*18mm<\/li>\n<li><strong>Forma de la perla<\/strong>: Barroco<\/li>\n<li><strong>Color de la perla<\/strong>: Blanco<\/li>\n<li><strong>Material<\/strong>\uff1a<span style=\"font-family: var(--global-body-font-family);\">Perlas de agua dulce, plata de 925, n\u00e1car<\/span><\/li>\n<\/ul>","protected":false},"featured_media":1478,"template":"","meta":{"_kad_blocks_custom_css":"","_kad_blocks_head_custom_js":"","_kad_blocks_body_custom_js":"","_kad_blocks_footer_custom_js":"","_kadence_starter_templates_imported_post":false,"_kad_post_transparent":"default","_kad_post_title":"","_kad_post_layout":"default","_kad_post_sidebar_id":"","_kad_post_content_style":"default","_kad_post_vertical_padding":"default","_kad_post_feature":"","_kad_post_feature_position":"","_kad_post_header":false,"_kad_post_footer":false,"_kad_post_classname":"","jetpack_publicize_message":"","jetpack_publicize_feature_enabled":true,"jetpack_social_post_already_shared":false,"jetpack_social_options":{"image_generator_settings":{"template":"highway","default_image_id":0,"font":"","enabled":false},"version":2}},"product_brand":[],"product_cat":[63],"product_tag":[],"class_list":{"0":"post-1477","1":"product","2":"type-product","3":"status-publish","4":"has-post-thumbnail","6":"product_cat-pearl-earrings","7":"pa_pearl-color-white-pearl","8":"pa_pearl-shape-baroque-pearl","9":"pa_pearl-size-13mm","10":"pa_pearl-size-18mm","11":"pa_pearl-type-freshwater-pearl","13":"first","14":"instock","15":"shipping-taxable","16":"product-type-simple","17":"entry","18":"content-bg","19":"loop-entry"},"jetpack_publicize_connections":[],"taxonomy_info":{"product_cat":[{"value":63,"label":"Pearl Earring"}],"pa_pearl-color":[{"value":66,"label":"White Pearl"}],"pa_pearl-shape":[{"value":75,"label":"Baroque Pearl"}],"pa_pearl-size":[{"value":80,"label":"13mm"},{"value":81,"label":"18mm"}],"pa_pearl-type":[{"value":69,"label":"Freshwater Pearl"}]},"featured_image_src_large":["https:\/\/www.pearlswholesaler.com\/wp-content\/uploads\/2024\/12\/1318mm-earring-AAAAA-fresh-water-pearlwhite-2.webp",995,855,false],"author_info":[],"comment_info":"","_links":{"self":[{"href":"https:\/\/www.pearlswholesaler.com\/es\/wp-json\/wp\/v2\/product\/1477","targetHints":{"allow":["GET"]}}],"collection":[{"href":"https:\/\/www.pearlswholesaler.com\/es\/wp-json\/wp\/v2\/product"}],"about":[{"href":"https:\/\/www.pearlswholesaler.com\/es\/wp-json\/wp\/v2\/types\/product"}],"wp:featuredmedia":[{"embeddable":true,"href":"https:\/\/www.pearlswholesaler.com\/es\/wp-json\/wp\/v2\/media\/1478"}],"wp:attachment":[{"href":"https:\/\/www.pearlswholesaler.com\/es\/wp-json\/wp\/v2\/media?parent=1477"}],"wp:term":[{"taxonomy":"product_brand","embeddable":true,"href":"https:\/\/www.pearlswholesaler.com\/es\/wp-json\/wp\/v2\/product_brand?post=1477"},{"taxonomy":"product_cat","embeddable":true,"href":"https:\/\/www.pearlswholesaler.com\/es\/wp-json\/wp\/v2\/product_cat?post=1477"},{"taxonomy":"product_tag","embeddable":true,"href":"https:\/\/www.pearlswholesaler.com\/es\/wp-json\/wp\/v2\/product_tag?post=1477"}],"curies":[{"name":"wp","href":"https:\/\/api.w.org\/{rel}","templated":true}]}}