{"id":1470,"date":"2024-12-12T07:18:27","date_gmt":"2024-12-12T07:18:27","guid":{"rendered":"https:\/\/pearlswholesaler.com\/?post_type=product&#038;p=1470"},"modified":"2026-01-31T08:16:00","modified_gmt":"2026-01-31T08:16:00","slug":"aaa-7-8mm-white-pearl-ring-silver-gold","status":"publish","type":"product","link":"https:\/\/www.pearlswholesaler.com\/es\/product\/aaa-7-8mm-white-pearl-ring-silver-gold\/","title":{"rendered":"Anillo de perla de agua dulce blanca de 7-8mm, grado AAA, plata 925\/oro de 18K"},"content":{"rendered":"<p>Presentamos nuestro anillo de perla de agua dulce de grado AAA, elaborado con perlas en forma de pan de 5-6mm que ofrecen una apariencia \u00fanica y elegante. Estas perlas, con su color blanco y lustre natural, est\u00e1n montadas en monturas de plata 925 o oro de 18K, proporcionando durabilidad y un acabado lujoso. La combinaci\u00f3n de perlas de agua dulce de alta calidad y materiales premium garantiza un producto que destaca en el mercado.<\/p>\n<p><img loading=\"lazy\" decoding=\"async\" class=\"size-full wp-image-1472 aligncenter\" src=\"https:\/\/pearlswholesaler.com\/wp-content\/uploads\/2024\/12\/7-8mm-ring-AAA-fresh-water-pearl-white.webp\" alt=\"Anillo de perla de agua dulce blanca de 7-8mm, calidad AAA, plata 925\/oro de 18K\" width=\"1080\" height=\"1440\" title=\"\" srcset=\"https:\/\/www.pearlswholesaler.com\/wp-content\/uploads\/2024\/12\/7-8mm-ring-AAA-fresh-water-pearl-white.webp 1080w, https:\/\/www.pearlswholesaler.com\/wp-content\/uploads\/2024\/12\/7-8mm-ring-AAA-fresh-water-pearl-white-225x300.webp 225w, https:\/\/www.pearlswholesaler.com\/wp-content\/uploads\/2024\/12\/7-8mm-ring-AAA-fresh-water-pearl-white-768x1024.webp 768w, https:\/\/www.pearlswholesaler.com\/wp-content\/uploads\/2024\/12\/7-8mm-ring-AAA-fresh-water-pearl-white-600x800.webp 600w\" sizes=\"auto, (max-width: 1080px) 100vw, 1080px\" \/><\/p>\n<p>Nuestros anillos est\u00e1n dise\u00f1ados para quienes aprecian la belleza sutil de las perlas con un toque diferente, ya que la forma de pan a\u00f1ade car\u00e1cter sin comprometer el atractivo cl\u00e1sico. El grado AAA significa un buen equilibrio de lustre y calidad de superficie, haciendo que estas perlas sean una opci\u00f3n popular para minoristas y clientes por igual.<\/p>\n<p>Disponibles en varias monturas, nuestros anillos de perlas son perfectos para una amplia gama de clientes, desde quienes buscan uso diario hasta piezas para ocasiones especiales. La montura de plata 925 ofrece una opci\u00f3n hipoalerg\u00e9nica y resistente a la oxidaci\u00f3n, mientras que la montura de oro de 18K a\u00f1ade un toque de lujo y sofisticaci\u00f3n.<\/p>\n<p>Este producto es una excelente opci\u00f3n para negocios que buscan stock de joyer\u00eda de perlas de alta calidad, elegante y asequible. Es una pieza ideal para clientes que valoran la belleza natural de las perlas combinada con la fuerza y elegancia de la plata o el oro. Este anillo est\u00e1 listo para convertirse en uno de los favoritos de su clientela exigente.<\/p>\n<ul>\n<li>Embalaje: Bolsa de polietileno\/Estuche de joyer\u00eda\/Caja de joyer\u00eda<\/li>\n<li>Tiempo de entrega: 3-10 d\u00edas h\u00e1biles<\/li>\n<li>Env\u00edo: DHL\/Fedex\/UPS\/EMS<\/li>\n<li>Condiciones de pago: Transferencia bancaria, Paypal, Western Union, Alipay, TT;<\/li>\n<li>Condiciones de pago: EXW, FOB Shanghai; El comprador es responsable de los gastos de env\u00edo<\/li>\n<\/ul>","protected":false},"excerpt":{"rendered":"<ul>\n<li><strong>Calidad de la perla<\/strong>: grado AAA<\/li>\n<li><strong>Tama\u00f1o de la perla<\/strong>: 5-6mm<\/li>\n<li><strong>Forma de la perla<\/strong>: Forma de pan<\/li>\n<li><strong>Color de la perla<\/strong>: Blanco<\/li>\n<li><strong>Material<\/strong>\uff1aMontura de plata 925\/montura de oro de 18K, perlas de agua dulce<\/li>\n<\/ul>","protected":false},"featured_media":1472,"template":"","meta":{"_kad_blocks_custom_css":"","_kad_blocks_head_custom_js":"","_kad_blocks_body_custom_js":"","_kad_blocks_footer_custom_js":"","_kadence_starter_templates_imported_post":false,"_kad_post_transparent":"default","_kad_post_title":"","_kad_post_layout":"default","_kad_post_sidebar_id":"","_kad_post_content_style":"default","_kad_post_vertical_padding":"default","_kad_post_feature":"","_kad_post_feature_position":"","_kad_post_header":false,"_kad_post_footer":false,"_kad_post_classname":"","jetpack_publicize_message":"","jetpack_publicize_feature_enabled":true,"jetpack_social_post_already_shared":false,"jetpack_social_options":{"image_generator_settings":{"template":"highway","default_image_id":0,"font":"","enabled":false},"version":2}},"product_brand":[],"product_cat":[61],"product_tag":[141],"class_list":{"0":"post-1470","1":"product","2":"type-product","3":"status-publish","4":"has-post-thumbnail","6":"product_cat-pearl-rings","7":"product_tag-silver-pearl-rings","8":"pa_pearl-color-white-pearl","9":"pa_pearl-shape-button-pearl","10":"pa_pearl-size-7mm","11":"pa_pearl-size-8mm","12":"pa_pearl-type-freshwater-pearl","14":"first","15":"instock","16":"shipping-taxable","17":"product-type-simple","18":"entry","19":"content-bg","20":"loop-entry"},"jetpack_publicize_connections":[],"taxonomy_info":{"product_cat":[{"value":61,"label":"Pearl Ring"}],"product_tag":[{"value":141,"label":"silver pearl rings"}],"pa_pearl-color":[{"value":66,"label":"White Pearl"}],"pa_pearl-shape":[{"value":93,"label":"Button pearl"}],"pa_pearl-size":[{"value":70,"label":"7mm"},{"value":71,"label":"8mm"}],"pa_pearl-type":[{"value":69,"label":"Freshwater Pearl"}]},"featured_image_src_large":["https:\/\/www.pearlswholesaler.com\/wp-content\/uploads\/2024\/12\/7-8mm-ring-AAA-fresh-water-pearl-white-768x1024.webp",768,1024,true],"author_info":[],"comment_info":"","_links":{"self":[{"href":"https:\/\/www.pearlswholesaler.com\/es\/wp-json\/wp\/v2\/product\/1470","targetHints":{"allow":["GET"]}}],"collection":[{"href":"https:\/\/www.pearlswholesaler.com\/es\/wp-json\/wp\/v2\/product"}],"about":[{"href":"https:\/\/www.pearlswholesaler.com\/es\/wp-json\/wp\/v2\/types\/product"}],"wp:featuredmedia":[{"embeddable":true,"href":"https:\/\/www.pearlswholesaler.com\/es\/wp-json\/wp\/v2\/media\/1472"}],"wp:attachment":[{"href":"https:\/\/www.pearlswholesaler.com\/es\/wp-json\/wp\/v2\/media?parent=1470"}],"wp:term":[{"taxonomy":"product_brand","embeddable":true,"href":"https:\/\/www.pearlswholesaler.com\/es\/wp-json\/wp\/v2\/product_brand?post=1470"},{"taxonomy":"product_cat","embeddable":true,"href":"https:\/\/www.pearlswholesaler.com\/es\/wp-json\/wp\/v2\/product_cat?post=1470"},{"taxonomy":"product_tag","embeddable":true,"href":"https:\/\/www.pearlswholesaler.com\/es\/wp-json\/wp\/v2\/product_tag?post=1470"}],"curies":[{"name":"wp","href":"https:\/\/api.w.org\/{rel}","templated":true}]}}