{"id":1468,"date":"2024-12-12T08:32:25","date_gmt":"2024-12-12T08:32:25","guid":{"rendered":"https:\/\/pearlswholesaler.com\/?post_type=product&#038;p=1468"},"modified":"2024-12-12T08:33:01","modified_gmt":"2024-12-12T08:33:01","slug":"bulk-6-7mm-white-round-freshwater-pearl-ring","status":"publish","type":"product","link":"https:\/\/www.pearlswholesaler.com\/es\/product\/bulk-6-7mm-white-round-freshwater-pearl-ring\/","title":{"rendered":"Anillo de perla redonda blanca de agua dulce de 6-7mm, grado AAAA, engaste de cobre"},"content":{"rendered":"<p>ANILLOS DE PERLAS DE AGUA DULCE DE GRADO AAAA DE 6-7MM: Una excelente opci\u00f3n para clientes mayoristas que buscan obtener perlas de la mejor calidad. La perla de este anillo es una perla blanca de forma redonda de 6-7 mm, que crea un aspecto cl\u00e1sico y sofisticado que, en realidad, es perfecto para cualquier ocasi\u00f3n. Todas las perlas son de grado AAAA, con un brillo superior, y seleccionadas a mano individualmente con m\u00ednimas imperfecciones en la superficie.<\/p>\n<p><img loading=\"lazy\" decoding=\"async\" class=\"size-full wp-image-1469 aligncenter\" src=\"https:\/\/pearlswholesaler.com\/wp-content\/uploads\/2024\/12\/6-7mm-ring-AAAA-fresh-water-pearlwhite-2.webp\" alt=\"Anillo de perla de agua dulce blanca de 6-7mm de calidad AAAA, oro de 18K\" width=\"1080\" height=\"1042\" title=\"\" srcset=\"https:\/\/www.pearlswholesaler.com\/wp-content\/uploads\/2024\/12\/6-7mm-ring-AAAA-fresh-water-pearlwhite-2.webp 1080w, https:\/\/www.pearlswholesaler.com\/wp-content\/uploads\/2024\/12\/6-7mm-ring-AAAA-fresh-water-pearlwhite-2-300x289.webp 300w, https:\/\/www.pearlswholesaler.com\/wp-content\/uploads\/2024\/12\/6-7mm-ring-AAAA-fresh-water-pearlwhite-2-1024x988.webp 1024w, https:\/\/www.pearlswholesaler.com\/wp-content\/uploads\/2024\/12\/6-7mm-ring-AAAA-fresh-water-pearlwhite-2-768x741.webp 768w, https:\/\/www.pearlswholesaler.com\/wp-content\/uploads\/2024\/12\/6-7mm-ring-AAAA-fresh-water-pearlwhite-2-600x579.webp 600w\" sizes=\"auto, (max-width: 1080px) 100vw, 1080px\" \/><\/p>\n<p>Fabricado con un engaste de cobre, el anillo est\u00e1 dise\u00f1ado para sujetar la perla de forma segura mientras proporciona una experiencia de uso duradera. Cuenta con un excelente servicio al cliente y el material de cobre utilizado es hipoalerg\u00e9nico y de precio econ\u00f3mico para ofrecer lo mejor por el precio.<\/p>\n<ul>\n<li>Embalaje: Bolsa de polietileno\/Estuche de joyer\u00eda\/Caja de joyer\u00eda<\/li>\n<li>Tiempo de entrega: 2-7 d\u00edas laborables<\/li>\n<li>Env\u00edo: DHL\/Fedex\/UPS\/EMS<\/li>\n<li>Condiciones de pago: Transferencia bancaria, Paypal, Western Union, Alipay, TT;<\/li>\n<li>Condiciones de pago: EXW, FOB Shanghai; El comprador es responsable de los gastos de env\u00edo<\/li>\n<\/ul>","protected":false},"excerpt":{"rendered":"<ul>\n<li><strong>Calidad de la perla<\/strong>: grado AAAA<\/li>\n<li><strong>Tama\u00f1o de la perla<\/strong>: 6-7mm<\/li>\n<li><strong>Forma de la perla<\/strong>: Redonda<\/li>\n<li><strong>Color de la perla<\/strong>: Blanco<\/li>\n<li><strong>Material<\/strong>\uff1aPerlas de agua dulce, engaste de cobre<\/li>\n<\/ul>","protected":false},"featured_media":1469,"template":"","meta":{"_kad_blocks_custom_css":"","_kad_blocks_head_custom_js":"","_kad_blocks_body_custom_js":"","_kad_blocks_footer_custom_js":"","_kadence_starter_templates_imported_post":false,"_kad_post_transparent":"default","_kad_post_title":"","_kad_post_layout":"default","_kad_post_sidebar_id":"","_kad_post_content_style":"default","_kad_post_vertical_padding":"default","_kad_post_feature":"","_kad_post_feature_position":"","_kad_post_header":false,"_kad_post_footer":false,"_kad_post_classname":"","jetpack_publicize_message":"","jetpack_publicize_feature_enabled":true,"jetpack_social_post_already_shared":false,"jetpack_social_options":{"image_generator_settings":{"template":"highway","default_image_id":0,"font":"","enabled":false},"version":2}},"product_brand":[],"product_cat":[61],"product_tag":[],"class_list":{"0":"post-1468","1":"product","2":"type-product","3":"status-publish","4":"has-post-thumbnail","6":"product_cat-pearl-rings","7":"pa_pearl-color-white-pearl","8":"pa_pearl-shape-round-pearl","9":"pa_pearl-size-6mm","10":"pa_pearl-size-7mm","11":"pa_pearl-type-freshwater-pearl","13":"first","14":"instock","15":"shipping-taxable","16":"product-type-simple","17":"entry","18":"content-bg","19":"loop-entry"},"jetpack_publicize_connections":[],"taxonomy_info":{"product_cat":[{"value":61,"label":"Pearl Ring"}],"pa_pearl-color":[{"value":66,"label":"White Pearl"}],"pa_pearl-shape":[{"value":68,"label":"Round Pearl"}],"pa_pearl-size":[{"value":77,"label":"6mm"},{"value":70,"label":"7mm"}],"pa_pearl-type":[{"value":69,"label":"Freshwater Pearl"}]},"featured_image_src_large":["https:\/\/www.pearlswholesaler.com\/wp-content\/uploads\/2024\/12\/6-7mm-ring-AAAA-fresh-water-pearlwhite-2-1024x988.webp",1024,988,true],"author_info":[],"comment_info":"","_links":{"self":[{"href":"https:\/\/www.pearlswholesaler.com\/es\/wp-json\/wp\/v2\/product\/1468","targetHints":{"allow":["GET"]}}],"collection":[{"href":"https:\/\/www.pearlswholesaler.com\/es\/wp-json\/wp\/v2\/product"}],"about":[{"href":"https:\/\/www.pearlswholesaler.com\/es\/wp-json\/wp\/v2\/types\/product"}],"wp:featuredmedia":[{"embeddable":true,"href":"https:\/\/www.pearlswholesaler.com\/es\/wp-json\/wp\/v2\/media\/1469"}],"wp:attachment":[{"href":"https:\/\/www.pearlswholesaler.com\/es\/wp-json\/wp\/v2\/media?parent=1468"}],"wp:term":[{"taxonomy":"product_brand","embeddable":true,"href":"https:\/\/www.pearlswholesaler.com\/es\/wp-json\/wp\/v2\/product_brand?post=1468"},{"taxonomy":"product_cat","embeddable":true,"href":"https:\/\/www.pearlswholesaler.com\/es\/wp-json\/wp\/v2\/product_cat?post=1468"},{"taxonomy":"product_tag","embeddable":true,"href":"https:\/\/www.pearlswholesaler.com\/es\/wp-json\/wp\/v2\/product_tag?post=1468"}],"curies":[{"name":"wp","href":"https:\/\/api.w.org\/{rel}","templated":true}]}}