{"id":1462,"date":"2024-12-12T00:16:33","date_gmt":"2024-12-12T00:16:33","guid":{"rendered":"https:\/\/pearlswholesaler.com\/?post_type=product&#038;p=1462"},"modified":"2026-01-31T08:14:56","modified_gmt":"2026-01-31T08:14:56","slug":"bulk-aaaa-10-11mm-purple-orange-pearl-ring","status":"publish","type":"product","link":"https:\/\/www.pearlswholesaler.com\/es\/product\/bulk-aaaa-10-11mm-purple-orange-pearl-ring\/","title":{"rendered":"Anillo de perla de agua dulce p\u00farpura\/naranja de 10-11MM, grado AAAA, engaste de oro de 18K \/ plata de 925"},"content":{"rendered":"<p>Echa un vistazo a nuestro hermoso Anillo de Perlas, que tiene perlas de agua dulce de 10\u201311 mm hermosas. Estas perlas no son cualquier perla vieja; son de grado AAAA y tienen hermosos colores p\u00farpura y naranja. Elegimos cada perla perfectamente redonda con cuidado porque queremos asegurarnos de que sea de la m\u00e1s alta calidad. Esto lo convierte en una adici\u00f3n verdaderamente lujosa a cualquier colecci\u00f3n de joyas.<\/p>\n<p><img loading=\"lazy\" decoding=\"async\" class=\"size-full wp-image-1463 aligncenter\" src=\"https:\/\/pearlswholesaler.com\/wp-content\/uploads\/2024\/12\/10-11MM-AAAA-China-fresh-water-pearlpurpleorange.webp\" alt=\"Anillo de perla de agua dulce de calidad AAAA de 10-11MM p\u00farpura\/naranja, plata 925\" width=\"1000\" height=\"1000\" title=\"\" srcset=\"https:\/\/www.pearlswholesaler.com\/wp-content\/uploads\/2024\/12\/10-11MM-AAAA-China-fresh-water-pearlpurpleorange.webp 1000w, https:\/\/www.pearlswholesaler.com\/wp-content\/uploads\/2024\/12\/10-11MM-AAAA-China-fresh-water-pearlpurpleorange-300x300.webp 300w, https:\/\/www.pearlswholesaler.com\/wp-content\/uploads\/2024\/12\/10-11MM-AAAA-China-fresh-water-pearlpurpleorange-150x150.webp 150w, https:\/\/www.pearlswholesaler.com\/wp-content\/uploads\/2024\/12\/10-11MM-AAAA-China-fresh-water-pearlpurpleorange-768x768.webp 768w, https:\/\/www.pearlswholesaler.com\/wp-content\/uploads\/2024\/12\/10-11MM-AAAA-China-fresh-water-pearlpurpleorange-600x600.webp 600w, https:\/\/www.pearlswholesaler.com\/wp-content\/uploads\/2024\/12\/10-11MM-AAAA-China-fresh-water-pearlpurpleorange-100x100.webp 100w\" sizes=\"auto, (max-width: 1000px) 100vw, 1000px\" \/><\/p>\n<p>Puedes elegir entre oro de 18K y plata de 925 para el engaste del anillo, que est\u00e1 muy bien hecho. En cualquier caso, obtienes un aspecto cl\u00e1sico y elegante que combina con todo.<\/p>\n<p>Este anillo de perlas es m\u00e1s que solo joyer\u00eda; es una pieza de declaraci\u00f3n, llena de estilo y gracia. Si eres mayorista, esto es perfecto para ofrecer a tus clientes algo verdaderamente \u00fanico y de alta calidad. Es ideal para ocasiones especiales, pero tambi\u00e9n encantador para el uso diario. Eleva tu inventario con este impresionante anillo que encarna belleza y excelente artesan\u00eda.<\/p>\n<p>Para clientes mayoristas que buscan ofrecer los mejores productos a sus clientes, nuestras pulseras son una opci\u00f3n ideal, con precios competitivos para asegurar que tu negocio prospere.<\/p>\n<p>Cont\u00e1ctanos ahora para obtener precios al por mayor.<\/p>\n<ul>\n<li>Embalaje: Bolsa de polietileno\/Estuche de joyer\u00eda\/Caja de joyer\u00eda<\/li>\n<li>Tiempo de entrega: 3-10 d\u00edas h\u00e1biles<\/li>\n<li>Env\u00edo: DHL\/Fedex\/UPS\/EMS<\/li>\n<li>Condiciones de pago: Transferencia bancaria, Paypal, Western Union, Alipay, TT;<\/li>\n<li>Condiciones de pago: EXW, FOB Shanghai; El comprador es responsable de los gastos de env\u00edo<\/li>\n<\/ul>","protected":false},"excerpt":{"rendered":"<ul>\n<li><strong>Calidad de la perla<\/strong>: grado AAAA<\/li>\n<li><strong>Tama\u00f1o de la perla<\/strong>: 10-11mm<\/li>\n<li><strong>Forma de la perla<\/strong>: Redonda<\/li>\n<li><strong>Color de la perla<\/strong>: p\u00farpura\/naranja<\/li>\n<li><strong>Engaste<\/strong>: Engaste de oro de 18K \/ plata de 925<\/li>\n<\/ul>","protected":false},"featured_media":1463,"template":"","meta":{"_kad_blocks_custom_css":"","_kad_blocks_head_custom_js":"","_kad_blocks_body_custom_js":"","_kad_blocks_footer_custom_js":"","_kadence_starter_templates_imported_post":false,"_kad_post_transparent":"default","_kad_post_title":"","_kad_post_layout":"default","_kad_post_sidebar_id":"","_kad_post_content_style":"default","_kad_post_vertical_padding":"default","_kad_post_feature":"","_kad_post_feature_position":"","_kad_post_header":false,"_kad_post_footer":false,"_kad_post_classname":"","jetpack_publicize_message":"","jetpack_publicize_feature_enabled":true,"jetpack_social_post_already_shared":false,"jetpack_social_options":{"image_generator_settings":{"template":"highway","default_image_id":0,"font":"","enabled":false},"version":2}},"product_brand":[],"product_cat":[61],"product_tag":[141],"class_list":{"0":"post-1462","1":"product","2":"type-product","3":"status-publish","4":"has-post-thumbnail","6":"product_cat-pearl-rings","7":"product_tag-silver-pearl-rings","8":"pa_pearl-color-natural-orange","9":"pa_pearl-color-natural-purple","10":"pa_pearl-shape-round-pearl","11":"pa_pearl-size-10mm","12":"pa_pearl-size-11mm","13":"pa_pearl-type-freshwater-pearl","15":"first","16":"instock","17":"shipping-taxable","18":"product-type-simple","19":"entry","20":"content-bg","21":"loop-entry"},"jetpack_publicize_connections":[],"taxonomy_info":{"product_cat":[{"value":61,"label":"Pearl Ring"}],"product_tag":[{"value":141,"label":"silver pearl rings"}],"pa_pearl-color":[{"value":95,"label":"Natural orange"},{"value":88,"label":"Natural purple"}],"pa_pearl-shape":[{"value":68,"label":"Round Pearl"}],"pa_pearl-size":[{"value":79,"label":"10mm"},{"value":82,"label":"11mm"}],"pa_pearl-type":[{"value":69,"label":"Freshwater Pearl"}]},"featured_image_src_large":["https:\/\/www.pearlswholesaler.com\/wp-content\/uploads\/2024\/12\/10-11MM-AAAA-China-fresh-water-pearlpurpleorange.webp",1000,1000,false],"author_info":[],"comment_info":"","_links":{"self":[{"href":"https:\/\/www.pearlswholesaler.com\/es\/wp-json\/wp\/v2\/product\/1462","targetHints":{"allow":["GET"]}}],"collection":[{"href":"https:\/\/www.pearlswholesaler.com\/es\/wp-json\/wp\/v2\/product"}],"about":[{"href":"https:\/\/www.pearlswholesaler.com\/es\/wp-json\/wp\/v2\/types\/product"}],"wp:featuredmedia":[{"embeddable":true,"href":"https:\/\/www.pearlswholesaler.com\/es\/wp-json\/wp\/v2\/media\/1463"}],"wp:attachment":[{"href":"https:\/\/www.pearlswholesaler.com\/es\/wp-json\/wp\/v2\/media?parent=1462"}],"wp:term":[{"taxonomy":"product_brand","embeddable":true,"href":"https:\/\/www.pearlswholesaler.com\/es\/wp-json\/wp\/v2\/product_brand?post=1462"},{"taxonomy":"product_cat","embeddable":true,"href":"https:\/\/www.pearlswholesaler.com\/es\/wp-json\/wp\/v2\/product_cat?post=1462"},{"taxonomy":"product_tag","embeddable":true,"href":"https:\/\/www.pearlswholesaler.com\/es\/wp-json\/wp\/v2\/product_tag?post=1462"}],"curies":[{"name":"wp","href":"https:\/\/api.w.org\/{rel}","templated":true}]}}