{"id":1445,"date":"2024-12-08T04:07:13","date_gmt":"2024-12-08T04:07:13","guid":{"rendered":"https:\/\/pearlswholesaler.com\/?post_type=product&#038;p=1445"},"modified":"2026-01-31T08:14:12","modified_gmt":"2026-01-31T08:14:12","slug":"6-7mm-white-pearl-ring-in-925-silver","status":"publish","type":"product","link":"https:\/\/www.pearlswholesaler.com\/es\/product\/6-7mm-white-pearl-ring-in-925-silver\/","title":{"rendered":"Anillo de perlas de agua dulce de forma bot\u00f3n blanca de 6-7mm, grado AAA, plata 925"},"content":{"rendered":"<p>Anillo de perla de agua dulce blanca, perla de 6-7 mm. Este anillo hecho con perla AAA es redondo y de superficie lisa, pero no tan costoso. Para quienes desean calidad pero no demasiadas imperfecciones, una perla de grado AAA tiene un brillo espec\u00edfico adem\u00e1s de casi ninguna.<\/p>\n<p><img loading=\"lazy\" decoding=\"async\" class=\"size-full wp-image-1446 aligncenter\" src=\"https:\/\/www.pearlswholesaler.com\/wp-content\/uploads\/2024\/12\/6-7mm-ring-AAA-China-fresh-water-pearlwhite.webp\" alt=\"Anillo de perla de agua dulce blanca de 6-7mm de calidad AAAA, plata 925\" width=\"1000\" height=\"1000\" title=\"\" srcset=\"https:\/\/www.pearlswholesaler.com\/wp-content\/uploads\/2024\/12\/6-7mm-ring-AAA-China-fresh-water-pearlwhite.webp 1000w, https:\/\/www.pearlswholesaler.com\/wp-content\/uploads\/2024\/12\/6-7mm-ring-AAA-China-fresh-water-pearlwhite-300x300.webp 300w, https:\/\/www.pearlswholesaler.com\/wp-content\/uploads\/2024\/12\/6-7mm-ring-AAA-China-fresh-water-pearlwhite-150x150.webp 150w, https:\/\/www.pearlswholesaler.com\/wp-content\/uploads\/2024\/12\/6-7mm-ring-AAA-China-fresh-water-pearlwhite-768x768.webp 768w, https:\/\/www.pearlswholesaler.com\/wp-content\/uploads\/2024\/12\/6-7mm-ring-AAA-China-fresh-water-pearlwhite-600x600.webp 600w, https:\/\/www.pearlswholesaler.com\/wp-content\/uploads\/2024\/12\/6-7mm-ring-AAA-China-fresh-water-pearlwhite-100x100.webp 100w\" sizes=\"auto, (max-width: 1000px) 100vw, 1000px\" \/><\/p>\n<p>Con su aspecto vintage, este anillo de perla elaborado en plata 925, el dise\u00f1o cl\u00e1sico ofrece durabilidad y un brillo brillante. Es una pieza vers\u00e1til que combina con diferentes estilos y puede funcionar en m\u00faltiples entornos minoristas, desde boutiques de alta gama hasta moda diaria de alta costura.<\/p>\n<p>Precios competitivos al por mayor, por lo que es una excelente compra para compras en grandes cantidades de este anillo. Perfecto para cualquier colecci\u00f3n de joyas, satisface la necesidad de joyer\u00eda de perlas que ofrece valor a un precio asequible.<\/p>\n<ul>\n<li>Embalaje: Bolsa de polietileno\/Estuche de joyer\u00eda\/Caja de joyer\u00eda<\/li>\n<li>Tiempo de entrega: 3-10 d\u00edas h\u00e1biles<\/li>\n<li>Env\u00edo: DHL\/Fedex\/UPS\/EMS<\/li>\n<li>Condiciones de pago: Transferencia bancaria, Paypal, Western Union, Alipay, TT;<\/li>\n<li>Condiciones de pago: EXW, FOB Shanghai; El comprador es responsable de los gastos de env\u00edo<\/li>\n<\/ul>","protected":false},"excerpt":{"rendered":"<ul>\n<li><strong>Calidad de la perla<\/strong>: grado AAA<\/li>\n<li><strong>Tama\u00f1o de la perla<\/strong>: 6-7mm<\/li>\n<li><strong>Forma de la perla<\/strong>: Forma de pan<\/li>\n<li><strong>Color de la perla<\/strong>: Blanco<\/li>\n<\/ul>","protected":false},"featured_media":1446,"template":"","meta":{"_kad_blocks_custom_css":"","_kad_blocks_head_custom_js":"","_kad_blocks_body_custom_js":"","_kad_blocks_footer_custom_js":"","_kadence_starter_templates_imported_post":false,"_kad_post_transparent":"default","_kad_post_title":"","_kad_post_layout":"default","_kad_post_sidebar_id":"","_kad_post_content_style":"default","_kad_post_vertical_padding":"default","_kad_post_feature":"","_kad_post_feature_position":"","_kad_post_header":false,"_kad_post_footer":false,"_kad_post_classname":"","jetpack_publicize_message":"","jetpack_publicize_feature_enabled":true,"jetpack_social_post_already_shared":false,"jetpack_social_options":{"image_generator_settings":{"template":"highway","default_image_id":0,"font":"","enabled":false},"version":2}},"product_brand":[],"product_cat":[61],"product_tag":[126,141,110],"class_list":{"0":"post-1445","1":"product","2":"type-product","3":"status-publish","4":"has-post-thumbnail","6":"product_cat-pearl-rings","7":"product_tag-button-pearl-ring","8":"product_tag-silver-pearl-rings","9":"product_tag-white-pearl-ring","10":"pa_pearl-color-white-pearl","11":"pa_pearl-shape-button-pearl","12":"pa_pearl-size-6mm","13":"pa_pearl-size-7mm","14":"pa_pearl-type-freshwater-pearl","16":"first","17":"instock","18":"shipping-taxable","19":"product-type-simple","20":"entry","21":"content-bg","22":"loop-entry"},"jetpack_publicize_connections":[],"taxonomy_info":{"product_cat":[{"value":61,"label":"Pearl Ring"}],"product_tag":[{"value":126,"label":"button pearl ring"},{"value":141,"label":"silver pearl rings"},{"value":110,"label":"white pearl ring"}],"pa_pearl-color":[{"value":66,"label":"White Pearl"}],"pa_pearl-shape":[{"value":93,"label":"Button pearl"}],"pa_pearl-size":[{"value":77,"label":"6mm"},{"value":70,"label":"7mm"}],"pa_pearl-type":[{"value":69,"label":"Freshwater Pearl"}]},"featured_image_src_large":["https:\/\/www.pearlswholesaler.com\/wp-content\/uploads\/2024\/12\/6-7mm-ring-AAA-China-fresh-water-pearlwhite.webp",1000,1000,false],"author_info":[],"comment_info":"","_links":{"self":[{"href":"https:\/\/www.pearlswholesaler.com\/es\/wp-json\/wp\/v2\/product\/1445","targetHints":{"allow":["GET"]}}],"collection":[{"href":"https:\/\/www.pearlswholesaler.com\/es\/wp-json\/wp\/v2\/product"}],"about":[{"href":"https:\/\/www.pearlswholesaler.com\/es\/wp-json\/wp\/v2\/types\/product"}],"wp:featuredmedia":[{"embeddable":true,"href":"https:\/\/www.pearlswholesaler.com\/es\/wp-json\/wp\/v2\/media\/1446"}],"wp:attachment":[{"href":"https:\/\/www.pearlswholesaler.com\/es\/wp-json\/wp\/v2\/media?parent=1445"}],"wp:term":[{"taxonomy":"product_brand","embeddable":true,"href":"https:\/\/www.pearlswholesaler.com\/es\/wp-json\/wp\/v2\/product_brand?post=1445"},{"taxonomy":"product_cat","embeddable":true,"href":"https:\/\/www.pearlswholesaler.com\/es\/wp-json\/wp\/v2\/product_cat?post=1445"},{"taxonomy":"product_tag","embeddable":true,"href":"https:\/\/www.pearlswholesaler.com\/es\/wp-json\/wp\/v2\/product_tag?post=1445"}],"curies":[{"name":"wp","href":"https:\/\/api.w.org\/{rel}","templated":true}]}}