{"id":1442,"date":"2024-12-08T03:31:11","date_gmt":"2024-12-08T03:31:11","guid":{"rendered":"https:\/\/pearlswholesaler.com\/?post_type=product&#038;p=1442"},"modified":"2025-08-13T03:48:42","modified_gmt":"2025-08-13T03:48:42","slug":"10mm-white-round-freshwater-pearl-pendant-in-14k-gold","status":"publish","type":"product","link":"https:\/\/www.pearlswholesaler.com\/es\/product\/10mm-white-round-freshwater-pearl-pendant-in-14k-gold\/","title":{"rendered":"Colgante de perla de agua dulce blanca de 10 mm, grado 4A, plata chapada en oro de 14K"},"content":{"rendered":"<p>Una cadena de plata chapada en oro de 14 quilates sostiene este colgante de perla de agua dulce blanca de 10 mm de calidad AAAA. La perla AAAA tiene una superficie impecable, el mejor lustre y la forma redonda ideal. Este colgante de perla de agua dulce blanca de 10 mm combina asequibilidad y dise\u00f1o tradicional. Cada esfera luminosa, que ha sido seleccionada a mano para una verdadera calidad AAAA, tiene una superficie limpia, un lustre similar a un espejo y una silueta perfectamente redonda que capta la luz desde todas las direcciones.<\/p>\n<p>La perla est\u00e1 montada de forma segura en un pasador de plata esterlina chapada en oro de 14 quilates. La combinaci\u00f3n de perla de agua dulce de alta calidad y chapado en metal precioso ofrece a los minoristas un aspecto lujoso que se vende maravillosamente bien, manteniendo m\u00e1rgenes saludables. El stock se env\u00eda en un plazo de siete d\u00edas h\u00e1biles, y se ofrece embalaje en tarjeta o bolsa para programas de marca privada. Ideal para salones de novias, grandes almacenes y joyeros de comercio electr\u00f3nico que buscan un cl\u00e1sico \u00e9xito de ventas que nunca pasa de moda.<\/p>\n<p><img loading=\"lazy\" decoding=\"async\" class=\"size-full wp-image-1443 aligncenter\" src=\"https:\/\/www.pearlswholesaler.com\/wp-content\/uploads\/2024\/12\/WechatIMG237_\u526f\u672c.webp\" alt=\"Colgante de perla de agua dulce blanca redonda de 10mm, calidad AAAA, plata chapada en oro de 14K\" width=\"1000\" height=\"1333\" title=\"\" srcset=\"https:\/\/www.pearlswholesaler.com\/wp-content\/uploads\/2024\/12\/WechatIMG237_\u526f\u672c.webp 1000w, https:\/\/www.pearlswholesaler.com\/wp-content\/uploads\/2024\/12\/WechatIMG237_\u526f\u672c-225x300.webp 225w, https:\/\/www.pearlswholesaler.com\/wp-content\/uploads\/2024\/12\/WechatIMG237_\u526f\u672c-768x1024.webp 768w, https:\/\/www.pearlswholesaler.com\/wp-content\/uploads\/2024\/12\/WechatIMG237_\u526f\u672c-600x800.webp 600w\" sizes=\"auto, (max-width: 1000px) 100vw, 1000px\" \/><\/p>\n<p>Su dise\u00f1o sencillo lo hace vers\u00e1til para diversos entornos minoristas. Ofrecemos precios al por mayor, adem\u00e1s de una variedad de opciones de embalaje para acomodar pedidos en volumen.<\/p>\n<ul>\n<li>Embalaje: Bolsa de polietileno\/Estuche de joyer\u00eda\/Caja de joyer\u00eda<\/li>\n<li>Tiempo de entrega: 3-10 d\u00edas h\u00e1biles<\/li>\n<li>Env\u00edo: DHL\/Fedex\/UPS\/EMS<\/li>\n<li>Condiciones de pago: Transferencia bancaria, Paypal, Western Union, Alipay, TT;<\/li>\n<li>Condiciones de pago: EXW, FOB Shanghai; El comprador es responsable de los gastos de env\u00edo<\/li>\n<\/ul>","protected":false},"excerpt":{"rendered":"<ul>\n<li><strong>Calidad de la perla<\/strong>: grado AAAA<\/li>\n<li><strong>Tama\u00f1o de la perla<\/strong>: 5-6mm<\/li>\n<li><strong>Forma de la perla<\/strong>: Redonda<\/li>\n<li><strong>Color de la perla<\/strong>: Blanco<\/li>\n<li><strong>Material<\/strong>\uff1aPerla de agua dulce, cadena de plata chapada en oro de 14K<\/li>\n<\/ul>","protected":false},"featured_media":1443,"template":"","meta":{"_kad_blocks_custom_css":"","_kad_blocks_head_custom_js":"","_kad_blocks_body_custom_js":"","_kad_blocks_footer_custom_js":"","_kadence_starter_templates_imported_post":false,"_kad_post_transparent":"default","_kad_post_title":"","_kad_post_layout":"default","_kad_post_sidebar_id":"","_kad_post_content_style":"default","_kad_post_vertical_padding":"default","_kad_post_feature":"","_kad_post_feature_position":"","_kad_post_header":false,"_kad_post_footer":false,"_kad_post_classname":"","jetpack_publicize_message":"","jetpack_publicize_feature_enabled":true,"jetpack_social_post_already_shared":false,"jetpack_social_options":{"image_generator_settings":{"template":"highway","default_image_id":0,"font":"","enabled":false},"version":2}},"product_brand":[],"product_cat":[64],"product_tag":[112,113],"class_list":{"0":"post-1442","1":"product","2":"type-product","3":"status-publish","4":"has-post-thumbnail","6":"product_cat-pearl-pendants","7":"product_tag-round-freshwater-pearl-pendant","8":"product_tag-white-freshwater-pearl-pendant","9":"pa_pearl-color-white-pearl","10":"pa_pearl-shape-round-pearl","11":"pa_pearl-size-10mm","12":"pa_pearl-type-freshwater-pearl","14":"first","15":"instock","16":"shipping-taxable","17":"product-type-simple","18":"entry","19":"content-bg","20":"loop-entry"},"jetpack_publicize_connections":[],"taxonomy_info":{"product_cat":[{"value":64,"label":"Pearl Pendant"}],"product_tag":[{"value":112,"label":"round freshwater pearl pendant"},{"value":113,"label":"white freshwater pearl pendant"}],"pa_pearl-color":[{"value":66,"label":"White Pearl"}],"pa_pearl-shape":[{"value":68,"label":"Round Pearl"}],"pa_pearl-size":[{"value":79,"label":"10mm"}],"pa_pearl-type":[{"value":69,"label":"Freshwater Pearl"}]},"featured_image_src_large":["https:\/\/www.pearlswholesaler.com\/wp-content\/uploads\/2024\/12\/WechatIMG237_\u526f\u672c-768x1024.webp",768,1024,true],"author_info":[],"comment_info":"","_links":{"self":[{"href":"https:\/\/www.pearlswholesaler.com\/es\/wp-json\/wp\/v2\/product\/1442","targetHints":{"allow":["GET"]}}],"collection":[{"href":"https:\/\/www.pearlswholesaler.com\/es\/wp-json\/wp\/v2\/product"}],"about":[{"href":"https:\/\/www.pearlswholesaler.com\/es\/wp-json\/wp\/v2\/types\/product"}],"wp:featuredmedia":[{"embeddable":true,"href":"https:\/\/www.pearlswholesaler.com\/es\/wp-json\/wp\/v2\/media\/1443"}],"wp:attachment":[{"href":"https:\/\/www.pearlswholesaler.com\/es\/wp-json\/wp\/v2\/media?parent=1442"}],"wp:term":[{"taxonomy":"product_brand","embeddable":true,"href":"https:\/\/www.pearlswholesaler.com\/es\/wp-json\/wp\/v2\/product_brand?post=1442"},{"taxonomy":"product_cat","embeddable":true,"href":"https:\/\/www.pearlswholesaler.com\/es\/wp-json\/wp\/v2\/product_cat?post=1442"},{"taxonomy":"product_tag","embeddable":true,"href":"https:\/\/www.pearlswholesaler.com\/es\/wp-json\/wp\/v2\/product_tag?post=1442"}],"curies":[{"name":"wp","href":"https:\/\/api.w.org\/{rel}","templated":true}]}}