{"id":1433,"date":"2024-12-08T01:31:18","date_gmt":"2024-12-08T01:31:18","guid":{"rendered":"https:\/\/pearlswholesaler.com\/?post_type=product&#038;p=1433"},"modified":"2024-12-15T12:34:06","modified_gmt":"2024-12-15T12:34:06","slug":"aaaa-10mm-white-round-pearl-pendant-925-silver","status":"publish","type":"product","link":"https:\/\/www.pearlswholesaler.com\/es\/product\/aaaa-10mm-white-round-pearl-pendant-925-silver\/","title":{"rendered":"Colgante de perla de agua dulce blanca redonda de 10 mm, grado AAAA, plata 925"},"content":{"rendered":"<p>Tenemos este exquisito colgante de perla de agua dulce blanca redonda de 10 mm, ideal para la persona exigente. Un colgante bellamente elaborado con una perla de grado AAAA que posee el mejor lustre y la superficie m\u00e1s uniforme, esta perla redonda te recordar\u00e1 la perfecci\u00f3n natural.<\/p>\n<p><img loading=\"lazy\" decoding=\"async\" class=\"size-full wp-image-1434 aligncenter\" src=\"https:\/\/www.pearlswholesaler.com\/wp-content\/uploads\/2024\/12\/WechatIMG238_\u526f\u672c.webp\" alt=\"Colgante de perla de agua dulce blanca redonda de 10mm, calidad AAAA, plata 925\" width=\"1000\" height=\"1333\" title=\"\" srcset=\"https:\/\/www.pearlswholesaler.com\/wp-content\/uploads\/2024\/12\/WechatIMG238_\u526f\u672c.webp 1000w, https:\/\/www.pearlswholesaler.com\/wp-content\/uploads\/2024\/12\/WechatIMG238_\u526f\u672c-225x300.webp 225w, https:\/\/www.pearlswholesaler.com\/wp-content\/uploads\/2024\/12\/WechatIMG238_\u526f\u672c-768x1024.webp 768w, https:\/\/www.pearlswholesaler.com\/wp-content\/uploads\/2024\/12\/WechatIMG238_\u526f\u672c-600x800.webp 600w\" sizes=\"auto, (max-width: 1000px) 100vw, 1000px\" \/><\/p>\n<p>Cuando se combina con una cadena de plata de ley 925, simplemente a\u00f1ade el toque perfecto de lujo mientras garantiza un brillo elegante y duradero. Tenemos este exquisito colgante de perla de agua dulce blanca redonda de 10 mm, ideal para el exigente.<\/p>\n<p>Disfruta de precios al por mayor y empaques flexibles para tus pedidos en volumen.<\/p>\n<ul>\n<li>Embalaje: Bolsa de polietileno\/Estuche de joyer\u00eda\/Caja de joyer\u00eda<\/li>\n<li>Tiempo de entrega: 3-10 d\u00edas h\u00e1biles<\/li>\n<li>Env\u00edo: DHL\/Fedex\/UPS\/EMS<\/li>\n<li>Condiciones de pago: Transferencia bancaria, Paypal, Western Union, Alipay, TT;<\/li>\n<li>Condiciones de pago: EXW, FOB Shanghai; El comprador es responsable de los gastos de env\u00edo<\/li>\n<\/ul>","protected":false},"excerpt":{"rendered":"<ul>\n<li><strong>Calidad de la perla<\/strong>: grado AAAA<\/li>\n<li><strong>Tama\u00f1o de la perla<\/strong>: 10 mm<\/li>\n<li><strong>Forma de la perla<\/strong>: Redonda<\/li>\n<li><strong>Color de la perla<\/strong>: Blanco<\/li>\n<li><strong>Material<\/strong>\uff1aPlata 925, Perla de agua dulce<\/li>\n<\/ul>","protected":false},"featured_media":1434,"template":"","meta":{"_kad_blocks_custom_css":"","_kad_blocks_head_custom_js":"","_kad_blocks_body_custom_js":"","_kad_blocks_footer_custom_js":"","_kadence_starter_templates_imported_post":false,"_kad_post_transparent":"default","_kad_post_title":"","_kad_post_layout":"default","_kad_post_sidebar_id":"","_kad_post_content_style":"default","_kad_post_vertical_padding":"default","_kad_post_feature":"","_kad_post_feature_position":"","_kad_post_header":false,"_kad_post_footer":false,"_kad_post_classname":"","jetpack_publicize_message":"","jetpack_publicize_feature_enabled":true,"jetpack_social_post_already_shared":false,"jetpack_social_options":{"image_generator_settings":{"template":"highway","default_image_id":0,"font":"","enabled":false},"version":2}},"product_brand":[],"product_cat":[64],"product_tag":[],"class_list":{"0":"post-1433","1":"product","2":"type-product","3":"status-publish","4":"has-post-thumbnail","6":"product_cat-pearl-pendants","7":"pa_pearl-color-white-pearl","8":"pa_pearl-shape-round-pearl","9":"pa_pearl-size-10mm","10":"pa_pearl-type-freshwater-pearl","12":"first","13":"instock","14":"shipping-taxable","15":"product-type-simple","16":"entry","17":"content-bg","18":"loop-entry"},"jetpack_publicize_connections":[],"taxonomy_info":{"product_cat":[{"value":64,"label":"Pearl Pendant"}],"pa_pearl-color":[{"value":66,"label":"White Pearl"}],"pa_pearl-shape":[{"value":68,"label":"Round Pearl"}],"pa_pearl-size":[{"value":79,"label":"10mm"}],"pa_pearl-type":[{"value":69,"label":"Freshwater Pearl"}]},"featured_image_src_large":["https:\/\/www.pearlswholesaler.com\/wp-content\/uploads\/2024\/12\/WechatIMG238_\u526f\u672c-768x1024.webp",768,1024,true],"author_info":[],"comment_info":"","_links":{"self":[{"href":"https:\/\/www.pearlswholesaler.com\/es\/wp-json\/wp\/v2\/product\/1433","targetHints":{"allow":["GET"]}}],"collection":[{"href":"https:\/\/www.pearlswholesaler.com\/es\/wp-json\/wp\/v2\/product"}],"about":[{"href":"https:\/\/www.pearlswholesaler.com\/es\/wp-json\/wp\/v2\/types\/product"}],"wp:featuredmedia":[{"embeddable":true,"href":"https:\/\/www.pearlswholesaler.com\/es\/wp-json\/wp\/v2\/media\/1434"}],"wp:attachment":[{"href":"https:\/\/www.pearlswholesaler.com\/es\/wp-json\/wp\/v2\/media?parent=1433"}],"wp:term":[{"taxonomy":"product_brand","embeddable":true,"href":"https:\/\/www.pearlswholesaler.com\/es\/wp-json\/wp\/v2\/product_brand?post=1433"},{"taxonomy":"product_cat","embeddable":true,"href":"https:\/\/www.pearlswholesaler.com\/es\/wp-json\/wp\/v2\/product_cat?post=1433"},{"taxonomy":"product_tag","embeddable":true,"href":"https:\/\/www.pearlswholesaler.com\/es\/wp-json\/wp\/v2\/product_tag?post=1433"}],"curies":[{"name":"wp","href":"https:\/\/api.w.org\/{rel}","templated":true}]}}