{"id":1413,"date":"2024-12-07T07:54:24","date_gmt":"2024-12-07T07:54:24","guid":{"rendered":"https:\/\/pearlswholesaler.com\/?post_type=product&#038;p=1413"},"modified":"2026-03-12T10:33:24","modified_gmt":"2026-03-12T10:33:24","slug":"6-7mm-white-round-pearl-necklace-aaaa","status":"publish","type":"product","link":"https:\/\/www.pearlswholesaler.com\/es\/product\/6-7mm-white-round-pearl-necklace-aaaa\/","title":{"rendered":"Collar de perlas de agua dulce blancas redondas de 6-7 mm, grado AAAA, 16 pulgadas"},"content":{"rendered":"<p>Esta es un collar de perlas de agua dulce blancas redondas de 6-7mm, perlas de grado AAAA seleccionadas, cada perla exuda un brillo inigualable y belleza pura.<\/p>\n<p>Cada perla es cuidadosamente seleccionada para garantizar que tenga forma redonda, superficie suave y casi perfecta, lo cual es la promesa de las perlas de grado AAAA. Con un cierre de plata de ley 925, este collar no solo muestra la belleza natural de la perla, sino que tambi\u00e9n a\u00f1ade firmeza y brillo.<\/p>\n<p><img loading=\"lazy\" decoding=\"async\" class=\"size-full wp-image-1414 aligncenter\" src=\"https:\/\/pearlswholesaler.com\/wp-content\/uploads\/2024\/12\/401729502274_.pic_hd.webp\" alt=\"Collar de perlas de agua dulce blancas redondas de 6-7 mm, grado AAAA, 16 pulgadas\" width=\"1000\" height=\"1000\" title=\"\" srcset=\"https:\/\/www.pearlswholesaler.com\/wp-content\/uploads\/2024\/12\/401729502274_.pic_hd.webp 1000w, https:\/\/www.pearlswholesaler.com\/wp-content\/uploads\/2024\/12\/401729502274_.pic_hd-300x300.webp 300w, https:\/\/www.pearlswholesaler.com\/wp-content\/uploads\/2024\/12\/401729502274_.pic_hd-150x150.webp 150w, https:\/\/www.pearlswholesaler.com\/wp-content\/uploads\/2024\/12\/401729502274_.pic_hd-768x768.webp 768w, https:\/\/www.pearlswholesaler.com\/wp-content\/uploads\/2024\/12\/401729502274_.pic_hd-600x600.webp 600w, https:\/\/www.pearlswholesaler.com\/wp-content\/uploads\/2024\/12\/401729502274_.pic_hd-100x100.webp 100w\" sizes=\"auto, (max-width: 1000px) 100vw, 1000px\" \/><\/p>\n<p>Ya sea para uso diario o para ocasiones especiales, este collar puede resaltar perfectamente tu car\u00e1cter y hacer que irrades elegancia y encanto en cada momento. Ya sea que lo lleves t\u00fa misma o lo regales a familiares y amigos, es una buena elecci\u00f3n.<\/p>\n<ul>\n<li>Embalaje: Bolsa de polietileno\/Estuche de joyer\u00eda\/Caja de joyer\u00eda<\/li>\n<li>Tiempo de entrega: 3-10 d\u00edas h\u00e1biles<\/li>\n<li>Env\u00edo: DHL\/Fedex\/UPS\/EMS<\/li>\n<li>Condiciones de pago: Transferencia bancaria, Paypal, Western Union, Alipay, TT;<\/li>\n<li>Condiciones de pago: EXW, FOB Shanghai; El comprador es responsable de los gastos de env\u00edo<\/li>\n<\/ul>","protected":false},"excerpt":{"rendered":"<ul>\n<li><strong>Calidad de la perla<\/strong>: grado AAAA<\/li>\n<li><strong>Tama\u00f1o de la perla<\/strong>: 6-7mm<\/li>\n<li><strong>Forma de la perla<\/strong>: Redonda<\/li>\n<li><strong>Color de la perla<\/strong>: Blanco<\/li>\n<li><strong>Longitud<\/strong>: 16 pulgadas<\/li>\n<li><strong>Cierre<\/strong>Plata de 925<\/li>\n<\/ul>","protected":false},"featured_media":1414,"template":"","meta":{"_kad_blocks_custom_css":"","_kad_blocks_head_custom_js":"","_kad_blocks_body_custom_js":"","_kad_blocks_footer_custom_js":"","_kadence_starter_templates_imported_post":false,"_kad_post_transparent":"default","_kad_post_title":"","_kad_post_layout":"default","_kad_post_sidebar_id":"","_kad_post_content_style":"default","_kad_post_vertical_padding":"default","_kad_post_feature":"","_kad_post_feature_position":"","_kad_post_header":false,"_kad_post_footer":false,"_kad_post_classname":"","jetpack_publicize_message":"","jetpack_publicize_feature_enabled":true,"jetpack_social_post_already_shared":false,"jetpack_social_options":{"image_generator_settings":{"template":"highway","default_image_id":0,"font":"","enabled":false},"version":2}},"product_brand":[],"product_cat":[25],"product_tag":[134,125,123],"class_list":{"0":"post-1413","1":"product","2":"type-product","3":"status-publish","4":"has-post-thumbnail","6":"product_cat-pearl-necklaces","7":"product_tag-knotted-pearl-necklace","8":"product_tag-round-pearl-necklace","9":"product_tag-white-pearl-necklace","10":"pa_pearl-color-white-pearl","11":"pa_pearl-shape-round-pearl","12":"pa_pearl-size-6mm","13":"pa_pearl-size-7mm","14":"pa_pearl-type-freshwater-pearl","16":"first","17":"instock","18":"shipping-taxable","19":"product-type-simple","20":"entry","21":"content-bg","22":"loop-entry"},"jetpack_publicize_connections":[],"taxonomy_info":{"product_cat":[{"value":25,"label":"Pearl Necklace"}],"product_tag":[{"value":134,"label":"knotted pearl necklace"},{"value":125,"label":"round pearl necklace"},{"value":123,"label":"white pearl necklace"}],"pa_pearl-color":[{"value":66,"label":"White Pearl"}],"pa_pearl-shape":[{"value":68,"label":"Round Pearl"}],"pa_pearl-size":[{"value":77,"label":"6mm"},{"value":70,"label":"7mm"}],"pa_pearl-type":[{"value":69,"label":"Freshwater Pearl"}]},"featured_image_src_large":["https:\/\/www.pearlswholesaler.com\/wp-content\/uploads\/2024\/12\/401729502274_.pic_hd.webp",1000,1000,false],"author_info":[],"comment_info":"","_links":{"self":[{"href":"https:\/\/www.pearlswholesaler.com\/es\/wp-json\/wp\/v2\/product\/1413","targetHints":{"allow":["GET"]}}],"collection":[{"href":"https:\/\/www.pearlswholesaler.com\/es\/wp-json\/wp\/v2\/product"}],"about":[{"href":"https:\/\/www.pearlswholesaler.com\/es\/wp-json\/wp\/v2\/types\/product"}],"wp:featuredmedia":[{"embeddable":true,"href":"https:\/\/www.pearlswholesaler.com\/es\/wp-json\/wp\/v2\/media\/1414"}],"wp:attachment":[{"href":"https:\/\/www.pearlswholesaler.com\/es\/wp-json\/wp\/v2\/media?parent=1413"}],"wp:term":[{"taxonomy":"product_brand","embeddable":true,"href":"https:\/\/www.pearlswholesaler.com\/es\/wp-json\/wp\/v2\/product_brand?post=1413"},{"taxonomy":"product_cat","embeddable":true,"href":"https:\/\/www.pearlswholesaler.com\/es\/wp-json\/wp\/v2\/product_cat?post=1413"},{"taxonomy":"product_tag","embeddable":true,"href":"https:\/\/www.pearlswholesaler.com\/es\/wp-json\/wp\/v2\/product_tag?post=1413"}],"curies":[{"name":"wp","href":"https:\/\/api.w.org\/{rel}","templated":true}]}}