{"id":1360,"date":"2024-12-04T00:53:17","date_gmt":"2024-12-04T00:53:17","guid":{"rendered":"https:\/\/pearlswholesaler.com\/?post_type=product&#038;p=1360"},"modified":"2024-12-15T12:37:29","modified_gmt":"2024-12-15T12:37:29","slug":"9-10mm-baroque-white-freshwater-pearl-strands-5a","status":"publish","type":"product","link":"https:\/\/www.pearlswholesaler.com\/es\/product\/9-10mm-baroque-white-freshwater-pearl-strands-5a\/","title":{"rendered":"Cordones de perlas de agua dulce baroccas blancas de 9-10mm, grado 5A, 16 pulgadas"},"content":{"rendered":"<p>Conoce la belleza natural y el car\u00e1cter de nuestro cord\u00f3n de 16 pulgadas de perlas de agua dulce baroccas blancas de 9-10mm, una colecci\u00f3n de perlas que es encantadora en su forma r\u00fastica. Desde la calidad superior de cada perla - 5A \u2014 un brillo y suavidad como desear\u00edas.<\/p>\n<p><img loading=\"lazy\" decoding=\"async\" class=\"size-full wp-image-1362 aligncenter\" src=\"https:\/\/pearlswholesaler.com\/wp-content\/uploads\/2024\/12\/461729510329_.pic_hd.jpg\" alt=\"Cordones de perlas de agua dulce baroccas blancas de 9-10mm, grado 5A, 16 pulgadas\" width=\"1000\" height=\"1000\" title=\"\" srcset=\"https:\/\/www.pearlswholesaler.com\/wp-content\/uploads\/2024\/12\/461729510329_.pic_hd.jpg 1000w, https:\/\/www.pearlswholesaler.com\/wp-content\/uploads\/2024\/12\/461729510329_.pic_hd-300x300.jpg 300w, https:\/\/www.pearlswholesaler.com\/wp-content\/uploads\/2024\/12\/461729510329_.pic_hd-150x150.jpg 150w, https:\/\/www.pearlswholesaler.com\/wp-content\/uploads\/2024\/12\/461729510329_.pic_hd-768x768.jpg 768w, https:\/\/www.pearlswholesaler.com\/wp-content\/uploads\/2024\/12\/461729510329_.pic_hd-600x600.jpg 600w, https:\/\/www.pearlswholesaler.com\/wp-content\/uploads\/2024\/12\/461729510329_.pic_hd-100x100.jpg 100w\" sizes=\"auto, (max-width: 1000px) 100vw, 1000px\" \/><\/p>\n<p>El aspecto natural y barocco de estas perlas tiene una est\u00e9tica muy diferente no solo de las formas redondas ubiquas de sus contrapartes convencionales con perforaci\u00f3n en la cuerda. Ya sea por su grado 5A, en el que cada perla ha sido seleccionada a mano por su belleza individual y acabado de superficie casi perfecto, realmente indica que esto es una obra de arte.<\/p>\n<p>Dise\u00f1ado para quienes gustan de una pieza cl\u00e1sica pero contempor\u00e1nea, este solo cord\u00f3n de perlas puede usarse por s\u00ed solo para un look muy sencillo o en capas para a\u00f1adir mayor profundidad. Es perfecto para cualquier evento formal, elevando la clase imperial de tu atuendo. Tiene una longitud perfecta (16 pulgadas) que se ajustar\u00e1 bien alrededor del cuello y ser\u00e1 una pieza atemporal para cualquier colecci\u00f3n de joyas.<\/p>\n<ul>\n<li>Embalaje: Bolsa de polietileno\/Estuche de joyer\u00eda\/Caja de joyer\u00eda<\/li>\n<li>Tiempo de entrega: 3-10 d\u00edas h\u00e1biles<\/li>\n<li>Env\u00edo: DHL\/Fedex\/UPS\/EMS<\/li>\n<li>Condiciones de pago: Transferencia bancaria, Paypal, Western Union, Alipay, TT;<\/li>\n<li>Condiciones de pago: EXW, FOB Shanghai; El comprador es responsable de los gastos de env\u00edo<\/li>\n<\/ul>","protected":false},"excerpt":{"rendered":"<ul>\n<li><strong>Calidad de la perla<\/strong>: grado 5A<\/li>\n<li><strong>Tama\u00f1o de la perla<\/strong>: 9-10mm<\/li>\n<li><strong>Forma de la perla<\/strong>: Barroco<\/li>\n<li><strong>Color de la perla<\/strong>: Blanco<\/li>\n<li><strong>Longitud<\/strong>: 16 pulgadas<\/li>\n<li><strong>Cierre<\/strong>\uff1a<\/li>\n<\/ul>","protected":false},"featured_media":1361,"template":"","meta":{"_kad_blocks_custom_css":"","_kad_blocks_head_custom_js":"","_kad_blocks_body_custom_js":"","_kad_blocks_footer_custom_js":"","_kadence_starter_templates_imported_post":false,"_kad_post_transparent":"default","_kad_post_title":"","_kad_post_layout":"default","_kad_post_sidebar_id":"","_kad_post_content_style":"default","_kad_post_vertical_padding":"default","_kad_post_feature":"","_kad_post_feature_position":"","_kad_post_header":false,"_kad_post_footer":false,"_kad_post_classname":"","jetpack_publicize_message":"","jetpack_publicize_feature_enabled":true,"jetpack_social_post_already_shared":false,"jetpack_social_options":{"image_generator_settings":{"template":"highway","default_image_id":0,"font":"","enabled":false},"version":2}},"product_brand":[],"product_cat":[15],"product_tag":[],"class_list":{"0":"post-1360","1":"product","2":"type-product","3":"status-publish","4":"has-post-thumbnail","6":"product_cat-pearl-strands","7":"pa_pearl-color-white-pearl","8":"pa_pearl-shape-baroque-pearl","9":"pa_pearl-size-10mm","10":"pa_pearl-size-9mm","11":"pa_pearl-type-freshwater-pearl","13":"first","14":"instock","15":"shipping-taxable","16":"product-type-simple","17":"entry","18":"content-bg","19":"loop-entry"},"jetpack_publicize_connections":[],"taxonomy_info":{"product_cat":[{"value":15,"label":"Pearl Strand"}],"pa_pearl-color":[{"value":66,"label":"White Pearl"}],"pa_pearl-shape":[{"value":75,"label":"Baroque Pearl"}],"pa_pearl-size":[{"value":79,"label":"10mm"},{"value":78,"label":"9mm"}],"pa_pearl-type":[{"value":69,"label":"Freshwater Pearl"}]},"featured_image_src_large":["https:\/\/www.pearlswholesaler.com\/wp-content\/uploads\/2024\/12\/451729510328_.pic_hd-1.jpg",1000,1000,false],"author_info":[],"comment_info":"","_links":{"self":[{"href":"https:\/\/www.pearlswholesaler.com\/es\/wp-json\/wp\/v2\/product\/1360","targetHints":{"allow":["GET"]}}],"collection":[{"href":"https:\/\/www.pearlswholesaler.com\/es\/wp-json\/wp\/v2\/product"}],"about":[{"href":"https:\/\/www.pearlswholesaler.com\/es\/wp-json\/wp\/v2\/types\/product"}],"wp:featuredmedia":[{"embeddable":true,"href":"https:\/\/www.pearlswholesaler.com\/es\/wp-json\/wp\/v2\/media\/1361"}],"wp:attachment":[{"href":"https:\/\/www.pearlswholesaler.com\/es\/wp-json\/wp\/v2\/media?parent=1360"}],"wp:term":[{"taxonomy":"product_brand","embeddable":true,"href":"https:\/\/www.pearlswholesaler.com\/es\/wp-json\/wp\/v2\/product_brand?post=1360"},{"taxonomy":"product_cat","embeddable":true,"href":"https:\/\/www.pearlswholesaler.com\/es\/wp-json\/wp\/v2\/product_cat?post=1360"},{"taxonomy":"product_tag","embeddable":true,"href":"https:\/\/www.pearlswholesaler.com\/es\/wp-json\/wp\/v2\/product_tag?post=1360"}],"curies":[{"name":"wp","href":"https:\/\/api.w.org\/{rel}","templated":true}]}}