{"id":1352,"date":"2024-12-03T23:53:10","date_gmt":"2024-12-03T23:53:10","guid":{"rendered":"https:\/\/pearlswholesaler.com\/?post_type=product&#038;p=1352"},"modified":"2025-07-27T12:33:16","modified_gmt":"2025-07-27T12:33:16","slug":"6-7mm-white-rice-shaped-freshwater-pearl-strands-a-grade","status":"publish","type":"product","link":"https:\/\/www.pearlswholesaler.com\/es\/product\/6-7mm-white-rice-shaped-freshwater-pearl-strands-a-grade\/","title":{"rendered":"Collares de perlas de agua dulce de arroz blanco de 6-7mm, grado A, 16 pulgadas"},"content":{"rendered":"<p>Este maravilloso hilo de perlas de agua dulce de 16 pulgadas es un ejemplo perfecto de pura elegancia cl\u00e1sica. Un hermoso hilo est\u00e9ticamente de perlas blancas de calidad A, en forma de arroz de 6-7 mm, que es un cl\u00e1sico atemporal para a\u00f1adir a tu colecci\u00f3n.<\/p>\n<p><img loading=\"lazy\" decoding=\"async\" class=\"size-full wp-image-1354 aligncenter\" src=\"https:\/\/pearlswholesaler.com\/wp-content\/uploads\/2024\/12\/391729501981_.pic_hd.jpg\" alt=\"Collares de perlas de agua dulce de arroz blanco de 6-7mm, calidad A, 16 pulgadas\" width=\"1000\" height=\"1000\" title=\"\" srcset=\"https:\/\/www.pearlswholesaler.com\/wp-content\/uploads\/2024\/12\/391729501981_.pic_hd.jpg 1000w, https:\/\/www.pearlswholesaler.com\/wp-content\/uploads\/2024\/12\/391729501981_.pic_hd-300x300.jpg 300w, https:\/\/www.pearlswholesaler.com\/wp-content\/uploads\/2024\/12\/391729501981_.pic_hd-150x150.jpg 150w, https:\/\/www.pearlswholesaler.com\/wp-content\/uploads\/2024\/12\/391729501981_.pic_hd-768x768.jpg 768w, https:\/\/www.pearlswholesaler.com\/wp-content\/uploads\/2024\/12\/391729501981_.pic_hd-600x600.jpg 600w, https:\/\/www.pearlswholesaler.com\/wp-content\/uploads\/2024\/12\/391729501981_.pic_hd-100x100.jpg 100w\" sizes=\"auto, (max-width: 1000px) 100vw, 1000px\" \/><\/p>\n<p><span id=\"input-sentence~0\">Con un estilo sin esfuerzo y a un precio para ventas en volumen, estos hilos de 16 pulgadas muestran perlas de agua dulce blancas de 6-7 mm en una forma de arroz elegante.<\/span><span id=\"input-sentence~1\"> Cada perla de grado A tiene un tono marfil consistente y un suave orient, y est\u00e1n anudadas en seda resistente para un ajuste seguro y un ca\u00edda suave. La textura org\u00e1nica a\u00f1adida por la silueta ligeramente irregular es atractiva tanto para capas diarias como para novias contempor\u00e1neas.<\/span><\/p>\n<p><span id=\"input-sentence~2\">Perfecto para tiendas de novias, joyer\u00edas en internet y boutiques que buscan un cl\u00e1sico de movimiento r\u00e1pido y a un precio razonable que combina bien con todo, desde vestidos de noche hasta jeans.<\/span><\/p>\n<p>Origen de la perla: Lugar donde se obtienen perlas de China<\/p>\n<p>Instrucciones de cuidado: Incluya perlas para limpiar y mantener su brillo.<\/p>\n<ul>\n<li>Embalaje: Bolsa de polietileno\/Estuche de joyer\u00eda\/Caja de joyer\u00eda<\/li>\n<li>Tiempo de entrega: 3-10 d\u00edas h\u00e1biles<\/li>\n<li>Env\u00edo: DHL\/Fedex\/UPS\/EMS<\/li>\n<li>Condiciones de pago: Transferencia bancaria, Paypal, Western Union, Alipay, TT;<\/li>\n<li>Condiciones de pago: EXW, FOB Shangh\u00e1i;<\/li>\n<\/ul>","protected":false},"excerpt":{"rendered":"<ul>\n<li><strong>Calidad de la perla<\/strong>: Grado A<\/li>\n<li><strong>Tama\u00f1o de la perla<\/strong>: 6-7mm<\/li>\n<li><strong>Forma de la perla<\/strong>: Forma de arroz<\/li>\n<li><strong>Color de la perla<\/strong>: Blanco<\/li>\n<li><strong>Longitud<\/strong>: 16 pulgadas<\/li>\n<li><strong>Cierre<\/strong>\uff1aSin cierre<\/li>\n<\/ul>","protected":false},"featured_media":1353,"template":"","meta":{"_kad_blocks_custom_css":"","_kad_blocks_head_custom_js":"","_kad_blocks_body_custom_js":"","_kad_blocks_footer_custom_js":"","_kadence_starter_templates_imported_post":false,"_kad_post_transparent":"default","_kad_post_title":"","_kad_post_layout":"default","_kad_post_sidebar_id":"","_kad_post_content_style":"default","_kad_post_vertical_padding":"default","_kad_post_feature":"","_kad_post_feature_position":"","_kad_post_header":false,"_kad_post_footer":false,"_kad_post_classname":"","jetpack_publicize_message":"","jetpack_publicize_feature_enabled":true,"jetpack_social_post_already_shared":false,"jetpack_social_options":{"image_generator_settings":{"template":"highway","default_image_id":0,"font":"","enabled":false},"version":2}},"product_brand":[],"product_cat":[15],"product_tag":[118,127,119],"class_list":{"0":"post-1352","1":"product","2":"type-product","3":"status-publish","4":"has-post-thumbnail","6":"product_cat-pearl-strands","7":"product_tag-a-pearl","8":"product_tag-rice-pearl-strands","9":"product_tag-white-pearl-strands","10":"pa_pearl-color-white-pearl","11":"pa_pearl-shape-rice-pearl","12":"pa_pearl-size-6mm","13":"pa_pearl-size-7mm","14":"pa_pearl-type-freshwater-pearl","16":"first","17":"instock","18":"shipping-taxable","19":"product-type-simple","20":"entry","21":"content-bg","22":"loop-entry"},"jetpack_publicize_connections":[],"taxonomy_info":{"product_cat":[{"value":15,"label":"Pearl Strand"}],"product_tag":[{"value":118,"label":"A pearl"},{"value":127,"label":"rice pearl strands"},{"value":119,"label":"white pearl strands"}],"pa_pearl-color":[{"value":66,"label":"White Pearl"}],"pa_pearl-shape":[{"value":76,"label":"Rice pearl"}],"pa_pearl-size":[{"value":77,"label":"6mm"},{"value":70,"label":"7mm"}],"pa_pearl-type":[{"value":69,"label":"Freshwater Pearl"}]},"featured_image_src_large":["https:\/\/www.pearlswholesaler.com\/wp-content\/uploads\/2024\/12\/381729501979_.pic_hd-576x1024.jpg",576,1024,true],"author_info":[],"comment_info":"","_links":{"self":[{"href":"https:\/\/www.pearlswholesaler.com\/es\/wp-json\/wp\/v2\/product\/1352","targetHints":{"allow":["GET"]}}],"collection":[{"href":"https:\/\/www.pearlswholesaler.com\/es\/wp-json\/wp\/v2\/product"}],"about":[{"href":"https:\/\/www.pearlswholesaler.com\/es\/wp-json\/wp\/v2\/types\/product"}],"wp:featuredmedia":[{"embeddable":true,"href":"https:\/\/www.pearlswholesaler.com\/es\/wp-json\/wp\/v2\/media\/1353"}],"wp:attachment":[{"href":"https:\/\/www.pearlswholesaler.com\/es\/wp-json\/wp\/v2\/media?parent=1352"}],"wp:term":[{"taxonomy":"product_brand","embeddable":true,"href":"https:\/\/www.pearlswholesaler.com\/es\/wp-json\/wp\/v2\/product_brand?post=1352"},{"taxonomy":"product_cat","embeddable":true,"href":"https:\/\/www.pearlswholesaler.com\/es\/wp-json\/wp\/v2\/product_cat?post=1352"},{"taxonomy":"product_tag","embeddable":true,"href":"https:\/\/www.pearlswholesaler.com\/es\/wp-json\/wp\/v2\/product_tag?post=1352"}],"curies":[{"name":"wp","href":"https:\/\/api.w.org\/{rel}","templated":true}]}}