{"id":1346,"date":"2024-12-03T23:36:39","date_gmt":"2024-12-03T23:36:39","guid":{"rendered":"https:\/\/pearlswholesaler.com\/?post_type=product&#038;p=1346"},"modified":"2025-07-27T09:17:21","modified_gmt":"2025-07-27T09:17:21","slug":"4-4-5mm-baroque-white-freshwater-pearl-strands-5a","status":"publish","type":"product","link":"https:\/\/www.pearlswholesaler.com\/es\/product\/4-4-5mm-baroque-white-freshwater-pearl-strands-5a\/","title":{"rendered":"Cord\u00f3n de perlas de agua dulce baroccas blancas de 4-4.5mm, grado 5A, 16 pulgadas"},"content":{"rendered":"<p>In\u00edciese en el encanto m\u00edstico de nuestras perlas de agua dulce blancas barrocas de 16 pulgadas con hilos de 4-4.5 mm. Cada perla est\u00e1 certificada como 5A por un brillo impresionante y una superficie casi perfecta que brilla de manera agradable a la vista. Tener perlas barrocas en forma org\u00e1nica e irregular en lugar de perlas tradicionales es como a\u00f1adir una dosis de encanto que no se puede encontrar en ning\u00fan otro lugar.<\/p>\n<p><img loading=\"lazy\" decoding=\"async\" class=\"size-full wp-image-1348 aligncenter\" src=\"https:\/\/pearlswholesaler.com\/wp-content\/uploads\/2024\/12\/301729501518_.pic_hd.jpg\" alt=\"Cord\u00f3n de perlas de agua dulce baroccas blancas de 4-4.5mm, calidad 5A, 16 pulgadas\" width=\"1000\" height=\"1000\" title=\"\" srcset=\"https:\/\/www.pearlswholesaler.com\/wp-content\/uploads\/2024\/12\/301729501518_.pic_hd.jpg 1000w, https:\/\/www.pearlswholesaler.com\/wp-content\/uploads\/2024\/12\/301729501518_.pic_hd-300x300.jpg 300w, https:\/\/www.pearlswholesaler.com\/wp-content\/uploads\/2024\/12\/301729501518_.pic_hd-150x150.jpg 150w, https:\/\/www.pearlswholesaler.com\/wp-content\/uploads\/2024\/12\/301729501518_.pic_hd-768x768.jpg 768w, https:\/\/www.pearlswholesaler.com\/wp-content\/uploads\/2024\/12\/301729501518_.pic_hd-600x600.jpg 600w, https:\/\/www.pearlswholesaler.com\/wp-content\/uploads\/2024\/12\/301729501518_.pic_hd-100x100.jpg 100w\" sizes=\"auto, (max-width: 1000px) 100vw, 1000px\" \/><\/p>\n<p>Hilo ideal para resaltar realmente la curva natural de la perla, bueno para la belleza natural y la forma individual, ya que ninguna perla es exactamente igual a otra. La longitud de 16 pulgadas lo hace f\u00e1cilmente adaptable para un solo hilo moderno, o ensartarlas de manera irregular para un aspecto audaz. Perfecto para cualquier ocasi\u00f3n o para a\u00f1adir un toque de individualidad a tu maquillaje diario, desde el cl\u00e1sico de alta costura, con un hilo de perlas barrocas.<\/p>\n<ul>\n<li>Embalaje: Bolsa de polietileno\/Estuche de joyer\u00eda\/Caja de joyer\u00eda<\/li>\n<li>Tiempo de entrega: 3-10 d\u00edas h\u00e1biles<\/li>\n<li>Env\u00edo: DHL\/Fedex\/UPS\/EMS<\/li>\n<li>Condiciones de pago: Transferencia bancaria, Paypal, Western Union, Alipay, TT;<\/li>\n<li>Condiciones de pago: EXW, FOB Shanghai; El comprador es responsable de los gastos de env\u00edo<\/li>\n<\/ul>","protected":false},"excerpt":{"rendered":"<ul>\n<li><strong>Calidad de la perla<\/strong>: grado 5A<\/li>\n<li><strong>Tama\u00f1o de la perla<\/strong>: 4-4.5mm<\/li>\n<li><strong>Forma de la perla<\/strong>: Barroco<\/li>\n<li><strong>Color de la perla<\/strong>: Blanco<\/li>\n<li><strong>Longitud<\/strong>: 16 pulgadas<\/li>\n<li><strong>Cierre<\/strong>\uff1aExcluir<\/li>\n<\/ul>","protected":false},"featured_media":1347,"template":"","meta":{"_kad_blocks_custom_css":"","_kad_blocks_head_custom_js":"","_kad_blocks_body_custom_js":"","_kad_blocks_footer_custom_js":"","_kadence_starter_templates_imported_post":false,"_kad_post_transparent":"default","_kad_post_title":"","_kad_post_layout":"default","_kad_post_sidebar_id":"","_kad_post_content_style":"default","_kad_post_vertical_padding":"default","_kad_post_feature":"","_kad_post_feature_position":"","_kad_post_header":false,"_kad_post_footer":false,"_kad_post_classname":"","jetpack_publicize_message":"","jetpack_publicize_feature_enabled":true,"jetpack_social_post_already_shared":false,"jetpack_social_options":{"image_generator_settings":{"template":"highway","default_image_id":0,"font":"","enabled":false},"version":2}},"product_brand":[],"product_cat":[15],"product_tag":[124,119],"class_list":{"0":"post-1346","1":"product","2":"type-product","3":"status-publish","4":"has-post-thumbnail","6":"product_cat-pearl-strands","7":"product_tag-baroque-pearl-strands","8":"product_tag-white-pearl-strands","9":"pa_pearl-color-white-pearl","10":"pa_pearl-shape-baroque-pearl","11":"pa_pearl-size-4mm","12":"pa_pearl-type-freshwater-pearl","14":"first","15":"instock","16":"shipping-taxable","17":"product-type-simple","18":"entry","19":"content-bg","20":"loop-entry"},"jetpack_publicize_connections":[],"taxonomy_info":{"product_cat":[{"value":15,"label":"Pearl Strand"}],"product_tag":[{"value":124,"label":"baroque pearl strands"},{"value":119,"label":"white pearl strands"}],"pa_pearl-color":[{"value":66,"label":"White Pearl"}],"pa_pearl-shape":[{"value":75,"label":"Baroque Pearl"}],"pa_pearl-size":[{"value":73,"label":"4mm"}],"pa_pearl-type":[{"value":69,"label":"Freshwater Pearl"}]},"featured_image_src_large":["https:\/\/www.pearlswholesaler.com\/wp-content\/uploads\/2024\/12\/291729501516_.pic_hd.jpg",1000,1000,false],"author_info":[],"comment_info":"","_links":{"self":[{"href":"https:\/\/www.pearlswholesaler.com\/es\/wp-json\/wp\/v2\/product\/1346","targetHints":{"allow":["GET"]}}],"collection":[{"href":"https:\/\/www.pearlswholesaler.com\/es\/wp-json\/wp\/v2\/product"}],"about":[{"href":"https:\/\/www.pearlswholesaler.com\/es\/wp-json\/wp\/v2\/types\/product"}],"wp:featuredmedia":[{"embeddable":true,"href":"https:\/\/www.pearlswholesaler.com\/es\/wp-json\/wp\/v2\/media\/1347"}],"wp:attachment":[{"href":"https:\/\/www.pearlswholesaler.com\/es\/wp-json\/wp\/v2\/media?parent=1346"}],"wp:term":[{"taxonomy":"product_brand","embeddable":true,"href":"https:\/\/www.pearlswholesaler.com\/es\/wp-json\/wp\/v2\/product_brand?post=1346"},{"taxonomy":"product_cat","embeddable":true,"href":"https:\/\/www.pearlswholesaler.com\/es\/wp-json\/wp\/v2\/product_cat?post=1346"},{"taxonomy":"product_tag","embeddable":true,"href":"https:\/\/www.pearlswholesaler.com\/es\/wp-json\/wp\/v2\/product_tag?post=1346"}],"curies":[{"name":"wp","href":"https:\/\/api.w.org\/{rel}","templated":true}]}}